{"id":1068,"date":"2024-02-01T14:48:19","date_gmt":"2024-02-01T14:48:19","guid":{"rendered":"https:\/\/blsgruppe.com\/?page_id=1068"},"modified":"2024-02-01T15:05:39","modified_gmt":"2024-02-01T15:05:39","slug":"gtsp","status":"publish","type":"page","link":"https:\/\/blsgruppe.com\/?page_id=1068","title":{"rendered":"GTSP Granular Triple Super Phosphate"},"content":{"rendered":"\n<h1 class=\"wp-block-heading\">GTSP Granular Triple Super Phosphate<\/h1>\n\n\n\n<p>Sie m\u00f6chten GTSP D\u00fcngemittel kaufen? Gerne unterbreiten wir Ihnen ein Angebot zu besten Preisen auf Ihre Anfrage.<\/p>\n\n\n\n<p><strong><a href=\"https:\/\/blsgruppe.de\/kontakt\/\">Kontakt<\/a><\/strong><\/p>\n\n\n\n<hr class=\"wp-block-separator has-alpha-channel-opacity\"\/>\n\n\n\n<p>Granulated Superphosphate (GSSP) and Granulated Triple Superphosphate (GTSP):<br>GSSP and GTSP are phosphorus-containing fertilizers produced through the processing of raw phosphate. They are rich in soluble phosphorus and presented in granulated form. Phosphorus is essential for many processes in plants, including energy transfer, cell division, and root development. GSSP and GTSP are commonly applied to soils with low phosphorus content to enhance nutrient availability.<\/p>\n\n\n\n<hr class=\"wp-block-separator has-alpha-channel-opacity\"\/>\n\n\n\n<p>Superphosphate granul\u00e9 (GSSP) et tripelsuperphosphate granul\u00e9 (GTSP) :<br>Le GSSP et le GTSP sont des engrais contenant du phosphore, produits par le traitement du phosphate brut. Ils sont riches en phosphore soluble et se pr\u00e9sentent sous forme granul\u00e9e. Le phosphore est essentiel \u00e0 de nombreux processus chez les plantes, notamment le transfert d\u2019\u00e9nergie, la division cellulaire et le d\u00e9veloppement des racines. Le GSSP et le GTSP sont couramment appliqu\u00e9s sur les sols \u00e0 faible teneur en phosphore pour am\u00e9liorer la disponibilit\u00e9 des nutriments.<\/p>\n\n\n\n<hr class=\"wp-block-separator has-alpha-channel-opacity\"\/>\n\n\n\n<p>Superfosfato granulado (GSSP) y triple superfosfato granulado (GTSP):<br>El GSSP y el GTSP son fertilizantes que contienen f\u00f3sforo, producidos mediante el procesamiento de fosfato crudo. Son ricos en f\u00f3sforo soluble y se presentan en forma granulada. El f\u00f3sforo es esencial para muchos procesos en las plantas, incluida la transferencia de energ\u00eda, la divisi\u00f3n celular y el desarrollo de ra\u00edces. El GSSP y el GTSP se aplican com\u00fanmente en suelos con bajo contenido de f\u00f3sforo para mejorar la disponibilidad de nutrientes.<\/p>\n\n\n\n<hr class=\"wp-block-separator has-alpha-channel-opacity\"\/>\n\n\n\n<p>\u0413\u0440\u0430\u043d\u0443\u043b\u0438\u0440\u043e\u0432\u0430\u043d\u043d\u044b\u0439 \u0441\u0443\u043f\u0435\u0440\u0444\u043e\u0441\u0444\u0430\u0442 (GSSP) \u0438 \u0433\u0440\u0430\u043d\u0443\u043b\u0438\u0440\u043e\u0432\u0430\u043d\u043d\u044b\u0439 \u0442\u0440\u043e\u0439\u043d\u043e\u0439 \u0441\u0443\u043f\u0435\u0440\u0444\u043e\u0441\u0444\u0430\u0442 (GTSP):<br>GSSP \u0438 GTSP \u2013 \u044d\u0442\u043e \u0444\u043e\u0441\u0444\u043e\u0440\u0441\u043e\u0434\u0435\u0440\u0436\u0430\u0449\u0438\u0435 \u0443\u0434\u043e\u0431\u0440\u0435\u043d\u0438\u044f, \u043f\u0440\u043e\u0438\u0437\u0432\u043e\u0434\u0438\u043c\u044b\u0435 \u043f\u0443\u0442\u0435\u043c \u043e\u0431\u0440\u0430\u0431\u043e\u0442\u043a\u0438 \u0441\u044b\u0440\u043e\u0439 \u0444\u043e\u0441\u0444\u0430\u0442\u044b. \u041e\u043d\u0438 \u0431\u043e\u0433\u0430\u0442\u044b \u0432 \u0440\u0430\u0441\u0442\u0432\u043e\u0440\u0438\u043c\u043e\u043c \u0444\u043e\u0441\u0444\u043e\u0440\u0435 \u0438 \u043f\u0440\u0435\u0434\u0441\u0442\u0430\u0432\u043b\u0435\u043d\u044b \u0432 \u0433\u0440\u0430\u043d\u0443\u043b\u0438\u0440\u043e\u0432\u0430\u043d\u043d\u043e\u0439 \u0444\u043e\u0440\u043c\u0435. \u0424\u043e\u0441\u0444\u043e\u0440 \u043d\u0435\u043e\u0431\u0445\u043e\u0434\u0438\u043c \u0434\u043b\u044f \u043c\u043d\u043e\u0433\u0438\u0445 \u043f\u0440\u043e\u0446\u0435\u0441\u0441\u043e\u0432 \u0432 \u0440\u0430\u0441\u0442\u0435\u043d\u0438\u044f\u0445, \u0432\u043a\u043b\u044e\u0447\u0430\u044f \u043f\u0435\u0440\u0435\u0434\u0430\u0447\u0443 \u044d\u043d\u0435\u0440\u0433\u0438\u0438, \u0434\u0435\u043b\u0435\u043d\u0438\u0435 \u043a\u043b\u0435\u0442\u043e\u043a \u0438 \u0440\u0430\u0437\u0432\u0438\u0442\u0438\u0435 \u043a\u043e\u0440\u043d\u0435\u0439. GSSP \u0438 GTSP \u0447\u0430\u0441\u0442\u043e \u0438\u0441\u043f\u043e\u043b\u044c\u0437\u0443\u044e\u0442\u0441\u044f \u043d\u0430 \u043f\u043e\u0447\u0432\u0430\u0445 \u0441 \u043d\u0438\u0437\u043a\u0438\u043c \u0441\u043e\u0434\u0435\u0440\u0436\u0430\u043d\u0438\u0435\u043c \u0444\u043e\u0441\u0444\u043e\u0440\u0430 \u0434\u043b\u044f \u0443\u0432\u0435\u043b\u0438\u0447\u0435\u043d\u0438\u044f \u0434\u043e\u0441\u0442\u0443\u043f\u043d\u043e\u0441\u0442\u0438 \u043f\u0438\u0442\u0430\u0442\u0435\u043b\u044c\u043d\u044b\u0445 \u0432\u0435\u0449\u0435\u0441\u0442\u0432.<\/p>\n","protected":false},"excerpt":{"rendered":"<p>GTSP Granular Triple Super Phosphate Sie m\u00f6chten GTSP D\u00fcngemittel kaufen? Gerne unterbreiten wir Ihnen ein Angebot zu besten Preisen auf Ihre Anfrage. Kontakt Granulated Superphosphate (GSSP) and Granulated Triple Superphosphate (GTSP):GSSP and GTSP are phosphorus-containing fertilizers produced through the processing of raw phosphate. They are rich in soluble phosphorus and presented in granulated form. Phosphorus &hellip; <\/p>\n<p class=\"link-more\"><a href=\"https:\/\/blsgruppe.com\/?page_id=1068\" class=\"more-link\"><span class=\"screen-reader-text\">\u201eGTSP Granular Triple Super Phosphate\u201c<\/span> weiterlesen<\/a><\/p>\n","protected":false},"author":1,"featured_media":0,"parent":0,"menu_order":0,"comment_status":"closed","ping_status":"closed","template":"","meta":{"footnotes":""},"class_list":["post-1068","page","type-page","status-publish","hentry"],"_links":{"self":[{"href":"https:\/\/blsgruppe.com\/index.php?rest_route=\/wp\/v2\/pages\/1068","targetHints":{"allow":["GET"]}}],"collection":[{"href":"https:\/\/blsgruppe.com\/index.php?rest_route=\/wp\/v2\/pages"}],"about":[{"href":"https:\/\/blsgruppe.com\/index.php?rest_route=\/wp\/v2\/types\/page"}],"author":[{"embeddable":true,"href":"https:\/\/blsgruppe.com\/index.php?rest_route=\/wp\/v2\/users\/1"}],"replies":[{"embeddable":true,"href":"https:\/\/blsgruppe.com\/index.php?rest_route=%2Fwp%2Fv2%2Fcomments&post=1068"}],"version-history":[{"count":2,"href":"https:\/\/blsgruppe.com\/index.php?rest_route=\/wp\/v2\/pages\/1068\/revisions"}],"predecessor-version":[{"id":1123,"href":"https:\/\/blsgruppe.com\/index.php?rest_route=\/wp\/v2\/pages\/1068\/revisions\/1123"}],"wp:attachment":[{"href":"https:\/\/blsgruppe.com\/index.php?rest_route=%2Fwp%2Fv2%2Fmedia&parent=1068"}],"curies":[{"name":"wp","href":"https:\/\/api.w.org\/{rel}","templated":true}]}}