{"id":1071,"date":"2024-02-01T14:48:19","date_gmt":"2024-02-01T14:48:19","guid":{"rendered":"https:\/\/blsgruppe.com\/?page_id=1071"},"modified":"2024-02-01T15:08:11","modified_gmt":"2024-02-01T15:08:11","slug":"urea-harnstoff-46","status":"publish","type":"page","link":"https:\/\/blsgruppe.com\/?page_id=1071","title":{"rendered":"UREA Harnstoff 46"},"content":{"rendered":"\n<h1 class=\"wp-block-heading\">Urea Harnstoff 46%<\/h1>\n\n\n\n<p>Urea \u2013 auch als Harnstoff bekannt, kommt haupts\u00e4chlich in der Landwirtschaft als D\u00fcngemittel zum Einsatz. Es ist leicht wasserl\u00f6slich und mit einem Stickstoffanteil von 46% (in Form von Amiden) ein hochkonzentrierter Stickstoffd\u00fcnger.<\/p>\n\n\n\n<p>Lieferbar: Bulk oder 50 kg Bigbags<\/p>\n\n\n\n<p>Mengen: ab 20 Tonnen<\/p>\n\n\n\n<p>Preis: auf <strong><a href=\"https:\/\/blsgruppe.de\/kontakt\/\">Anfrage<\/a><\/strong><\/p>\n\n\n\n<hr class=\"wp-block-separator has-alpha-channel-opacity\"\/>\n\n\n\n<p>Harnstoff (Urea 46):<br>Urea ist ein Stickstoffd\u00fcnger mit einem hohen Stickstoffgehalt von 46%. Es ist eine kristalline Substanz, die sich leicht in Wasser aufl\u00f6st. Stickstoff ist ein Schl\u00fcsseln\u00e4hrstoff, der das Wachstum und die Entwicklung von Pflanzen unterst\u00fctzt. Urea ist vielseitig einsetzbar und kann auf vielf\u00e4ltige Weise angewendet werden, sei es als Bodend\u00fcnger oder als Blattd\u00fcnger. Es ist wichtig, dass Urea nach der Anwendung korrekt in den Boden eingebracht wird, um eine effektive Nutzung durch Pflanzen zu gew\u00e4hrleisten.<\/p>\n\n\n\n<hr class=\"wp-block-separator has-alpha-channel-opacity\"\/>\n\n\n\n<p>Urea is a nitrogen fertilizer with a high nitrogen content of 46%. It is a crystalline substance that readily dissolves in water. Nitrogen is a key nutrient that supports plant growth and development. Urea is versatile and can be applied in various ways, whether as a soil fertilizer or a foliar spray. Proper incorporation of urea into the soil after application is crucial to ensure effective utilization by plants.<\/p>\n\n\n\n<hr class=\"wp-block-separator has-alpha-channel-opacity\"\/>\n\n\n\n<p>Ur\u00e9e 46 (ur\u00e9e) :<br>L\u2019ur\u00e9e est un engrais azot\u00e9 avec une teneur \u00e9lev\u00e9e en azote de 46 %. C\u2019est une substance cristalline qui se dissolve facilement dans l\u2019eau. L\u2019azote est un \u00e9l\u00e9ment nutritif cl\u00e9 qui soutient la croissance et le d\u00e9veloppement des plantes. L\u2019ur\u00e9e est polyvalente et peut \u00eatre appliqu\u00e9e de diverses mani\u00e8res, que ce soit comme engrais pour le sol ou comme pulv\u00e9risation foliaire. L\u2019incorporation ad\u00e9quate de l\u2019ur\u00e9e dans le sol apr\u00e8s son application est essentielle pour assurer une utilisation efficace par les plantes.<\/p>\n\n\n\n<hr class=\"wp-block-separator has-alpha-channel-opacity\"\/>\n\n\n\n<p>Urea 46 (urea):<br>La urea es un fertilizante de nitr\u00f3geno con un alto contenido de nitr\u00f3geno del 46%. Es una sustancia cristalina que se disuelve f\u00e1cilmente en agua. El nitr\u00f3geno es un nutriente clave que respalda el crecimiento y desarrollo de las plantas. La urea es vers\u00e1til y se puede aplicar de diversas formas, ya sea como fertilizante para el suelo o como pulverizaci\u00f3n foliar. La incorporaci\u00f3n adecuada de la urea en el suelo despu\u00e9s de su aplicaci\u00f3n es crucial para garantizar una utilizaci\u00f3n efectiva por parte de las plantas.<\/p>\n\n\n\n<hr class=\"wp-block-separator has-alpha-channel-opacity\"\/>\n\n\n\n<p>\u041c\u043e\u0447\u0435\u0432\u0438\u043d\u0430 46 (\u0423\u0440\u0435\u044f 46):<br>\u0423\u0440\u0435\u044f \u2013 \u044d\u0442\u043e \u0430\u0437\u043e\u0442\u043d\u043e\u0435 \u0443\u0434\u043e\u0431\u0440\u0435\u043d\u0438\u0435 \u0441 \u0432\u044b\u0441\u043e\u043a\u0438\u043c \u0441\u043e\u0434\u0435\u0440\u0436\u0430\u043d\u0438\u0435\u043c \u0430\u0437\u043e\u0442\u0430 46%. \u042d\u0442\u043e \u043a\u0440\u0438\u0441\u0442\u0430\u043b\u043b\u0438\u0447\u0435\u0441\u043a\u043e\u0435 \u0432\u0435\u0449\u0435\u0441\u0442\u0432\u043e, \u043a\u043e\u0442\u043e\u0440\u043e\u0435 \u043b\u0435\u0433\u043a\u043e \u0440\u0430\u0441\u0442\u0432\u043e\u0440\u044f\u0435\u0442\u0441\u044f \u0432 \u0432\u043e\u0434\u0435. \u0410\u0437\u043e\u0442 \u2013 \u043a\u043b\u044e\u0447\u0435\u0432\u043e\u0439 \u043f\u0438\u0442\u0430\u0442\u0435\u043b\u044c\u043d\u044b\u0439 \u044d\u043b\u0435\u043c\u0435\u043d\u0442, \u043a\u043e\u0442\u043e\u0440\u044b\u0439 \u043f\u043e\u0434\u0434\u0435\u0440\u0436\u0438\u0432\u0430\u0435\u0442 \u0440\u043e\u0441\u0442 \u0438 \u0440\u0430\u0437\u0432\u0438\u0442\u0438\u0435 \u0440\u0430\u0441\u0442\u0435\u043d\u0438\u0439. \u0423\u0440\u0435\u044f \u0443\u043d\u0438\u0432\u0435\u0440\u0441\u0430\u043b\u044c\u043d\u0430 \u0438 \u043c\u043e\u0436\u0435\u0442 \u0431\u044b\u0442\u044c \u043f\u0440\u0438\u043c\u0435\u043d\u0435\u043d\u0430 \u0440\u0430\u0437\u043b\u0438\u0447\u043d\u044b\u043c\u0438 \u0441\u043f\u043e\u0441\u043e\u0431\u0430\u043c\u0438, \u0431\u0443\u0434\u044c \u0442\u043e \u0432 \u043a\u0430\u0447\u0435\u0441\u0442\u0432\u0435 \u043f\u043e\u0447\u0432\u0435\u043d\u043d\u043e\u0433\u043e \u0443\u0434\u043e\u0431\u0440\u0435\u043d\u0438\u044f \u0438\u043b\u0438 \u0432 \u043a\u0430\u0447\u0435\u0441\u0442\u0432\u0435 \u043b\u0438\u0441\u0442\u043e\u0432\u043e\u0433\u043e \u043e\u043f\u0440\u044b\u0441\u043a\u0438\u0432\u0430\u043d\u0438\u044f. \u041f\u0440\u0430\u0432\u0438\u043b\u044c\u043d\u043e\u0435 \u0432\u0432\u0435\u0434\u0435\u043d\u0438\u0435 \u0443\u0440\u0435\u0438 \u0432 \u043f\u043e\u0447\u0432\u0443 \u043f\u043e\u0441\u043b\u0435 \u043f\u0440\u0438\u043c\u0435\u043d\u0435\u043d\u0438\u044f \u044f\u0432\u043b\u044f\u0435\u0442\u0441\u044f \u0432\u0430\u0436\u043d\u044b\u043c \u0434\u043b\u044f \u043e\u0431\u0435\u0441\u043f\u0435\u0447\u0435\u043d\u0438\u044f \u044d\u0444\u0444\u0435\u043a\u0442\u0438\u0432\u043d\u043e\u0433\u043e \u0438\u0441\u043f\u043e\u043b\u044c\u0437\u043e\u0432\u0430\u043d\u0438\u044f \u0440\u0430\u0441\u0442\u0435\u043d\u0438\u044f\u043c\u0438.<\/p>\n","protected":false},"excerpt":{"rendered":"<p>Urea Harnstoff 46% Urea \u2013 auch als Harnstoff bekannt, kommt haupts\u00e4chlich in der Landwirtschaft als D\u00fcngemittel zum Einsatz. Es ist leicht wasserl\u00f6slich und mit einem Stickstoffanteil von 46% (in Form von Amiden) ein hochkonzentrierter Stickstoffd\u00fcnger. Lieferbar: Bulk oder 50 kg Bigbags Mengen: ab 20 Tonnen Preis: auf Anfrage Harnstoff (Urea 46):Urea ist ein Stickstoffd\u00fcnger mit &hellip; <\/p>\n<p class=\"link-more\"><a href=\"https:\/\/blsgruppe.com\/?page_id=1071\" class=\"more-link\"><span class=\"screen-reader-text\">\u201eUREA Harnstoff 46\u201c<\/span> weiterlesen<\/a><\/p>\n","protected":false},"author":1,"featured_media":0,"parent":0,"menu_order":0,"comment_status":"closed","ping_status":"closed","template":"","meta":{"footnotes":""},"class_list":["post-1071","page","type-page","status-publish","hentry"],"_links":{"self":[{"href":"https:\/\/blsgruppe.com\/index.php?rest_route=\/wp\/v2\/pages\/1071","targetHints":{"allow":["GET"]}}],"collection":[{"href":"https:\/\/blsgruppe.com\/index.php?rest_route=\/wp\/v2\/pages"}],"about":[{"href":"https:\/\/blsgruppe.com\/index.php?rest_route=\/wp\/v2\/types\/page"}],"author":[{"embeddable":true,"href":"https:\/\/blsgruppe.com\/index.php?rest_route=\/wp\/v2\/users\/1"}],"replies":[{"embeddable":true,"href":"https:\/\/blsgruppe.com\/index.php?rest_route=%2Fwp%2Fv2%2Fcomments&post=1071"}],"version-history":[{"count":2,"href":"https:\/\/blsgruppe.com\/index.php?rest_route=\/wp\/v2\/pages\/1071\/revisions"}],"predecessor-version":[{"id":1127,"href":"https:\/\/blsgruppe.com\/index.php?rest_route=\/wp\/v2\/pages\/1071\/revisions\/1127"}],"wp:attachment":[{"href":"https:\/\/blsgruppe.com\/index.php?rest_route=%2Fwp%2Fv2%2Fmedia&parent=1071"}],"curies":[{"name":"wp","href":"https:\/\/api.w.org\/{rel}","templated":true}]}}