{"id":17,"date":"2023-05-03T19:19:26","date_gmt":"2023-05-03T19:19:26","guid":{"rendered":"https:\/\/blsgruppe.com\/?page_id=17"},"modified":"2025-11-19T08:10:52","modified_gmt":"2025-11-19T08:10:52","slug":"about-us","status":"publish","type":"page","link":"https:\/\/blsgruppe.com\/?page_id=17","title":{"rendered":"\u00dcber uns"},"content":{"rendered":"\n<p style=\"font-size:16px\">Unser in Berlin ans\u00e4ssiges, international gut vernetztes Unternehmen ist in der Lage, eine Vielzahl gefragter Waren, Produkte und Dienstleistungen zu beschaffen, liefern und zu vermitteln.<\/p>\n\n\n\n<p style=\"font-size:16px\"><strong>Wir verf\u00fcgen \u00fcber Erfahrungen u.a. auf folgenden Gebieten<\/strong>:<\/p>\n\n\n\n<ul class=\"wp-block-list\">\n<li style=\"font-size:16px\">Energieprodukte, Energieanlagen, Energiespeicher<\/li>\n\n\n\n<li style=\"font-size:16px\">Fahrzeuge, Luftfahrzeuge, Seefahrzeuge, Spezialfahrzeuge <\/li>\n\n\n\n<li style=\"font-size:16px\">Classic Cars &amp; Luxus-Sportwagen<\/li>\n\n\n\n<li style=\"font-size:16px\">Logistik und Charterdienstleistungen<\/li>\n\n\n\n<li style=\"font-size:16px\">Maschinen, Anlagen, Motoren<\/li>\n\n\n\n<li style=\"font-size:16px\">Papier- und Hygieneprodukte<\/li>\n\n\n\n<li>Personalvermittlung<\/li>\n\n\n\n<li style=\"font-size:16px\">\u00d6l-Gas- und Schiffsindustrie, Piplinebau<\/li>\n\n\n\n<li style=\"font-size:16px\">Rohstoffe, D\u00fcnger und Grundnahrungsmittel<\/li>\n\n\n\n<li style=\"font-size:16px\">Sicherheitsfahrzeuge, Sicherheitsprodukte, Sicherheitstechnik<\/li>\n<\/ul>\n\n\n\n<p style=\"font-size:16px\">Als kleineres Unternehmen ist es uns m\u00f6glich, unseren Gesch\u00e4ftspartnern einen individuellen Service und direkte Ansprechpartner zu bieten. Wir arbeiten schnell, effizient und diskret.<\/p>\n\n\n<div class=\"wp-block-image\">\n<figure class=\"aligncenter size-full\"><img loading=\"lazy\" decoding=\"async\" width=\"580\" height=\"387\" src=\"https:\/\/blsgruppe.com\/wp-content\/uploads\/2023\/05\/beratung.webp\" alt=\"\" class=\"wp-image-113\" srcset=\"https:\/\/blsgruppe.com\/wp-content\/uploads\/2023\/05\/beratung.webp 580w, https:\/\/blsgruppe.com\/wp-content\/uploads\/2023\/05\/beratung-300x200.webp 300w\" sizes=\"auto, (max-width: 580px) 100vw, 580px\" \/><\/figure><\/div>\n\n\n<p style=\"font-size:16px\">Als Dienstleistungsunternehmen bringen wir Hersteller, H\u00e4ndler und Unternehmer mit potentiellen Kunden zusammen oder suchen f\u00fcr unsere Kunden die entsprechenden L\u00f6sungen, Produkte und Lieferanten.<\/p>\n\n\n\n<p style=\"font-size:16px\">Unsere Aufgabe besteht darin, als zuverl\u00e4ssiges Bindeglied zwischen den Gesch\u00e4ftspartnern zu agieren und einen reibungslosen Gesch\u00e4ftsablauf zu sichern oder zu erm\u00f6glichen. Auf Wunsch f\u00fchren wir f\u00fcr unsere Kunden auch den Kauf, Verkauf, Import und Export von Produkten durch und sorgen f\u00fcr die erforderliche Logistik. Wir arbeiten dabei mit erfahrenen Spediteuren, Reedereien und Airlines zusammen.<\/p>\n\n\n\n<p style=\"font-size:16px\">Gerne stehen wir f\u00fcr alle weiteren Fragen zu Ihrer Verf\u00fcgung. Gerne k\u00f6nnen wir bei Bedarf auch auf englisch, arabisch, russisch, serbokroatisch und t\u00fcrkisch kommunizieren.<\/p>\n\n\n\n<div class=\"wp-block-buttons is-content-justification-center is-layout-flex wp-container-core-buttons-is-layout-16018d1d wp-block-buttons-is-layout-flex\">\n<div class=\"wp-block-button has-custom-width wp-block-button__width-50 is-style-outline is-style-outline--1\"><a class=\"wp-block-button__link has-custom-font-size wp-element-button\" style=\"border-radius:15px;font-size:16px\">Kontakt<\/a><\/div>\n<\/div>\n\n\n\n<hr class=\"wp-block-separator has-alpha-channel-opacity\"\/>\n\n\n\n<h3 class=\"wp-block-heading\">En   Es   Fr   \u0420\u0443\u0441   \u0639\u0631\u0628   Srp\/Hrv<\/h3>\n\n\n\n<p>We are a Berlin-based, internationally well-connected consulting, brokerage, and procurement company. Our worldwide network enables our small and lean company to procure a wide range of sought-after goods, products, and services. Our company is active in areas including consulting, energy products, vehicles &amp; special vehicles, machinery &amp; equipment, as well as raw materials, fertilizers, and staple foods.<\/p>\n\n\n\n<p>We place great value on providing our business partners with personal service and a direct contact person. Our clients include small and large trading and industrial companies and authorities.<\/p>\n\n\n\n<p>As a service company, we connect manufacturers, dealers, and entrepreneurs with potential customers or seek the appropriate products and suppliers for our clients. Our task is to act as a reliable link between business partners and ensure smooth business operations. If desired, we also handle the purchase, sale, import, and export of products for our clients and ensure the necessary logistics. We work with experienced freight forwarders, shipping companies, and airlines.<\/p>\n\n\n\n<p>We are happy to answer any further questions you may have. We speak German, English, Serbo-Croatian, and Arabic.<\/p>\n\n\n\n<h3 class=\"wp-block-heading\">Es<\/h3>\n\n\n\n<p>Somos una empresa de consultor\u00eda, intermediaci\u00f3n y adquisici\u00f3n con sede en Berl\u00edn y bien conectada internacionalmente. Nuestra red mundial permite a nuestra peque\u00f1a y \u00e1gil empresa obtener una amplia gama de bienes, productos y servicios demandados. Nuestra empresa est\u00e1 activa en \u00e1reas que incluyen consultor\u00eda, productos energ\u00e9ticos, veh\u00edculos y veh\u00edculos especiales, maquinaria y equipos, as\u00ed como materias primas, fertilizantes y alimentos b\u00e1sicos.<\/p>\n\n\n\n<p>Valoramos mucho brindar a nuestros socios comerciales un servicio personalizado y un contacto directo. Nuestros clientes incluyen peque\u00f1as y grandes empresas comerciales e industriales, organismos p\u00fablicos y autoridades.<\/p>\n\n\n\n<p>Como empresa de servicios, conectamos a fabricantes, distribuidores y empresarios con clientes potenciales o buscamos los productos y proveedores adecuados para nuestros clientes. Nuestra tarea consiste en actuar como un enlace fiable entre los socios comerciales y asegurar un funcionamiento comercial sin problemas. Si lo desean, tambi\u00e9n nos encargamos de la compra, venta, importaci\u00f3n y exportaci\u00f3n de productos para nuestros clientes y garantizamos la log\u00edstica necesaria. Trabajamos con transportistas, navieras y aerol\u00edneas experimentadas.<\/p>\n\n\n\n<p>Estamos encantados de responder a cualquier otra pregunta que pueda tener. Hablamos alem\u00e1n, ingl\u00e9s, serbocroata y \u00e1rabe.<\/p>\n\n\n\n<h3 class=\"wp-block-heading\">Fr<\/h3>\n\n\n\n<p>Nous sommes une entreprise de conseil, de courtage et d&#8217;approvisionnement bas\u00e9e \u00e0 Berlin et bien connect\u00e9e \u00e0 l&#8217;international. Notre r\u00e9seau mondial permet \u00e0 notre petite et agile entreprise de se procurer une large gamme de biens, produits et services recherch\u00e9s. Notre entreprise est active dans les domaines du conseil, des produits \u00e9nerg\u00e9tiques, des v\u00e9hicules et v\u00e9hicules sp\u00e9ciaux, des machines et \u00e9quipements, ainsi que des mati\u00e8res premi\u00e8res, engrais et produits alimentaires de base.<\/p>\n\n\n\n<p>Nous attachons une grande importance \u00e0 offrir \u00e0 nos partenaires commerciaux un service personnalis\u00e9 et un interlocuteur direct. Nos clients comprennent des entreprises commerciales et industrielles de toutes tailles, ainsi que des organismes publics et des autorit\u00e9s.<\/p>\n\n\n\n<p>En tant qu&#8217;entreprise de services, nous mettons en relation les fabricants, les distributeurs et les entrepreneurs avec des clients potentiels ou recherchons pour nos clients les produits et fournisseurs appropri\u00e9s. Notre t\u00e2che consiste \u00e0 agir comme un lien fiable entre les partenaires commerciaux et \u00e0 assurer le bon d\u00e9roulement des op\u00e9rations. Si nos clients le souhaitent, nous nous occupons \u00e9galement de l&#8217;achat, de la vente, de l&#8217;importation et de l&#8217;exportation de produits et assurons la logistique n\u00e9cessaire. Nous travaillons avec des transitaires, des compagnies maritimes et des compagnies a\u00e9riennes exp\u00e9riment\u00e9s.<\/p>\n\n\n\n<p>Nous sommes heureux de r\u00e9pondre \u00e0 toutes vos questions. Nous parlons allemand, anglais, serbo-croate et arabe.<\/p>\n\n\n\n<h3 class=\"wp-block-heading\">\u0420\u0443\u0441<\/h3>\n\n\n\n<p>\u041c\u044b \u044f\u0432\u043b\u044f\u0435\u043c\u0441\u044f \u0431\u0435\u0440\u043b\u0438\u043d\u0441\u043a\u043e\u0439 \u043a\u043e\u043d\u0441\u0430\u043b\u0442\u0438\u043d\u0433\u043e\u0432\u043e\u0439, \u043f\u043e\u0441\u0440\u0435\u0434\u043d\u0438\u0447\u0435\u0441\u043a\u043e\u0439 \u0438 \u0437\u0430\u043a\u0443\u043f\u043e\u0447\u043d\u043e\u0439 \u043a\u043e\u043c\u043f\u0430\u043d\u0438\u0435\u0439 \u0441 \u0445\u043e\u0440\u043e\u0448\u0438\u043c\u0438 \u043c\u0435\u0436\u0434\u0443\u043d\u0430\u0440\u043e\u0434\u043d\u044b\u043c\u0438 \u0441\u0432\u044f\u0437\u044f\u043c\u0438. \u041d\u0430\u0448\u0430 \u043c\u0438\u0440\u043e\u0432\u0430\u044f \u0441\u0435\u0442\u044c \u043f\u043e\u0437\u0432\u043e\u043b\u044f\u0435\u0442 \u043d\u0430\u0448\u0435\u043c\u0443 \u043d\u0435\u0431\u043e\u043b\u044c\u0448\u043e\u043c\u0443 \u0438 \u0433\u0438\u0431\u043a\u043e\u043c\u0443 \u043f\u0440\u0435\u0434\u043f\u0440\u0438\u044f\u0442\u0438\u044e \u0437\u0430\u043a\u0443\u043f\u0430\u0442\u044c \u0448\u0438\u0440\u043e\u043a\u0438\u0439 \u0430\u0441\u0441\u043e\u0440\u0442\u0438\u043c\u0435\u043d\u0442 \u0432\u043e\u0441\u0442\u0440\u0435\u0431\u043e\u0432\u0430\u043d\u043d\u044b\u0445 \u0442\u043e\u0432\u0430\u0440\u043e\u0432, \u043f\u0440\u043e\u0434\u0443\u043a\u0442\u043e\u0432 \u0438 \u0443\u0441\u043b\u0443\u0433. \u041d\u0430\u0448\u0430 \u043a\u043e\u043c\u043f\u0430\u043d\u0438\u044f \u0440\u0430\u0431\u043e\u0442\u0430\u0435\u0442 \u0432 \u0442\u0430\u043a\u0438\u0445 \u043e\u0431\u043b\u0430\u0441\u0442\u044f\u0445, \u043a\u0430\u043a \u043a\u043e\u043d\u0441\u0430\u043b\u0442\u0438\u043d\u0433, \u044d\u043d\u0435\u0440\u0433\u0435\u0442\u0438\u0447\u0435\u0441\u043a\u0438\u0435 \u043f\u0440\u043e\u0434\u0443\u043a\u0442\u044b, \u0442\u0440\u0430\u043d\u0441\u043f\u043e\u0440\u0442\u043d\u044b\u0435 \u0441\u0440\u0435\u0434\u0441\u0442\u0432\u0430 \u0438 \u0441\u043f\u0435\u0446\u0438\u0430\u043b\u044c\u043d\u044b\u0435 \u0442\u0440\u0430\u043d\u0441\u043f\u043e\u0440\u0442\u043d\u044b\u0435 \u0441\u0440\u0435\u0434\u0441\u0442\u0432\u0430, \u043c\u0430\u0448\u0438\u043d\u044b \u0438 \u043e\u0431\u043e\u0440\u0443\u0434\u043e\u0432\u0430\u043d\u0438\u0435, \u0430 \u0442\u0430\u043a\u0436\u0435 \u0441\u044b\u0440\u044c\u0435, \u0443\u0434\u043e\u0431\u0440\u0435\u043d\u0438\u044f \u0438 \u043e\u0441\u043d\u043e\u0432\u043d\u044b\u0435 \u043f\u0440\u043e\u0434\u0443\u043a\u0442\u044b \u043f\u0438\u0442\u0430\u043d\u0438\u044f.<\/p>\n\n\n\n<p>\u041c\u044b \u043f\u0440\u0438\u0434\u0430\u0435\u043c \u0431\u043e\u043b\u044c\u0448\u043e\u0435 \u0437\u043d\u0430\u0447\u0435\u043d\u0438\u0435 \u043f\u0440\u0435\u0434\u043e\u0441\u0442\u0430\u0432\u043b\u0435\u043d\u0438\u044e \u043d\u0430\u0448\u0438\u043c \u0434\u0435\u043b\u043e\u0432\u044b\u043c \u043f\u0430\u0440\u0442\u043d\u0435\u0440\u0430\u043c \u043f\u0435\u0440\u0441\u043e\u043d\u0430\u043b\u0438\u0437\u0438\u0440\u043e\u0432\u0430\u043d\u043d\u043e\u0433\u043e \u043e\u0431\u0441\u043b\u0443\u0436\u0438\u0432\u0430\u043d\u0438\u044f \u0438 \u043f\u0440\u044f\u043c\u043e\u0433\u043e \u043a\u043e\u043d\u0442\u0430\u043a\u0442\u0430. \u0421\u0440\u0435\u0434\u0438 \u043d\u0430\u0448\u0438\u0445 \u043a\u043b\u0438\u0435\u043d\u0442\u043e\u0432 \u0435\u0441\u0442\u044c \u043a\u0430\u043a \u043c\u0430\u043b\u044b\u0435, \u0442\u0430\u043a \u0438 \u043a\u0440\u0443\u043f\u043d\u044b\u0435 \u0442\u043e\u0440\u0433\u043e\u0432\u044b\u0435 \u0438 \u043f\u0440\u043e\u043c\u044b\u0448\u043b\u0435\u043d\u043d\u044b\u0435 \u043f\u0440\u0435\u0434\u043f\u0440\u0438\u044f\u0442\u0438\u044f, \u0433\u043e\u0441\u0443\u0434\u0430\u0440\u0441\u0442\u0432\u0435\u043d\u043d\u044b\u0435 \u0443\u0447\u0440\u0435\u0436\u0434\u0435\u043d\u0438\u044f \u0438 \u043e\u0440\u0433\u0430\u043d\u044b \u0432\u043b\u0430\u0441\u0442\u0438.<\/p>\n\n\n\n<p>\u041a\u0430\u043a \u0441\u0435\u0440\u0432\u0438\u0441\u043d\u0430\u044f \u043a\u043e\u043c\u043f\u0430\u043d\u0438\u044f, \u043c\u044b \u0441\u043e\u0435\u0434\u0438\u043d\u044f\u0435\u043c \u043f\u0440\u043e\u0438\u0437\u0432\u043e\u0434\u0438\u0442\u0435\u043b\u0435\u0439, \u0434\u0438\u043b\u0435\u0440\u043e\u0432 \u0438 \u043f\u0440\u0435\u0434\u043f\u0440\u0438\u043d\u0438\u043c\u0430\u0442\u0435\u043b\u0435\u0439 \u0441 \u043f\u043e\u0442\u0435\u043d\u0446\u0438\u0430\u043b\u044c\u043d\u044b\u043c\u0438 \u043a\u043b\u0438\u0435\u043d\u0442\u0430\u043c\u0438 \u0438\u043b\u0438 \u0438\u0449\u0435\u043c \u0434\u043b\u044f \u043d\u0430\u0448\u0438\u0445 \u043a\u043b\u0438\u0435\u043d\u0442\u043e\u0432 \u0441\u043e\u043e\u0442\u0432\u0435\u0442\u0441\u0442\u0432\u0443\u044e\u0449\u0438\u0435 \u043f\u0440\u043e\u0434\u0443\u043a\u0442\u044b \u0438 \u043f\u043e\u0441\u0442\u0430\u0432\u0449\u0438\u043a\u043e\u0432. \u041d\u0430\u0448\u0430 \u0437\u0430\u0434\u0430\u0447\u0430 &#8211; \u0434\u0435\u0439\u0441\u0442\u0432\u043e\u0432\u0430\u0442\u044c \u043a\u0430\u043a \u043d\u0430\u0434\u0435\u0436\u043d\u043e\u0435 \u0437\u0432\u0435\u043d\u043e \u043c\u0435\u0436\u0434\u0443 \u0434\u0435\u043b\u043e\u0432\u044b\u043c\u0438 \u043f\u0430\u0440\u0442\u043d\u0435\u0440\u0430\u043c\u0438 \u0438 \u043e\u0431\u0435\u0441\u043f\u0435\u0447\u0438\u0432\u0430\u0442\u044c \u0431\u0435\u0441\u043f\u0435\u0440\u0435\u0431\u043e\u0439\u043d\u043e\u0435 \u0432\u0435\u0434\u0435\u043d\u0438\u0435 \u0431\u0438\u0437\u043d\u0435\u0441\u0430. \u041f\u043e \u0436\u0435\u043b\u0430\u043d\u0438\u044e \u043c\u044b \u0442\u0430\u043a\u0436\u0435 \u043e\u0441\u0443\u0449\u0435\u0441\u0442\u0432\u043b\u044f\u0435\u043c \u0434\u043b\u044f \u043d\u0430\u0448\u0438\u0445 \u043a\u043b\u0438\u0435\u043d\u0442\u043e\u0432 \u043f\u043e\u043a\u0443\u043f\u043a\u0443, \u043f\u0440\u043e\u0434\u0430\u0436\u0443, \u0438\u043c\u043f\u043e\u0440\u0442 \u0438 \u044d\u043a\u0441\u043f\u043e\u0440\u0442 \u043f\u0440\u043e\u0434\u0443\u043a\u0442\u043e\u0432 \u0438 \u043e\u0431\u0435\u0441\u043f\u0435\u0447\u0438\u0432\u0430\u0435\u043c \u043d\u0435\u043e\u0431\u0445\u043e\u0434\u0438\u043c\u0443\u044e \u043b\u043e\u0433\u0438\u0441\u0442\u0438\u043a\u0443. \u041c\u044b \u0441\u043e\u0442\u0440\u0443\u0434\u043d\u0438\u0447\u0430\u0435\u043c \u0441 \u043e\u043f\u044b\u0442\u043d\u044b\u043c\u0438 \u044d\u043a\u0441\u043f\u0435\u0434\u0438\u0442\u043e\u0440\u0430\u043c\u0438, \u0441\u0443\u0434\u043e\u0445\u043e\u0434\u043d\u044b\u043c\u0438 \u043a\u043e\u043c\u043f\u0430\u043d\u0438\u044f\u043c\u0438 \u0438 \u0430\u0432\u0438\u0430\u043a\u043e\u043c\u043f\u0430\u043d\u0438\u044f\u043c\u0438.<\/p>\n\n\n\n<p>\u041c\u044b \u0440\u0430\u0434\u044b \u043e\u0442\u0432\u0435\u0442\u0438\u0442\u044c \u043d\u0430 \u0432\u0441\u0435 \u0432\u0430\u0448\u0438 \u0432\u043e\u043f\u0440\u043e\u0441\u044b. \u041c\u044b \u0433\u043e\u0432\u043e\u0440\u0438\u043c \u043d\u0430 \u043d\u0435\u043c\u0435\u0446\u043a\u043e\u043c, \u0430\u043d\u0433\u043b\u0438\u0439\u0441\u043a\u043e\u043c, \u0441\u0435\u0440\u0431\u043e\u0445\u043e\u0440\u0432\u0430\u0442\u0441\u043a\u043e\u043c \u0438 \u0430\u0440\u0430\u0431\u0441\u043a\u043e\u043c \u044f\u0437\u044b\u043a\u0430\u0445.<\/p>\n\n\n\n<h3 class=\"wp-block-heading\">\u0639\u0631\u0628<\/h3>\n\n\n\n<p>\u0646\u062d\u0646 \u0634\u0631\u0643\u0629 \u0627\u0633\u062a\u0634\u0627\u0631\u0627\u062a \u0648\u0648\u0633\u0627\u0637\u0629 \u0648\u062a\u0648\u0631\u064a\u062f \u0645\u0642\u0631\u0647\u0627 \u0628\u0631\u0644\u064a\u0646 \u0648\u0644\u0647\u0627 \u0627\u062a\u0635\u0627\u0644\u0627\u062a \u062c\u064a\u062f\u0629 \u062f\u0648\u0644\u064a\u064b\u0627. \u062a\u062a\u064a\u062d \u0644\u0646\u0627 \u0634\u0628\u0643\u062a\u0646\u0627 \u0627\u0644\u0639\u0627\u0644\u0645\u064a\u0629\u060c \u0639\u0644\u0649 \u0627\u0644\u0631\u063a\u0645 \u0645\u0646 \u062d\u062c\u0645\u0646\u0627 \u0627\u0644\u0635\u063a\u064a\u0631 \u0648\u0627\u0644\u0646\u0638\u0627\u0645 \u0627\u0644\u0625\u062f\u0627\u0631\u064a \u0627\u0644\u0628\u0633\u064a\u0637\u060c \u0627\u0644\u062d\u0635\u0648\u0644 \u0639\u0644\u0649 \u0645\u062c\u0645\u0648\u0639\u0629 \u0648\u0627\u0633\u0639\u0629 \u0645\u0646 \u0627\u0644\u0633\u0644\u0639 \u0648\u0627\u0644\u0645\u0646\u062a\u062c\u0627\u062a \u0648\u0627\u0644\u062e\u062f\u0645\u0627\u062a \u0627\u0644\u0645\u0637\u0644\u0648\u0628\u0629. \u062a\u0639\u0645\u0644 \u0634\u0631\u0643\u062a\u0646\u0627 \u0641\u064a \u0645\u062c\u0627\u0644\u0627\u062a \u062a\u0634\u0645\u0644 \u0627\u0644\u0627\u0633\u062a\u0634\u0627\u0631\u0627\u062a\u060c \u0627\u0644\u0645\u0646\u062a\u062c\u0627\u062a \u0627\u0644\u0637\u0627\u0642\u064a\u0629\u060c \u0627\u0644\u0645\u0631\u0643\u0628\u0627\u062a \u0648\u0627\u0644\u0645\u0631\u0643\u0628\u0627\u062a \u0627\u0644\u062e\u0627\u0635\u0629\u060c \u0627\u0644\u0622\u0644\u0627\u062a \u0648\u0627\u0644\u0645\u0639\u062f\u0627\u062a\u060c \u0648\u0643\u0630\u0644\u0643 \u0627\u0644\u0645\u0648\u0627\u062f \u0627\u0644\u062e\u0627\u0645\u060c \u0627\u0644\u0623\u0633\u0645\u062f\u0629 \u0648\u0627\u0644\u0645\u0648\u0627\u062f \u0627\u0644\u063a\u0630\u0627\u0626\u064a\u0629 \u0627\u0644\u0623\u0633\u0627\u0633\u064a\u0629.<\/p>\n\n\n\n<p>\u0646\u0648\u0644\u064a \u0623\u0647\u0645\u064a\u0629 \u0643\u0628\u064a\u0631\u0629 \u0644\u062a\u0642\u062f\u064a\u0645 \u062e\u062f\u0645\u0629 \u0634\u062e\u0635\u064a\u0629 \u0648\u0634\u062e\u0635 \u0627\u062a\u0635\u0627\u0644 \u0645\u0628\u0627\u0634\u0631 \u0644\u0634\u0631\u0643\u0627\u0626\u0646\u0627 \u0627\u0644\u062a\u062c\u0627\u0631\u064a\u064a\u0646. \u062a\u0634\u0645\u0644 \u0639\u0645\u0644\u0627\u0626\u0646\u0627 \u0634\u0631\u0643\u0627\u062a \u062a\u062c\u0627\u0631\u064a\u0629 \u0648\u0635\u0646\u0627\u0639\u064a\u0629 \u0635\u063a\u064a\u0631\u0629 \u0648\u0643\u0628\u064a\u0631\u0629\u060c \u0647\u064a\u0626\u0627\u062a \u0648\u0645\u0624\u0633\u0633\u0627\u062a \u062d\u0643\u0648\u0645\u064a\u0629.<\/p>\n\n\n\n<p>\u0628\u0635\u0641\u062a\u0646\u0627 \u0634\u0631\u0643\u0629 \u062e\u062f\u0645\u0627\u062a\u060c \u0646\u0642\u0648\u0645 \u0628\u0631\u0628\u0637 \u0627\u0644\u0645\u0635\u0646\u0639\u064a\u0646 \u0648\u0627\u0644\u062a\u062c\u0627\u0631 \u0648\u0631\u062c\u0627\u0644 \u0627\u0644\u0623\u0639\u0645\u0627\u0644 \u0645\u0639 \u0627\u0644\u0639\u0645\u0644\u0627\u0621 \u0627\u0644\u0645\u062d\u062a\u0645\u0644\u064a\u0646 \u0623\u0648 \u0646\u0628\u062d\u062b \u0639\u0646 \u0627\u0644\u0645\u0646\u062a\u062c\u0627\u062a \u0648\u0627\u0644\u0645\u0648\u0631\u062f\u064a\u0646 \u0627\u0644\u0645\u0646\u0627\u0633\u0628\u064a\u0646 \u0644\u0639\u0645\u0644\u0627\u0626\u0646\u0627. \u062a\u062a\u0645\u062b\u0644 \u0645\u0647\u0645\u062a\u0646\u0627 \u0641\u064a \u0627\u0644\u0639\u0645\u0644 \u0643\u062d\u0644\u0642\u0629 \u0648\u0635\u0644 \u0645\u0648\u062b\u0648\u0642\u0629 \u0628\u064a\u0646 \u0627\u0644\u0634\u0631\u0643\u0627\u0621 \u0627\u0644\u062a\u062c\u0627\u0631\u064a\u064a\u0646 \u0648\u0636\u0645\u0627\u0646 \u0633\u064a\u0631 \u0627\u0644\u0623\u0639\u0645\u0627\u0644 \u0628\u0633\u0644\u0627\u0633\u0629. \u0628\u0646\u0627\u0621\u064b \u0639\u0644\u0649 \u0637\u0644\u0628 \u0639\u0645\u0644\u0627\u0626\u0646\u0627\u060c \u0646\u0642\u0648\u0645 \u0623\u064a\u0636\u064b\u0627 \u0628\u0639\u0645\u0644\u064a\u0627\u062a \u0627\u0644\u0634\u0631\u0627\u0621 \u0648\u0627\u0644\u0628\u064a\u0639 \u0648\u0627\u0644\u0627\u0633\u062a\u064a\u0631\u0627\u062f \u0648\u0627\u0644\u062a\u0635\u062f\u064a\u0631 \u0644\u0644\u0645\u0646\u062a\u062c\u0627\u062a \u0648\u0646\u0648\u0641\u0631 \u0627\u0644\u0644\u0648\u062c\u0633\u062a\u064a\u0627\u062a \u0627\u0644\u0645\u0637\u0644\u0648\u0628\u0629. \u0646\u0639\u0645\u0644 \u0645\u0639 \u0648\u0643\u0644\u0627\u0621 \u0634\u062d\u0646 \u0648\u0634\u0631\u0643\u0627\u062a \u0646\u0642\u0644 \u0628\u062d\u0631\u064a \u0648\u062c\u0648\u064a \u0630\u0627\u062a \u062e\u0628\u0631\u0629.<\/p>\n\n\n\n<p>\u0644\u062f\u064a\u0646\u0627 \u0627\u062a\u0635\u0627\u0644\u0627\u062a \u062c\u064a\u062f\u0629 \u0639\u0644\u0649 \u0645\u0633\u062a\u0648\u0649 \u0627\u0644\u0639\u0627\u0644\u0645\u060c \u0628\u0645\u0627 \u0641\u064a \u0630\u0644\u0643 \u0627\u0644\u0634\u0631\u0643\u0627\u062a \u0648\u0627\u0644\u0628\u0644\u062f\u0627\u0646 \u0645\u062b\u0644 \u0645\u0635\u0631\u060c \u0623\u0646\u063a\u0648\u0644\u0627\u060c \u0627\u0644\u0628\u0648\u0633\u0646\u0629\u060c \u0627\u0644\u0635\u064a\u0646\u060c \u063a\u0627\u0646\u0627\u060c \u0627\u0644\u0647\u0646\u062f\u060c \u0627\u0644\u0639\u0631\u0627\u0642\u060c \u0643\u064a\u0646\u064a\u0627\u060c \u0643\u0631\u0648\u0627\u062a\u064a\u0627\u060c \u0639\u0645\u0627\u0646\u060c \u0627\u0644\u0645\u0645\u0644\u0643\u0629 \u0627\u0644\u0639\u0631\u0628\u064a\u0629 \u0627\u0644\u0633\u0639\u0648\u062f\u064a\u0629\u060c \u0635\u0631\u0628\u064a\u0627\u060c \u062a\u0646\u0632\u0627\u0646\u064a\u0627\u060c\u0646\u062d\u0646 \u0633\u0639\u062f\u0627\u0621 \u0644\u0644\u0625\u062c\u0627\u0628\u0629 \u0639\u0644\u0649 \u0623\u064a \u0623\u0633\u0626\u0644\u0629 \u0623\u062e\u0631\u0649 \u0642\u062f \u062a\u0643\u0648\u0646 \u0644\u062f\u064a\u0643\u0645. \u0646\u062a\u062d\u062f\u062b \u0627\u0644\u0623\u0644\u0645\u0627\u0646\u064a\u0629\u060c \u0627\u0644\u0625\u0646\u062c\u0644\u064a\u0632\u064a\u0629\u060c \u0627\u0644\u0635\u0631\u0628\u064a\u0629 \u0627\u0644\u0643\u0631\u0648\u0627\u062a\u064a\u0629 \u0648\u0627\u0644\u0639\u0631\u0628\u064a\u0629.<\/p>\n\n\n\n<h2 class=\"wp-block-heading\">Srp\/Hrv<\/h2>\n\n\n\n<p>Mi smo konsultantska, posredni\u010dka i nabavna kompanija sa sedi\u0161tem u Berlinu, sa dobrim me\u0111unarodnim vezama. Na\u0161a svetska mre\u017ea omogu\u0107ava na\u0161oj maloj i efikasnoj kompaniji da nabavi \u0161irok spektar tra\u017eenih roba, proizvoda i usluga. Na\u0161a kompanija je aktivna u oblastima kao \u0161to su konsalting, energetski proizvodi, vozila i specijalna vozila, ma\u0161ine i oprema, kao i sirovine, \u0111ubriva i osnovne namirnice.<\/p>\n\n\n\n<p>Veliku va\u017enost pridajemo pru\u017eanju li\u010dne usluge i direktnog kontakta na\u0161im poslovnim partnerima. Na\u0161i klijenti uklju\u010duju male i velike trgova\u010dke i industrijske kompanije, javne ustanove i organe vlasti.<\/p>\n\n\n\n<p>Kao kompanija za usluge, povezujemo proizvo\u0111a\u010de, distributere i preduzetnike sa potencijalnim klijentima ili tra\u017eimo odgovaraju\u0107e proizvode i dobavlja\u010de za na\u0161e klijente. Na\u0161 zadatak je da delujemo kao pouzdana veza izme\u0111u poslovnih partnera i osiguramo nesmetano poslovanje. Na zahtev, za na\u0161e klijente obavljamo kupovinu, prodaju, uvoz i izvoz proizvoda i brinemo se za potrebnu logistiku. Radimo sa iskusnim \u0161pediterima, brodarskim kompanijama i avio-kompanijama.<\/p>\n\n\n\n<p>Rado \u0107emo odgovoriti na sva va\u0161a pitanja. Govorimo nema\u010dki, engleski, srpskohrvatski i arapski.<\/p>\n\n\n\n<div class=\"wp-block-contact-form-7-contact-form-selector\">\n<div class=\"wpcf7 no-js\" id=\"wpcf7-f856-o1\" lang=\"de-DE\" dir=\"ltr\" data-wpcf7-id=\"856\">\n<div class=\"screen-reader-response\"><p role=\"status\" aria-live=\"polite\" aria-atomic=\"true\"><\/p> <ul><\/ul><\/div>\n<form action=\"\/index.php?rest_route=%2Fwp%2Fv2%2Fpages%2F17#wpcf7-f856-o1\" method=\"post\" class=\"wpcf7-form init\" aria-label=\"Kontaktformular\" novalidate=\"novalidate\" data-status=\"init\">\n<fieldset class=\"hidden-fields-container\"><input type=\"hidden\" name=\"_wpcf7\" value=\"856\" \/><input type=\"hidden\" name=\"_wpcf7_version\" value=\"6.1.5\" \/><input type=\"hidden\" name=\"_wpcf7_locale\" value=\"de_DE\" \/><input type=\"hidden\" name=\"_wpcf7_unit_tag\" value=\"wpcf7-f856-o1\" \/><input type=\"hidden\" name=\"_wpcf7_container_post\" value=\"0\" \/><input type=\"hidden\" name=\"_wpcf7_posted_data_hash\" value=\"\" \/>\n<\/fieldset>\n<p><label> Ihr Name<br \/>\n<span class=\"wpcf7-form-control-wrap\" data-name=\"your-name\"><input size=\"40\" maxlength=\"400\" class=\"wpcf7-form-control wpcf7-text wpcf7-validates-as-required\" autocomplete=\"name\" aria-required=\"true\" aria-invalid=\"false\" value=\"\" type=\"text\" name=\"your-name\" \/><\/span> <\/label>\n<\/p>\n<p><label> Ihre E-Mail-Adresse<br \/>\n<span class=\"wpcf7-form-control-wrap\" data-name=\"your-email\"><input size=\"40\" maxlength=\"400\" class=\"wpcf7-form-control wpcf7-email wpcf7-validates-as-required wpcf7-text wpcf7-validates-as-email\" autocomplete=\"email\" aria-required=\"true\" aria-invalid=\"false\" value=\"\" type=\"email\" name=\"your-email\" \/><\/span> <\/label>\n<\/p>\n<p><label> Betreff<br \/>\n<span class=\"wpcf7-form-control-wrap\" data-name=\"your-subject\"><input size=\"40\" maxlength=\"400\" class=\"wpcf7-form-control wpcf7-text wpcf7-validates-as-required\" aria-required=\"true\" aria-invalid=\"false\" value=\"\" type=\"text\" name=\"your-subject\" \/><\/span> <\/label>\n<\/p>\n<p><label> Ihre Nachricht (optional)<br \/>\n<span class=\"wpcf7-form-control-wrap\" data-name=\"your-message\"><textarea cols=\"40\" rows=\"10\" maxlength=\"2000\" class=\"wpcf7-form-control wpcf7-textarea\" aria-invalid=\"false\" name=\"your-message\"><\/textarea><\/span> <\/label>\n<\/p>\n<p><input class=\"wpcf7-form-control wpcf7-submit has-spinner\" type=\"submit\" value=\"Senden\" \/>\n<\/p><div class=\"wpcf7-response-output\" aria-hidden=\"true\"><\/div>\n<\/form>\n<\/div>\n<\/div>\n","protected":false},"excerpt":{"rendered":"<p>Unser in Berlin ans\u00e4ssiges, international gut vernetztes Unternehmen ist in der Lage, eine Vielzahl gefragter Waren, Produkte und Dienstleistungen zu beschaffen, liefern und zu vermitteln. Wir verf\u00fcgen \u00fcber Erfahrungen u.a. auf folgenden Gebieten: Als kleineres Unternehmen ist es uns m\u00f6glich, unseren Gesch\u00e4ftspartnern einen individuellen Service und direkte Ansprechpartner zu bieten. Wir arbeiten schnell, effizient und &hellip; <\/p>\n<p class=\"link-more\"><a href=\"https:\/\/blsgruppe.com\/?page_id=17\" class=\"more-link\"><span class=\"screen-reader-text\">\u201e\u00dcber uns\u201c<\/span> weiterlesen<\/a><\/p>\n","protected":false},"author":1,"featured_media":0,"parent":0,"menu_order":0,"comment_status":"closed","ping_status":"closed","template":"","meta":{"footnotes":""},"class_list":["post-17","page","type-page","status-publish","hentry"],"_links":{"self":[{"href":"https:\/\/blsgruppe.com\/index.php?rest_route=\/wp\/v2\/pages\/17","targetHints":{"allow":["GET"]}}],"collection":[{"href":"https:\/\/blsgruppe.com\/index.php?rest_route=\/wp\/v2\/pages"}],"about":[{"href":"https:\/\/blsgruppe.com\/index.php?rest_route=\/wp\/v2\/types\/page"}],"author":[{"embeddable":true,"href":"https:\/\/blsgruppe.com\/index.php?rest_route=\/wp\/v2\/users\/1"}],"replies":[{"embeddable":true,"href":"https:\/\/blsgruppe.com\/index.php?rest_route=%2Fwp%2Fv2%2Fcomments&post=17"}],"version-history":[{"count":85,"href":"https:\/\/blsgruppe.com\/index.php?rest_route=\/wp\/v2\/pages\/17\/revisions"}],"predecessor-version":[{"id":3519,"href":"https:\/\/blsgruppe.com\/index.php?rest_route=\/wp\/v2\/pages\/17\/revisions\/3519"}],"wp:attachment":[{"href":"https:\/\/blsgruppe.com\/index.php?rest_route=%2Fwp%2Fv2%2Fmedia&parent=17"}],"curies":[{"name":"wp","href":"https:\/\/api.w.org\/{rel}","templated":true}]}}