{"id":1938,"date":"2024-07-02T15:35:38","date_gmt":"2024-07-02T15:35:38","guid":{"rendered":"https:\/\/blsgruppe.com\/?page_id=1938"},"modified":"2025-11-19T08:18:57","modified_gmt":"2025-11-19T08:18:57","slug":"autokauf-fahrzeugkauf","status":"publish","type":"page","link":"https:\/\/blsgruppe.com\/?page_id=1938","title":{"rendered":"Autokauf &#8211; Fahrzeugkauf"},"content":{"rendered":"\n<figure class=\"wp-block-image size-full\"><img loading=\"lazy\" decoding=\"async\" width=\"1015\" height=\"385\" src=\"https:\/\/blsgruppe.com\/wp-content\/uploads\/2024\/12\/wir_kaufen_ihr_wunschauto.png\" alt=\"\" class=\"wp-image-2964\" srcset=\"https:\/\/blsgruppe.com\/wp-content\/uploads\/2024\/12\/wir_kaufen_ihr_wunschauto.png 1015w, https:\/\/blsgruppe.com\/wp-content\/uploads\/2024\/12\/wir_kaufen_ihr_wunschauto-300x114.png 300w, https:\/\/blsgruppe.com\/wp-content\/uploads\/2024\/12\/wir_kaufen_ihr_wunschauto-768x291.png 768w\" sizes=\"auto, (max-width: 706px) 89vw, (max-width: 767px) 82vw, 740px\" \/><\/figure>\n\n\n\n<h1 class=\"wp-block-heading\" style=\"font-size:20px\"><strong>Wir kaufen Ihr Wunschfahrzeug in Deutschland, Europa und Weltweit<\/strong><\/h1>\n\n\n\n<p style=\"font-size:16px\">Sie m\u00f6chten in Deutschland, Europa oder weltweit Fahrzeuge kaufen, sind aber nicht Vorort oder haben keine Zeit oder Kapazit\u00e4ten daf\u00fcr. <\/p>\n\n\n\n<p style=\"font-size:16px\">Gerne \u00fcbernehmen wir f\u00fcr Sie den kompletten Fahrzeugankauf, sowie die weltweite Verschiffung zu Ihrem Standort. Ob ein oder 300 Fahrzeuge. <a href=\"https:\/\/blsgruppe.com\/?page_id=84\" data-type=\"page\" data-id=\"84\">Kontakt<\/a> <\/p>\n\n\n\n<h2 class=\"wp-block-heading\" style=\"font-size:16px\"><strong>PKW, NKW, LKW oder Spezialfahrzeugkauf, wir werden gerne f\u00fcr Sie t\u00e4tig<\/strong><\/h2>\n\n\n\n<p>Sie senden uns daf\u00fcr alle notwendigen Daten, wie Fahrzeugmodell mit Baujahr und allen gew\u00fcnschten Ausstattungsdetails. Gerne senden wir Ihnen unsere <strong>Kaufcheckliste<\/strong> zu. Im Anschlu\u00df erhalten wir von Ihnen einen Kaufauftrag und werden f\u00fcr Sie t\u00e4tig. <\/p>\n\n\n\n<p>Bitte nehmen Sie Kontakt mit uns auf und Sie erhalten alle erforderlichen Informationen zum Ablauf.<\/p>\n\n\n\n<p style=\"font-size:16px\"> <strong><a href=\"https:\/\/blsgruppe.com\/?page_id=84\" data-type=\"page\" data-id=\"84\" target=\"_blank\" rel=\"noreferrer noopener\">KONTAKT<\/a><\/strong><\/p>\n\n\n\n<h1 class=\"wp-block-heading\">Fahrzeugverkauf \/ Service<\/h1>\n\n\n\n<h1 class=\"wp-block-heading\" style=\"font-size:20px\"><strong>Wir verkaufen Ihr Fahrzeug in Deutschland, Europa und Weltweit<\/strong><\/h1>\n\n\n\n<p>Sie m\u00f6chten in Deutschland, Europa oder weltweit Fahrzeuge Ihr Fahrzeug oder Ihre Fahrzeuge verkaufen, haben jedoch keine Zeit oder Kapazit\u00e4t daf\u00fcr.<\/p>\n\n\n\n<p>Gerne \u00fcbernehmen wir f\u00fcr Sie den kompletten Fahrzeugverkauf, sowie bei Bedarf auch um den Transport oder auch weltweite Verschiffung zum K\u00e4ufer. Ob ein oder 300 Fahrzeuge, wir werden gerne f\u00fcr Sie t\u00e4tig. Alle weiteren Informationen sowie unsere Checkliste herhalten Sie hier: <a href=\"https:\/\/blsgruppe.com\/?page_id=84&amp;customize_changeset_uuid=d94d805e-3a8d-450b-85ee-a053983ef1f8&amp;customize_autosaved=on&amp;customize_messenger_channel=preview-2\">Kontakt<\/a><\/p>\n\n\n\n<h2 class=\"wp-block-heading\"><strong>PKW, NKW, LKW oder Spezialfahrzeugverkauf, wir werden gerne f\u00fcr Sie t\u00e4tig<\/strong><\/h2>\n\n\n\n<p>Sie senden uns alle notwendigen Daten, wie Fahrzeugmodell mit Baujahr und Ausstattungsdetails. Gerne senden wir Ihnen unsere <strong>Verkaufscheckliste<\/strong> zu. Im Anschlu\u00df erhalten wir von Ihnen einen Verkaufsaufauftrag und werden f\u00fcr Sie t\u00e4tig.<\/p>\n\n\n\n<p>Bitte nehmen Sie <strong><a href=\"https:\/\/blsgruppe.com\/?page_id=84&amp;customize_changeset_uuid=d94d805e-3a8d-450b-85ee-a053983ef1f8&amp;customize_autosaved=on&amp;customize_messenger_channel=preview-2\">Kontakt<\/a><\/strong> mit uns auf und Sie erhalten alle erforderlichen Informationen zum weiteren Ablauf.<\/p>\n","protected":false},"excerpt":{"rendered":"<p>Wir kaufen Ihr Wunschfahrzeug in Deutschland, Europa und Weltweit Sie m\u00f6chten in Deutschland, Europa oder weltweit Fahrzeuge kaufen, sind aber nicht Vorort oder haben keine Zeit oder Kapazit\u00e4ten daf\u00fcr. Gerne \u00fcbernehmen wir f\u00fcr Sie den kompletten Fahrzeugankauf, sowie die weltweite Verschiffung zu Ihrem Standort. Ob ein oder 300 Fahrzeuge. Kontakt PKW, NKW, LKW oder Spezialfahrzeugkauf, &hellip; <\/p>\n<p class=\"link-more\"><a href=\"https:\/\/blsgruppe.com\/?page_id=1938\" class=\"more-link\"><span class=\"screen-reader-text\">\u201eAutokauf &#8211; Fahrzeugkauf\u201c <\/span>weiterlesen<\/a><\/p>\n","protected":false},"author":1,"featured_media":0,"parent":0,"menu_order":0,"comment_status":"closed","ping_status":"closed","template":"","meta":{"footnotes":""},"class_list":["post-1938","page","type-page","status-publish","hentry"],"_links":{"self":[{"href":"https:\/\/blsgruppe.com\/index.php?rest_route=\/wp\/v2\/pages\/1938","targetHints":{"allow":["GET"]}}],"collection":[{"href":"https:\/\/blsgruppe.com\/index.php?rest_route=\/wp\/v2\/pages"}],"about":[{"href":"https:\/\/blsgruppe.com\/index.php?rest_route=\/wp\/v2\/types\/page"}],"author":[{"embeddable":true,"href":"https:\/\/blsgruppe.com\/index.php?rest_route=\/wp\/v2\/users\/1"}],"replies":[{"embeddable":true,"href":"https:\/\/blsgruppe.com\/index.php?rest_route=%2Fwp%2Fv2%2Fcomments&post=1938"}],"version-history":[{"count":12,"href":"https:\/\/blsgruppe.com\/index.php?rest_route=\/wp\/v2\/pages\/1938\/revisions"}],"predecessor-version":[{"id":3522,"href":"https:\/\/blsgruppe.com\/index.php?rest_route=\/wp\/v2\/pages\/1938\/revisions\/3522"}],"wp:attachment":[{"href":"https:\/\/blsgruppe.com\/index.php?rest_route=%2Fwp%2Fv2%2Fmedia&parent=1938"}],"curies":[{"name":"wp","href":"https:\/\/api.w.org\/{rel}","templated":true}]}}