{"id":2375,"date":"2024-09-13T13:38:55","date_gmt":"2024-09-13T13:38:55","guid":{"rendered":"https:\/\/blsgruppe.com\/?page_id=2375"},"modified":"2024-10-08T22:14:05","modified_gmt":"2024-10-08T22:14:05","slug":"firmenvertretung","status":"publish","type":"page","link":"https:\/\/blsgruppe.com\/?page_id=2375","title":{"rendered":"Firmenvertretungen"},"content":{"rendered":"\n<h1 class=\"wp-block-heading\"><\/h1>\n\n\n\n<figure class=\"wp-block-image\"><img decoding=\"async\" src=\"https:\/\/blsgruppe.de\/wp-content\/uploads\/2023\/01\/consulting_bild.webp\" alt=\"\" class=\"wp-image-1964\"\/><\/figure>\n\n\n\n<p>Wir sind ein international gut vernetztes Beratungs-, Beschaffungs- und Vermittlungsunternehmen. Gerne vertreten wir Ihr Unternehmen, Ihre Produkte  bzw. Ihre Gesellschaft und Anliegen im DACH-Raum und in den L\u00e4ndern, in denen wir aktiv sind oder Sie aktiv werden m\u00f6chten.<\/p>\n\n\n\n<p>Ob Kontaktvermittlung oder konkreter Gesch\u00e4ftswunsch: Wir schaffen Verbindungen zwischen Handelsfirmen, Herstellern, Gro\u00dfh\u00e4ndlern, Beh\u00f6rden, Organisationen usw.. Auf Wunsch \u00fcbernehmen wir auch die komplette Gesch\u00e4ftsabwicklung f\u00fcr Sie, wie Kauf, Verkauf, Import und Export.<\/p>\n\n\n\n<p><a href=\"https:\/\/blsgruppe.de\/kontakt\/\">Kontakt<\/a><\/p>\n\n\n\n<hr class=\"wp-block-separator has-alpha-channel-opacity\"\/>\n\n\n\n<p><strong>ENG\/ ESP\/ FRA\/ RUS\/ ARA\/ SRP:<\/strong><\/p>\n\n\n\n<p><br>We are an internationally well-connected consulting, intermediary and procurement company. We would be pleased to represent your company or organization and its concerns in Germany and the countries where we are active, or in the countries where you would like to become active.<\/p>\n\n\n\n<p>Whether it\u2019s contact mediation or a specific business desire, we create connections between trading companies, manufacturers, wholesalers, authorities, etc. Upon request, we also take care of the complete business transaction for you.<\/p>\n\n\n\n<p><a href=\"https:\/\/blsgruppe.com\/?page_id=84\" data-type=\"page\" data-id=\"84\">Contact<\/a><\/p>\n\n\n\n<hr class=\"wp-block-separator has-alpha-channel-opacity\"\/>\n\n\n\n<p><br>Somos una empresa de consultor\u00eda y adquisiciones internacionalmente bien conectada. Nos complacer\u00e1 representar a su empresa u organizaci\u00f3n y sus preocupaciones en Alemania y en los pa\u00edses donde estamos activos, o en los pa\u00edses donde le gustar\u00eda estar activo.<\/p>\n\n\n\n<p>Ya sea mediaci\u00f3n de contactos o un deseo comercial espec\u00edfico, creamos conexiones entre empresas comerciales, fabricantes, mayoristas, autoridades, etc. A petici\u00f3n, tambi\u00e9n nos encargamos de la transacci\u00f3n comercial completa para usted.<\/p>\n\n\n\n<p><a href=\"https:\/\/blsgruppe.com\/?page_id=84\" data-type=\"page\" data-id=\"84\">Contacto<\/a><\/p>\n\n\n\n<hr class=\"wp-block-separator has-alpha-channel-opacity\"\/>\n\n\n\n<p><br>Nous sommes une entreprise de conseil et d\u2019approvisionnement internationalement bien connect\u00e9e. Nous serions heureux de repr\u00e9senter votre entreprise ou organisation et ses pr\u00e9occupations en Allemagne et dans les pays o\u00f9 nous sommes actifs, ou dans les pays o\u00f9 vous souhaitez devenir actif.<\/p>\n\n\n\n<p>Qu\u2019il s\u2019agisse de m\u00e9diation de contacts ou d\u2019un d\u00e9sir commercial sp\u00e9cifique, nous cr\u00e9ons des liens entre les soci\u00e9t\u00e9s commerciales, les fabricants, les grossistes, les autorit\u00e9s, etc. Sur demande, nous nous occupons \u00e9galement de l\u2019ensemble de la transaction commerciale pour vous.<\/p>\n\n\n\n<p><a href=\"https:\/\/blsgruppe.com\/?page_id=84\" data-type=\"page\" data-id=\"84\">Contact<\/a><\/p>\n\n\n\n<hr class=\"wp-block-separator has-alpha-channel-opacity\"\/>\n\n\n\n<p>\u041c\u044b \u2013 \u043c\u0435\u0436\u0434\u0443\u043d\u0430\u0440\u043e\u0434\u043d\u043e \u0445\u043e\u0440\u043e\u0448\u043e \u0441\u0432\u044f\u0437\u0430\u043d\u043d\u0430\u044f \u043a\u043e\u043d\u0441\u0430\u043b\u0442\u0438\u043d\u0433\u043e\u0432\u0430\u044f \u0438 \u0441\u043d\u0430\u0431\u0436\u0435\u043d\u0447\u0435\u0441\u043a\u0430\u044f \u043a\u043e\u043c\u043f\u0430\u043d\u0438\u044f. \u041c\u044b \u0431\u0443\u0434\u0435\u043c \u0440\u0430\u0434\u044b \u043f\u0440\u0435\u0434\u0441\u0442\u0430\u0432\u043b\u044f\u0442\u044c \u0432\u0430\u0448\u0443 \u043a\u043e\u043c\u043f\u0430\u043d\u0438\u044e \u0438\u043b\u0438 \u043e\u0440\u0433\u0430\u043d\u0438\u0437\u0430\u0446\u0438\u044e \u0438 \u0435\u0435 \u0438\u043d\u0442\u0435\u0440\u0435\u0441\u044b \u0432 \u0413\u0435\u0440\u043c\u0430\u043d\u0438\u0438 \u0438 \u0432 \u0441\u0442\u0440\u0430\u043d\u0430\u0445, \u0433\u0434\u0435 \u043c\u044b \u0430\u043a\u0442\u0438\u0432\u043d\u044b, \u0438\u043b\u0438 \u0432 \u0441\u0442\u0440\u0430\u043d\u0430\u0445, \u0433\u0434\u0435 \u0432\u044b \u0445\u043e\u0442\u0435\u043b\u0438 \u0431\u044b \u0431\u044b\u0442\u044c \u0430\u043a\u0442\u0438\u0432\u043d\u044b\u043c\u0438.<\/p>\n\n\n\n<p>\u0411\u0443\u0434\u044c \u0442\u043e \u043f\u043e\u0441\u0440\u0435\u0434\u043d\u0438\u0447\u0435\u0441\u0442\u0432\u043e \u0432 \u043a\u043e\u043d\u0442\u0430\u043a\u0442\u0430\u0445 \u0438\u043b\u0438 \u043a\u043e\u043d\u043a\u0440\u0435\u0442\u043d\u043e\u0435 \u0434\u0435\u043b\u043e\u0432\u043e\u0435 \u0436\u0435\u043b\u0430\u043d\u0438\u0435, \u043c\u044b \u0441\u043e\u0437\u0434\u0430\u0435\u043c \u0441\u0432\u044f\u0437\u0438 \u043c\u0435\u0436\u0434\u0443 \u0442\u043e\u0440\u0433\u043e\u0432\u044b\u043c\u0438 \u043a\u043e\u043c\u043f\u0430\u043d\u0438\u044f\u043c\u0438, \u043f\u0440\u043e\u0438\u0437\u0432\u043e\u0434\u0438\u0442\u0435\u043b\u044f\u043c\u0438, \u043e\u043f\u0442\u043e\u0432\u0438\u043a\u0430\u043c\u0438, \u0432\u043b\u0430\u0441\u0442\u044f\u043c\u0438 \u0438 \u0442. \u0434. \u041f\u043e \u0437\u0430\u043f\u0440\u043e\u0441\u0443 \u043c\u044b \u0442\u0430\u043a\u0436\u0435 \u0431\u0435\u0440\u0435\u043c \u043d\u0430 \u0441\u0435\u0431\u044f \u043f\u043e\u043b\u043d\u0443\u044e \u043a\u043e\u043c\u043c\u0435\u0440\u0447\u0435\u0441\u043a\u0443\u044e \u0442\u0440\u0430\u043d\u0437\u0430\u043a\u0446\u0438\u044e \u0434\u043b\u044f \u0432\u0430\u0441.<\/p>\n\n\n\n<p><a href=\"https:\/\/blsgruppe.com\/?page_id=84\" data-type=\"page\" data-id=\"84\">\u041a\u043e\u043d\u0442\u0430\u043a\u0442<\/a><\/p>\n\n\n\n<hr class=\"wp-block-separator has-alpha-channel-opacity\"\/>\n\n\n\n<p>\u0646\u062d\u0646 \u0634\u0631\u0643\u0629 \u0627\u0633\u062a\u0634\u0627\u0631\u064a\u0629 \u0648\u062a\u0648\u0631\u064a\u062f\u0627\u062a \u0645\u062a\u0635\u0644\u0629 \u0628\u0634\u0643\u0644 \u062c\u064a\u062f \u062f\u0648\u0644\u064a\u064b\u0627. \u0633\u0646\u0643\u0648\u0646 \u0633\u0639\u062f\u0627\u0621 \u0628\u062a\u0645\u062b\u064a\u0644 \u0634\u0631\u0643\u062a\u0643 \u0623\u0648 \u0645\u0646\u0638\u0645\u062a\u0643 \u0648\u0645\u0635\u0627\u0644\u062d\u0647\u0627 \u0641\u064a \u0623\u0644\u0645\u0627\u0646\u064a\u0627 \u0648\u0627\u0644\u062f\u0648\u0644 \u0627\u0644\u062a\u064a \u0646\u0639\u0645\u0644 \u0641\u064a\u0647\u0627\u060c \u0623\u0648 \u0641\u064a \u0627\u0644\u0628\u0644\u062f\u0627\u0646 \u0627\u0644\u062a\u064a \u062a\u0631\u063a\u0628 \u0641\u064a \u0627\u0644\u0646\u0634\u0627\u0637 \u0641\u064a\u0647\u0627.<\/p>\n\n\n\n<p>\u0633\u0648\u0627\u0621 \u0643\u0627\u0646 \u0627\u0644\u0623\u0645\u0631 \u064a\u062a\u0639\u0644\u0642 \u0628\u0648\u0633\u0627\u0637\u0629 \u0627\u0644\u0627\u062a\u0635\u0627\u0644 \u0623\u0648 \u0631\u063a\u0628\u0629 \u062a\u062c\u0627\u0631\u064a\u0629 \u0645\u062d\u062f\u062f\u0629\u060c \u0646\u0642\u0648\u0645 \u0628\u0625\u0646\u0634\u0627\u0621 \u0627\u062a\u0635\u0627\u0644\u0627\u062a \u0628\u064a\u0646 \u0627\u0644\u0634\u0631\u0643\u0627\u062a \u0627\u0644\u062a\u062c\u0627\u0631\u064a\u0629 \u0648\u0627\u0644\u0645\u0635\u0646\u0639\u064a\u0646 \u0648\u062a\u062c\u0627\u0631 \u0627\u0644\u062c\u0645\u0644\u0629 \u0648\u0627\u0644\u0633\u0644\u0637\u0627\u062a\u060c \u0625\u0644\u062e. \u0628\u0646\u0627\u0621\u064b \u0639\u0644\u0649 \u0627\u0644\u0637\u0644\u0628\u060c \u0646\u0642\u0648\u0645 \u0623\u064a\u0636\u064b\u0627 \u0628\u062a\u0648\u0644\u064a \u0643\u0627\u0645\u0644 \u0627\u0644\u0645\u0639\u0627\u0645\u0644\u0629 \u0627\u0644\u062a\u062c\u0627\u0631\u064a\u0629 \u0644\u0643.<\/p>\n\n\n\n<p><a href=\"https:\/\/blsgruppe.com\/?page_id=84\" data-type=\"page\" data-id=\"84\">\u0627\u062a\u0635\u0644<\/a><\/p>\n\n\n\n<hr class=\"wp-block-separator has-alpha-channel-opacity\"\/>\n\n\n\n<p>Mi smo internacionalno dobro povezana konsultantska i nabavna firma. Rado \u0107emo zastupati va\u0161u firmu ili organizaciju i va\u0161e interese u Nema\u010dkoj i zemljama u kojima smo aktivni, ili u zemljama u kojima \u017eelite biti aktivni.<\/p>\n\n\n\n<p>Bilo da se radi o posredovanju u kontaktima ili konkretnom poslovnom \u017eeljom, stvaramo veze izme\u0111u trgovinskih firmi, proizvo\u0111a\u010da, veletrgovaca, vlasti itd. Po zahtevu, tako\u0111e preuzimamo kompletnu poslovnu transakciju za vas.<\/p>\n\n\n\n<p><a href=\"https:\/\/blsgruppe.com\/?page_id=84\" data-type=\"page\" data-id=\"84\">Kontakt<\/a><\/p>\n","protected":false},"excerpt":{"rendered":"<p>Wir sind ein international gut vernetztes Beratungs-, Beschaffungs- und Vermittlungsunternehmen. Gerne vertreten wir Ihr Unternehmen, Ihre Produkte bzw. Ihre Gesellschaft und Anliegen im DACH-Raum und in den L\u00e4ndern, in denen wir aktiv sind oder Sie aktiv werden m\u00f6chten. Ob Kontaktvermittlung oder konkreter Gesch\u00e4ftswunsch: Wir schaffen Verbindungen zwischen Handelsfirmen, Herstellern, Gro\u00dfh\u00e4ndlern, Beh\u00f6rden, Organisationen usw.. Auf Wunsch &hellip; <\/p>\n<p class=\"link-more\"><a href=\"https:\/\/blsgruppe.com\/?page_id=2375\" class=\"more-link\"><span class=\"screen-reader-text\">\u201eFirmenvertretungen\u201c<\/span> weiterlesen<\/a><\/p>\n","protected":false},"author":1,"featured_media":0,"parent":0,"menu_order":0,"comment_status":"closed","ping_status":"closed","template":"","meta":{"footnotes":""},"class_list":["post-2375","page","type-page","status-publish","hentry"],"_links":{"self":[{"href":"https:\/\/blsgruppe.com\/index.php?rest_route=\/wp\/v2\/pages\/2375","targetHints":{"allow":["GET"]}}],"collection":[{"href":"https:\/\/blsgruppe.com\/index.php?rest_route=\/wp\/v2\/pages"}],"about":[{"href":"https:\/\/blsgruppe.com\/index.php?rest_route=\/wp\/v2\/types\/page"}],"author":[{"embeddable":true,"href":"https:\/\/blsgruppe.com\/index.php?rest_route=\/wp\/v2\/users\/1"}],"replies":[{"embeddable":true,"href":"https:\/\/blsgruppe.com\/index.php?rest_route=%2Fwp%2Fv2%2Fcomments&post=2375"}],"version-history":[{"count":11,"href":"https:\/\/blsgruppe.com\/index.php?rest_route=\/wp\/v2\/pages\/2375\/revisions"}],"predecessor-version":[{"id":2590,"href":"https:\/\/blsgruppe.com\/index.php?rest_route=\/wp\/v2\/pages\/2375\/revisions\/2590"}],"wp:attachment":[{"href":"https:\/\/blsgruppe.com\/index.php?rest_route=%2Fwp%2Fv2%2Fmedia&parent=2375"}],"curies":[{"name":"wp","href":"https:\/\/api.w.org\/{rel}","templated":true}]}}