{"id":3351,"date":"2025-01-30T07:33:07","date_gmt":"2025-01-30T07:33:07","guid":{"rendered":"https:\/\/blsgruppe.com\/?page_id=3351"},"modified":"2025-05-20T16:14:15","modified_gmt":"2025-05-20T16:14:15","slug":"faq","status":"publish","type":"page","link":"https:\/\/blsgruppe.com\/?page_id=3351","title":{"rendered":"FAQ"},"content":{"rendered":"\n<h2 class=\"wp-block-heading\" style=\"font-size:16px\"><strong>Auf Ihrer Webseite findet sich ein umfangreiches Angebot. Sind sie H\u00e4ndler, Berater oder Industriemakler?<\/strong><\/h2>\n\n\n\n<p style=\"font-size:16px\">Wir handeln im eigenen Namen, sind aber auch f\u00fcr andere Firmen oder Organisationen t\u00e4tig. So treffen auf uns auch in einigen Bereichen die Begriffe Procurement Agency, Vermittler, Kontaktvermittler, Handelsmakler, Broker, Intermediary oder Export Agent zu.<\/p>\n\n\n\n<h2 class=\"wp-block-heading\" style=\"font-size:16px\"><strong>Sind sie Generalist oder Spezialist f\u00fcr alle von Ihnen angebotenen Waren und Dienstleistungen?<\/strong><\/h2>\n\n\n\n<p style=\"font-size:16px\">Eine gesunde Mischung aus beidem trifft es am besten. Unser Unternehmen verf\u00fcgt \u00fcber ein umfangreiches Netzwerk und kooperiert bei Bedarf mit den entsprechenden Spezialisten.<\/p>\n\n\n\n<h2 class=\"wp-block-heading\" style=\"font-size:16px\"><strong>Von wem werden Sie bezahlt?<\/strong><\/h2>\n\n\n\n<p style=\"font-size:16px\">Wie im Leben gilt: Wer die Musik bestellt, der bezahlt das Orchester. Allgemein zahlt der Auftraggeber unser Honorar oder die Provision. Es kommt aber auch vor, das sich K\u00e4ufer und Verk\u00e4ufer die Rechnung teilen.<\/p>\n\n\n\n<h2 class=\"wp-block-heading\" style=\"font-size:16px\"><strong>Warum sollten wir einen Makler oder Zwischenh\u00e4ndler beauftragen, wo doch heute im Internet alles online zu finden ist?<\/strong><\/h2>\n\n\n\n<p>Nat\u00fcrlich l\u00e4sst sich heute vieles im Internet finden und bestellen. Aber bei weitem nicht alles. Und gerade bei hochwertigen, technischen, teuren und speziellen Produkten k\u00f6nnen Fehler im Ein- und Verkauf teuer werden. Dann kommen noch die sprachlichen, kulturellen und rechtlichen Besonderheiten der jeweiligen L\u00e4nder dazu. Und manchmal ist es auch einfach besser, eine unabh\u00e4ngige dritte Partei zwischen sich zu haben.<\/p>\n\n\n\n<h2 class=\"wp-block-heading\" style=\"font-size:16px\"><strong>Vermitteln Sie auch Personal?<\/strong><\/h2>\n\n\n\n<p>Ja, aber wir sind keine Personalvermittlung oder Zeitarbeitsvermittlung. Wir sorgen f\u00fcr die entsprechenden Kontakte, die n\u00f6tigen Papiere und begleiten teilweise die Phase der Einarbeitung. Danach \u00fcbernehmen unsere Kunden das Personal. <\/p>\n\n\n\n<p>So vermitteln wir im Baubereich u.a. Br\u00fcckenbauer, Trockenbauer, Fliesenleger, Stra\u00dfen- und Tiefbauer, Bauhelfer, Abbruchhelfer. Ein anderer Bereich vermittelt qualifiziertes internationales Pflege- und Krankenhauspersonal. <\/p>\n","protected":false},"excerpt":{"rendered":"<p>Auf Ihrer Webseite findet sich ein umfangreiches Angebot. Sind sie H\u00e4ndler, Berater oder Industriemakler? Wir handeln im eigenen Namen, sind aber auch f\u00fcr andere Firmen oder Organisationen t\u00e4tig. So treffen auf uns auch in einigen Bereichen die Begriffe Procurement Agency, Vermittler, Kontaktvermittler, Handelsmakler, Broker, Intermediary oder Export Agent zu. Sind sie Generalist oder Spezialist f\u00fcr &hellip; <\/p>\n<p class=\"link-more\"><a href=\"https:\/\/blsgruppe.com\/?page_id=3351\" class=\"more-link\"><span class=\"screen-reader-text\">\u201eFAQ\u201c <\/span>weiterlesen<\/a><\/p>\n","protected":false},"author":1,"featured_media":0,"parent":0,"menu_order":0,"comment_status":"closed","ping_status":"closed","template":"","meta":{"footnotes":""},"class_list":["post-3351","page","type-page","status-publish","hentry"],"_links":{"self":[{"href":"https:\/\/blsgruppe.com\/index.php?rest_route=\/wp\/v2\/pages\/3351","targetHints":{"allow":["GET"]}}],"collection":[{"href":"https:\/\/blsgruppe.com\/index.php?rest_route=\/wp\/v2\/pages"}],"about":[{"href":"https:\/\/blsgruppe.com\/index.php?rest_route=\/wp\/v2\/types\/page"}],"author":[{"embeddable":true,"href":"https:\/\/blsgruppe.com\/index.php?rest_route=\/wp\/v2\/users\/1"}],"replies":[{"embeddable":true,"href":"https:\/\/blsgruppe.com\/index.php?rest_route=%2Fwp%2Fv2%2Fcomments&post=3351"}],"version-history":[{"count":20,"href":"https:\/\/blsgruppe.com\/index.php?rest_route=\/wp\/v2\/pages\/3351\/revisions"}],"predecessor-version":[{"id":3500,"href":"https:\/\/blsgruppe.com\/index.php?rest_route=\/wp\/v2\/pages\/3351\/revisions\/3500"}],"wp:attachment":[{"href":"https:\/\/blsgruppe.com\/index.php?rest_route=%2Fwp%2Fv2%2Fmedia&parent=3351"}],"curies":[{"name":"wp","href":"https:\/\/api.w.org\/{rel}","templated":true}]}}