{"id":3376,"date":"2025-02-12T17:14:25","date_gmt":"2025-02-12T17:14:25","guid":{"rendered":"https:\/\/blsgruppe.com\/?page_id=3376"},"modified":"2025-03-11T13:58:28","modified_gmt":"2025-03-11T13:58:28","slug":"luftfilter-pkw-lkw-nkw-bus","status":"publish","type":"page","link":"https:\/\/blsgruppe.com\/?page_id=3376","title":{"rendered":"Luftfilter PKW LKW NKW BUS"},"content":{"rendered":"\n<p>Willkommen in unserem Gesch\u00e4ftsbereich Luftfilter. <\/p>\n\n\n\n<figure class=\"wp-block-image size-large\"><img loading=\"lazy\" decoding=\"async\" width=\"1024\" height=\"771\" src=\"https:\/\/blsgruppe.com\/wp-content\/uploads\/2025\/02\/luftfilter-1024x771.jpg\" alt=\"\" class=\"wp-image-3384\" srcset=\"https:\/\/blsgruppe.com\/wp-content\/uploads\/2025\/02\/luftfilter-1024x771.jpg 1024w, https:\/\/blsgruppe.com\/wp-content\/uploads\/2025\/02\/luftfilter-300x226.jpg 300w, https:\/\/blsgruppe.com\/wp-content\/uploads\/2025\/02\/luftfilter-768x578.jpg 768w, https:\/\/blsgruppe.com\/wp-content\/uploads\/2025\/02\/luftfilter-1536x1157.jpg 1536w, https:\/\/blsgruppe.com\/wp-content\/uploads\/2025\/02\/luftfilter-2048x1542.jpg 2048w\" sizes=\"auto, (max-width: 706px) 89vw, (max-width: 767px) 82vw, 740px\" \/><\/figure>\n\n\n\n<p>Diese Seite wird gerade f\u00fcr Sie \u00fcberarbeitet. Bitte schauen Sie ab dem 20. M\u00e4rz wieder vorbei oder nehmen Sie bei Interesse Kontakt mit uns auf.<\/p>\n\n\n\n<p>Private Label m\u00f6glich.<\/p>\n","protected":false},"excerpt":{"rendered":"<p>Willkommen in unserem Gesch\u00e4ftsbereich Luftfilter. Diese Seite wird gerade f\u00fcr Sie \u00fcberarbeitet. Bitte schauen Sie ab dem 20. M\u00e4rz wieder vorbei oder nehmen Sie bei Interesse Kontakt mit uns auf. Private Label m\u00f6glich.<\/p>\n","protected":false},"author":1,"featured_media":0,"parent":0,"menu_order":0,"comment_status":"closed","ping_status":"closed","template":"","meta":{"footnotes":""},"class_list":["post-3376","page","type-page","status-publish","hentry"],"_links":{"self":[{"href":"https:\/\/blsgruppe.com\/index.php?rest_route=\/wp\/v2\/pages\/3376","targetHints":{"allow":["GET"]}}],"collection":[{"href":"https:\/\/blsgruppe.com\/index.php?rest_route=\/wp\/v2\/pages"}],"about":[{"href":"https:\/\/blsgruppe.com\/index.php?rest_route=\/wp\/v2\/types\/page"}],"author":[{"embeddable":true,"href":"https:\/\/blsgruppe.com\/index.php?rest_route=\/wp\/v2\/users\/1"}],"replies":[{"embeddable":true,"href":"https:\/\/blsgruppe.com\/index.php?rest_route=%2Fwp%2Fv2%2Fcomments&post=3376"}],"version-history":[{"count":6,"href":"https:\/\/blsgruppe.com\/index.php?rest_route=\/wp\/v2\/pages\/3376\/revisions"}],"predecessor-version":[{"id":3444,"href":"https:\/\/blsgruppe.com\/index.php?rest_route=\/wp\/v2\/pages\/3376\/revisions\/3444"}],"wp:attachment":[{"href":"https:\/\/blsgruppe.com\/index.php?rest_route=%2Fwp%2Fv2%2Fmedia&parent=3376"}],"curies":[{"name":"wp","href":"https:\/\/api.w.org\/{rel}","templated":true}]}}