{"id":3431,"date":"2025-03-11T13:16:38","date_gmt":"2025-03-11T13:16:38","guid":{"rendered":"https:\/\/blsgruppe.com\/?page_id=3431"},"modified":"2025-03-11T13:54:15","modified_gmt":"2025-03-11T13:54:15","slug":"projektierung-solaranlagen","status":"publish","type":"page","link":"https:\/\/blsgruppe.com\/?page_id=3431","title":{"rendered":"Projektierung Solaranlagen"},"content":{"rendered":"\n<figure class=\"wp-block-image size-full\"><img loading=\"lazy\" decoding=\"async\" width=\"1024\" height=\"701\" src=\"https:\/\/blsgruppe.com\/wp-content\/uploads\/2025\/03\/maffexbau_2-1024x701-1.jpg\" alt=\"\" class=\"wp-image-3413\" srcset=\"https:\/\/blsgruppe.com\/wp-content\/uploads\/2025\/03\/maffexbau_2-1024x701-1.jpg 1024w, https:\/\/blsgruppe.com\/wp-content\/uploads\/2025\/03\/maffexbau_2-1024x701-1-300x205.jpg 300w, https:\/\/blsgruppe.com\/wp-content\/uploads\/2025\/03\/maffexbau_2-1024x701-1-768x526.jpg 768w\" sizes=\"auto, (max-width: 706px) 89vw, (max-width: 767px) 82vw, 740px\" \/><\/figure>\n\n\n\n<h1 class=\"wp-block-heading\" style=\"font-size:16px\"><strong>Gerne beraten wir Sie bei der Planung Ihrer gewerblichen Solaranlage sowie der dazugeh\u00f6rigen Energiespeicher, Ladeeinrichtungen usw.<\/strong><\/h1>\n\n\n\n<figure class=\"wp-block-gallery has-nested-images columns-default is-cropped wp-block-gallery-1 is-layout-flex wp-block-gallery-is-layout-flex\">\n<figure class=\"wp-block-image size-large\"><img loading=\"lazy\" decoding=\"async\" width=\"580\" height=\"265\" data-id=\"112\" src=\"https:\/\/blsgruppe.com\/wp-content\/uploads\/2023\/05\/solar_montage.webp\" alt=\"\" class=\"wp-image-112\" srcset=\"https:\/\/blsgruppe.com\/wp-content\/uploads\/2023\/05\/solar_montage.webp 580w, https:\/\/blsgruppe.com\/wp-content\/uploads\/2023\/05\/solar_montage-300x137.webp 300w, https:\/\/blsgruppe.com\/wp-content\/uploads\/2023\/05\/solar_montage-517x235.webp 517w\" sizes=\"auto, (max-width: 580px) 100vw, 580px\" \/><\/figure>\n\n\n\n<figure class=\"wp-block-image size-large\"><img loading=\"lazy\" decoding=\"async\" width=\"580\" height=\"387\" data-id=\"3411\" src=\"https:\/\/blsgruppe.com\/wp-content\/uploads\/2025\/03\/beratung.webp\" alt=\"\" class=\"wp-image-3411\" srcset=\"https:\/\/blsgruppe.com\/wp-content\/uploads\/2025\/03\/beratung.webp 580w, https:\/\/blsgruppe.com\/wp-content\/uploads\/2025\/03\/beratung-300x200.webp 300w\" sizes=\"auto, (max-width: 580px) 100vw, 580px\" \/><\/figure>\n\n\n\n<figure class=\"wp-block-image size-large\"><img loading=\"lazy\" decoding=\"async\" width=\"463\" height=\"291\" data-id=\"974\" src=\"https:\/\/blsgruppe.com\/wp-content\/uploads\/2024\/01\/solarzellen-1024x323-1-1.jpg\" alt=\"\" class=\"wp-image-974\" srcset=\"https:\/\/blsgruppe.com\/wp-content\/uploads\/2024\/01\/solarzellen-1024x323-1-1.jpg 463w, https:\/\/blsgruppe.com\/wp-content\/uploads\/2024\/01\/solarzellen-1024x323-1-1-300x189.jpg 300w\" sizes=\"auto, (max-width: 463px) 100vw, 463px\" \/><\/figure>\n<\/figure>\n\n\n\n<p style=\"font-size:16px\">Als Dienstleister \u00fcbernehmen wir die komplette Projektierung Ihrer gewerblichen Solaranlage. Von der Machbarkeitsstudie, der Erstellung aller erforderlichen Unterlagen f\u00fcr das Genehmigungsverfahren, den Absprachen mit dem Energieversorger vor Ort, um nur einige Punkte aufzuz\u00e4hlen. <\/p>\n\n\n\n<p style=\"font-size:16px\">Kurz und knapp, wir sorgen f\u00fcr einen reibungslosen Ablauf von der Idee bis zur &#8222;Schl\u00fcssel\u00fcbergabe&#8220;. Auf Wunsch \u00fcbernehmen wir auch nur einzelne Etappen Ihres Projekts.<\/p>\n\n\n\n<p style=\"font-size:16px\">Wir freuen uns auf eine Nachricht von Ihnen unter der Nummer 0309210444822 oder +491791173621. Alle weiteren Kontaktm\u00f6glicheiten finden Sie <strong><a href=\"https:\/\/blsgruppe.com\/?page_id=84\" data-type=\"page\" data-id=\"84\" target=\"_blank\" rel=\"noreferrer noopener\">hier<\/a><\/strong>.<\/p>\n","protected":false},"excerpt":{"rendered":"<p>Gerne beraten wir Sie bei der Planung Ihrer gewerblichen Solaranlage sowie der dazugeh\u00f6rigen Energiespeicher, Ladeeinrichtungen usw. Als Dienstleister \u00fcbernehmen wir die komplette Projektierung Ihrer gewerblichen Solaranlage. Von der Machbarkeitsstudie, der Erstellung aller erforderlichen Unterlagen f\u00fcr das Genehmigungsverfahren, den Absprachen mit dem Energieversorger vor Ort, um nur einige Punkte aufzuz\u00e4hlen. Kurz und knapp, wir sorgen f\u00fcr &hellip; <\/p>\n<p class=\"link-more\"><a href=\"https:\/\/blsgruppe.com\/?page_id=3431\" class=\"more-link\"><span class=\"screen-reader-text\">\u201eProjektierung Solaranlagen\u201c<\/span> weiterlesen<\/a><\/p>\n","protected":false},"author":1,"featured_media":0,"parent":0,"menu_order":0,"comment_status":"closed","ping_status":"closed","template":"","meta":{"footnotes":""},"class_list":["post-3431","page","type-page","status-publish","hentry"],"_links":{"self":[{"href":"https:\/\/blsgruppe.com\/index.php?rest_route=\/wp\/v2\/pages\/3431","targetHints":{"allow":["GET"]}}],"collection":[{"href":"https:\/\/blsgruppe.com\/index.php?rest_route=\/wp\/v2\/pages"}],"about":[{"href":"https:\/\/blsgruppe.com\/index.php?rest_route=\/wp\/v2\/types\/page"}],"author":[{"embeddable":true,"href":"https:\/\/blsgruppe.com\/index.php?rest_route=\/wp\/v2\/users\/1"}],"replies":[{"embeddable":true,"href":"https:\/\/blsgruppe.com\/index.php?rest_route=%2Fwp%2Fv2%2Fcomments&post=3431"}],"version-history":[{"count":7,"href":"https:\/\/blsgruppe.com\/index.php?rest_route=\/wp\/v2\/pages\/3431\/revisions"}],"predecessor-version":[{"id":3441,"href":"https:\/\/blsgruppe.com\/index.php?rest_route=\/wp\/v2\/pages\/3431\/revisions\/3441"}],"wp:attachment":[{"href":"https:\/\/blsgruppe.com\/index.php?rest_route=%2Fwp%2Fv2%2Fmedia&parent=3431"}],"curies":[{"name":"wp","href":"https:\/\/api.w.org\/{rel}","templated":true}]}}