{"id":429,"date":"2023-10-03T13:48:36","date_gmt":"2023-10-03T13:48:36","guid":{"rendered":"https:\/\/blsgruppe.com\/?page_id=429"},"modified":"2024-10-08T13:31:27","modified_gmt":"2024-10-08T13:31:27","slug":"ersatzteile-diesel-gasmotoren","status":"publish","type":"page","link":"https:\/\/blsgruppe.com\/?page_id=429","title":{"rendered":"Ersatzteile Diesel-\/Gasmotoren"},"content":{"rendered":"\n<figure class=\"wp-block-image\"><img decoding=\"async\" src=\"https:\/\/blsgruppe.de\/wp-content\/uploads\/2023\/05\/industriemotore_ersatzteile_start-1-1024x374.png\" alt=\"\" class=\"wp-image-2381\"\/><\/figure>\n\n\n\n<h2 class=\"wp-block-heading\" style=\"font-size:18px\"><strong>Ersatzeile f\u00fcr Industriemaschinenmotoren<\/strong><\/h2>\n\n\n\n<p>Wir liefern Komponenten und Bauteile f\u00fcr diverse Diesel- und Gasmotoren im Bereich Industriemotoren, wie z.B. Generatoren, Blockheizkraftwerke, Sprinkleranlagen usw.<\/p>\n\n\n\n<figure class=\"wp-block-image\"><img decoding=\"async\" src=\"https:\/\/blsgruppe.de\/wp-content\/uploads\/2023\/05\/industriemotore_ersatzteile-1024x139.png\" alt=\"\" class=\"wp-image-2387\"\/><\/figure>\n\n\n\n<h2 class=\"wp-block-heading\" style=\"font-size:18px\"><strong>Motoren f\u00fcr<\/strong> <strong>Landmaschinen<\/strong><\/h2>\n\n\n\n<p>Ersatzteile, Komponenten und Bauteile f\u00fcr Dieselmotoren f\u00fcr landwirtschaftliche Maschinen, wie z.B. Traktoren, Erntemaschinen, M\u00e4hdrescher.<\/p>\n\n\n\n<h2 class=\"wp-block-heading\" style=\"font-size:18px\"><strong>Motoren f\u00fcr Baumaschinen<\/strong><\/h2>\n\n\n\n<p>Ersatzteile, Komponenten und Bauteile f\u00fcr Dieselmotoren im Baugewerbe, wie z.B. Krane, Muldenkipper, Bagger, Walzen, R\u00fcttelplatten.<\/p>\n\n\n\n<h2 class=\"wp-block-heading\" style=\"font-size:18px\"><strong>Kleinere Schiffsmotoren<\/strong><\/h2>\n\n\n\n<p>Ersatzteile, Komponenten und Bauteile f\u00fcr Dieselmotoren im Bereich Schifffahrt, wie z.B. f\u00fcr kleine Schiffe, beispielsweise Ausflugsboote, Fischkutter.<\/p>\n\n\n\n<h2 class=\"wp-block-heading\" style=\"font-size:18px\"><strong>Motoren f\u00fcr<\/strong> <strong>Bergbaumaschinen<\/strong><\/h2>\n\n\n\n<p>Ersatzteile, Komponenten und Bauteile f\u00fcr Dieselmotoren im Bereich Minen- und Bergbau, wie z.B. Radlader, F\u00f6rderb\u00e4nder, Bagger.<\/p>\n\n\n\n<h2 class=\"wp-block-heading\" style=\"font-size:18px\"><strong>Motoren f\u00fcr<\/strong> <strong>Diesellokomotiven<\/strong><\/h2>\n\n\n\n<p>Ersatzteile, Komponenten und Bauteile f\u00fcr Dieselmotoren im Schienenverkehr, wie z.B. Diesel-Lokomotiven.<\/p>\n\n\n\n<hr class=\"wp-block-separator has-alpha-channel-opacity\"\/>\n\n\n\n<figure class=\"wp-block-image\"><img decoding=\"async\" src=\"https:\/\/blsgruppe.de\/wp-content\/uploads\/2023\/05\/industriemotore_ersatzteile-1024x139.png\" alt=\"\" class=\"wp-image-2387\"\/><\/figure>\n\n\n\n<p style=\"font-size:18px\"><strong>Replacement Parts for Industrial Machine Engines<\/strong><\/p>\n\n\n\n<p>We provide components and parts for various diesel and gas engines in the field of industrial engines, such as generators, combined heat and power plants, sprinkler systems, etc.<\/p>\n\n\n\n<p style=\"font-size:1px\"><strong>Replacement Parts for Agricultural Machine Engines<\/strong><\/p>\n\n\n\n<p>Components and parts for diesel engines used in agricultural machinery, such as tractors, harvesters, combines.<\/p>\n\n\n\n<p style=\"font-size:1px\">Replacement Parts for Construction Machine Engines<\/p>\n\n\n\n<p>Components and parts for diesel engines in the construction industry, such as cranes, dump trucks, excavators, rollers, compactors.<\/p>\n\n\n\n<p style=\"font-size:18px\"><strong>Replacement Parts for Smaller Ship Engines<\/strong><\/p>\n\n\n\n<p>Components and parts for diesel engines in the maritime sector, such as for small vessels, for example, excursion boats, fishing trawlers.<\/p>\n\n\n\n<p style=\"font-size:18px\"><strong>Replacement Parts for Mining Machine Engines<\/strong><\/p>\n\n\n\n<p>Components and parts for diesel engines in the mining and quarrying industry, such as wheel loaders, conveyor belts, excavators.<\/p>\n\n\n\n<p style=\"font-size:18px\"><strong>Replacement Parts for Diesel Locomotive Engines<\/strong><\/p>\n\n\n\n<p>Components and parts for diesel engines in rail transportation, such as diesel locomotives.<\/p>\n\n\n\n<hr class=\"wp-block-separator has-alpha-channel-opacity\"\/>\n\n\n\n<figure class=\"wp-block-image\"><img decoding=\"async\" src=\"https:\/\/blsgruppe.de\/wp-content\/uploads\/2023\/05\/industriemotore_ersatzteile-1024x139.png\" alt=\"\" class=\"wp-image-2387\"\/><\/figure>\n\n\n\n<p>Piezas de repuesto para motores de maquinaria industrial<\/p>\n\n\n\n<p>Suministramos componentes y piezas para diversos motores di\u00e9sel y de gas en el \u00e1mbito de la maquinaria industrial, como generadores, plantas de cogeneraci\u00f3n, sistemas de rociadores, etc.<\/p>\n\n\n\n<p>Piezas de repuesto para motores de maquinaria agr\u00edcola<\/p>\n\n\n\n<p>Componentes y piezas para motores di\u00e9sel de maquinaria agr\u00edcola, como tractores, cosechadoras, segadoras.<\/p>\n\n\n\n<p>Piezas de repuesto para motores de maquinaria de construcci\u00f3n<\/p>\n\n\n\n<p>Componentes y piezas para motores di\u00e9sel en la industria de la construcci\u00f3n, como gr\u00faas, volquetes, excavadoras, rodillos compactadores, placas vibratorias.<\/p>\n\n\n\n<p>Piezas de repuesto para motores de barcos peque\u00f1os<\/p>\n\n\n\n<p>Componentes y piezas para motores di\u00e9sel en la navegaci\u00f3n, como para barcos peque\u00f1os, como barcos tur\u00edsticos o barcos pesqueros.<\/p>\n\n\n\n<p>Piezas de repuesto para motores de maquinaria minera<\/p>\n\n\n\n<p>Componentes y piezas para motores di\u00e9sel en la industria minera, como cargadoras, cintas transportadoras, excavadoras.<\/p>\n\n\n\n<p>Piezas de repuesto para motores de locomotoras di\u00e9sel<\/p>\n\n\n\n<p>Componentes y piezas para motores di\u00e9sel en el transporte ferroviario, como locomotoras di\u00e9sel.<\/p>\n\n\n\n<hr class=\"wp-block-separator has-alpha-channel-opacity\"\/>\n\n\n\n<figure class=\"wp-block-image\"><img decoding=\"async\" src=\"https:\/\/blsgruppe.de\/wp-content\/uploads\/2023\/05\/industriemotore_ersatzteile-1024x139.png\" alt=\"\" class=\"wp-image-2387\"\/><\/figure>\n\n\n\n<p><strong>Pi\u00e8ces de rechange pour moteurs de machines industrielles<\/strong><\/p>\n\n\n\n<p>Nous fournissons des composants et des pi\u00e8ces pour divers moteurs diesel et \u00e0 gaz dans le domaine des moteurs industriels, tels que les g\u00e9n\u00e9rateurs, les centrales de cog\u00e9n\u00e9ration, les syst\u00e8mes d\u2019arrosage automatique, etc.<\/p>\n\n\n\n<p><strong>Pi\u00e8ces de rechange pour moteurs de machines agricoles<\/strong><\/p>\n\n\n\n<p>Composants et pi\u00e8ces pour moteurs diesel de machines agricoles, tels que les tracteurs, les moissonneuses, les faucheuses.<\/p>\n\n\n\n<p><strong>Pi\u00e8ces de rechange pour moteurs de machines de construction<\/strong><\/p>\n\n\n\n<p>Composants et pi\u00e8ces pour moteurs diesel dans l\u2019industrie de la construction, tels que les grues, les tombereaux, les excavatrices, les compacteurs, les plaques vibrantes.<\/p>\n\n\n\n<p><strong>Pi\u00e8ces de rechange pour moteurs de petits bateaux<\/strong><\/p>\n\n\n\n<p>Composants et pi\u00e8ces pour moteurs diesel dans la navigation, tels que pour les petits bateaux, tels que les bateaux touristiques ou les chalutiers.<\/p>\n\n\n\n<p><strong>Pi\u00e8ces de rechange pour moteurs de machines mini\u00e8res<\/strong><\/p>\n\n\n\n<p>Composants et pi\u00e8ces pour moteurs diesel dans l\u2019industrie mini\u00e8re, tels que les chargeuses, les convoyeurs, les excavatrices.<\/p>\n\n\n\n<p><strong>Pi\u00e8ces de rechange pour moteurs de locomotives diesel<\/strong><\/p>\n\n\n\n<p>Composants et pi\u00e8ces pour moteurs diesel dans le transport ferroviaire, tels que les locomotives diesel.<\/p>\n\n\n\n<hr class=\"wp-block-separator has-alpha-channel-opacity\"\/>\n\n\n\n<figure class=\"wp-block-image\"><img decoding=\"async\" src=\"https:\/\/blsgruppe.de\/wp-content\/uploads\/2023\/05\/industriemotore_ersatzteile_start-1024x374.png\" alt=\"\" class=\"wp-image-2380\"\/><\/figure>\n\n\n\n<p><strong>\u0417\u0430\u043f\u0430\u0441\u043d\u044b\u0435 \u0447\u0430\u0441\u0442\u0438 \u0434\u043b\u044f \u043f\u0440\u043e\u043c\u044b\u0448\u043b\u0435\u043d\u043d\u044b\u0445 \u043c\u043e\u0442\u043e\u0440\u043e\u0432 \u043c\u0430\u0448\u0438\u043d<\/strong><\/p>\n\n\n\n<p>\u041c\u044b \u043f\u043e\u0441\u0442\u0430\u0432\u043b\u044f\u0435\u043c \u043a\u043e\u043c\u043f\u043e\u043d\u0435\u043d\u0442\u044b \u0438 \u0434\u0435\u0442\u0430\u043b\u0438 \u0434\u043b\u044f \u0440\u0430\u0437\u043b\u0438\u0447\u043d\u044b\u0445 \u0434\u0438\u0437\u0435\u043b\u044c\u043d\u044b\u0445 \u0438 \u0433\u0430\u0437\u043e\u0432\u044b\u0445 \u0434\u0432\u0438\u0433\u0430\u0442\u0435\u043b\u0435\u0439 \u0432 \u043e\u0431\u043b\u0430\u0441\u0442\u0438 \u043f\u0440\u043e\u043c\u044b\u0448\u043b\u0435\u043d\u043d\u044b\u0445 \u043c\u043e\u0442\u043e\u0440\u043e\u0432, \u0442\u0430\u043a\u0438\u0445 \u043a\u0430\u043a \u0433\u0435\u043d\u0435\u0440\u0430\u0442\u043e\u0440\u044b, \u043a\u043e\u0433\u0435\u043d\u0435\u0440\u0430\u0446\u0438\u043e\u043d\u043d\u044b\u0435 \u0441\u0442\u0430\u043d\u0446\u0438\u0438, \u0441\u0438\u0441\u0442\u0435\u043c\u044b \u0430\u0432\u0442\u043e\u043c\u0430\u0442\u0438\u0447\u0435\u0441\u043a\u043e\u0433\u043e \u043f\u043e\u0436\u0430\u0440\u043e\u0442\u0443\u0448\u0435\u043d\u0438\u044f \u0438 \u0442.\u0434.<\/p>\n\n\n\n<p><strong>\u0417\u0430\u043f\u0430\u0441\u043d\u044b\u0435 \u0447\u0430\u0441\u0442\u0438 \u0434\u043b\u044f \u043c\u043e\u0442\u043e\u0440\u043e\u0432 \u0441\u0435\u043b\u044c\u0441\u043a\u043e\u0445\u043e\u0437\u044f\u0439\u0441\u0442\u0432\u0435\u043d\u043d\u044b\u0445 \u043c\u0430\u0448\u0438\u043d<\/strong><\/p>\n\n\n\n<p>\u041a\u043e\u043c\u043f\u043e\u043d\u0435\u043d\u0442\u044b \u0438 \u0434\u0435\u0442\u0430\u043b\u0438 \u0434\u043b\u044f \u0434\u0438\u0437\u0435\u043b\u044c\u043d\u044b\u0445 \u0434\u0432\u0438\u0433\u0430\u0442\u0435\u043b\u0435\u0439 \u0441\u0435\u043b\u044c\u0441\u043a\u043e\u0445\u043e\u0437\u044f\u0439\u0441\u0442\u0432\u0435\u043d\u043d\u044b\u0445 \u043c\u0430\u0448\u0438\u043d, \u0442\u0430\u043a\u0438\u0445 \u043a\u0430\u043a \u0442\u0440\u0430\u043a\u0442\u043e\u0440\u044b, \u043a\u043e\u043c\u0431\u0430\u0439\u043d\u044b, \u043a\u043e\u0441\u0438\u043b\u043a\u0438.<\/p>\n\n\n\n<p><strong>\u0417\u0430\u043f\u0430\u0441\u043d\u044b\u0435 \u0447\u0430\u0441\u0442\u0438 \u0434\u043b\u044f \u043c\u043e\u0442\u043e\u0440\u043e\u0432 \u0441\u0442\u0440\u043e\u0438\u0442\u0435\u043b\u044c\u043d\u043e\u0439 \u0442\u0435\u0445\u043d\u0438\u043a\u0438<\/strong><\/p>\n\n\n\n<p>\u041a\u043e\u043c\u043f\u043e\u043d\u0435\u043d\u0442\u044b \u0438 \u0434\u0435\u0442\u0430\u043b\u0438 \u0434\u043b\u044f \u0434\u0438\u0437\u0435\u043b\u044c\u043d\u044b\u0445 \u0434\u0432\u0438\u0433\u0430\u0442\u0435\u043b\u0435\u0439 \u0432 \u0441\u0442\u0440\u043e\u0438\u0442\u0435\u043b\u044c\u043d\u043e\u0439 \u0438\u043d\u0434\u0443\u0441\u0442\u0440\u0438\u0438, \u0442\u0430\u043a\u0438\u0445 \u043a\u0430\u043a \u043a\u0440\u0430\u043d\u044b, \u0441\u0430\u043c\u043e\u0441\u0432\u0430\u043b\u044b, \u044d\u043a\u0441\u043a\u0430\u0432\u0430\u0442\u043e\u0440\u044b, \u043a\u0430\u0442\u043a\u0438, \u0432\u0438\u0431\u0440\u043e\u043f\u043b\u0438\u0442\u044b.<\/p>\n\n\n\n<p><strong>\u0417\u0430\u043f\u0430\u0441\u043d\u044b\u0435 \u0447\u0430\u0441\u0442\u0438 \u0434\u043b\u044f \u043c\u0430\u043b\u044b\u0445 \u0441\u0443\u0434\u043e\u0432\u044b\u0445 \u043c\u043e\u0442\u043e\u0440\u043e\u0432<\/strong><\/p>\n\n\n\n<p>\u041a\u043e\u043c\u043f\u043e\u043d\u0435\u043d\u0442\u044b \u0438 \u0434\u0435\u0442\u0430\u043b\u0438 \u0434\u043b\u044f \u0434\u0438\u0437\u0435\u043b\u044c\u043d\u044b\u0445 \u0434\u0432\u0438\u0433\u0430\u0442\u0435\u043b\u0435\u0439 \u0432 \u0441\u0443\u0434\u043e\u0445\u043e\u0434\u0441\u0442\u0432\u0435, \u043d\u0430\u043f\u0440\u0438\u043c\u0435\u0440, \u0434\u043b\u044f \u043c\u0430\u043b\u044b\u0445 \u0441\u0443\u0434\u043e\u0432, \u0442\u0430\u043a\u0438\u0445 \u043a\u0430\u043a \u044d\u043a\u0441\u043a\u0443\u0440\u0441\u0438\u043e\u043d\u043d\u044b\u0435 \u043b\u043e\u0434\u043a\u0438, \u0440\u044b\u0431\u0430\u0446\u043a\u0438\u0435 \u0441\u0443\u0434\u0430.<\/p>\n\n\n\n<p><strong>\u0417\u0430\u043f\u0430\u0441\u043d\u044b\u0435 \u0447\u0430\u0441\u0442\u0438 \u0434\u043b\u044f \u043c\u043e\u0442\u043e\u0440\u043e\u0432 \u0433\u043e\u0440\u043d\u043e\u0434\u043e\u0431\u044b\u0432\u0430\u044e\u0449\u0435\u0439 \u0442\u0435\u0445\u043d\u0438\u043a\u0438<\/strong><\/p>\n\n\n\n<p>\u041a\u043e\u043c\u043f\u043e\u043d\u0435\u043d\u0442\u044b \u0438 \u0434\u0435\u0442\u0430\u043b\u0438 \u0434\u043b\u044f \u0434\u0438\u0437\u0435\u043b\u044c\u043d\u044b\u0445 \u0434\u0432\u0438\u0433\u0430\u0442\u0435\u043b\u0435\u0439 \u0432 \u0433\u043e\u0440\u043d\u043e\u0434\u043e\u0431\u044b\u0432\u0430\u044e\u0449\u0435\u0439 \u043f\u0440\u043e\u043c\u044b\u0448\u043b\u0435\u043d\u043d\u043e\u0441\u0442\u0438, \u0442\u0430\u043a\u0438\u0445 \u043a\u0430\u043a \u043f\u043e\u0433\u0440\u0443\u0437\u0447\u0438\u043a\u0438, \u043a\u043e\u043d\u0432\u0435\u0439\u0435\u0440\u044b, \u044d\u043a\u0441\u043a\u0430\u0432\u0430\u0442\u043e\u0440\u044b.<\/p>\n\n\n\n<p><strong>\u0417\u0430\u043f\u0430\u0441\u043d\u044b\u0435 \u0447\u0430\u0441\u0442\u0438 \u0434\u043b\u044f \u043c\u043e\u0442\u043e\u0440\u043e\u0432 \u0434\u0438\u0437\u0435\u043b\u044c\u043d\u044b\u0445 \u043b\u043e\u043a\u043e\u043c\u043e\u0442\u0438\u0432\u043e\u0432<\/strong><\/p>\n\n\n\n<p>\u041a\u043e\u043c\u043f\u043e\u043d\u0435\u043d\u0442\u044b \u0438 \u0434\u0435\u0442\u0430\u043b\u0438 \u0434\u043b\u044f \u0434\u0438\u0437\u0435\u043b\u044c\u043d\u044b\u0445 \u0434\u0432\u0438\u0433\u0430\u0442\u0435\u043b\u0435\u0439 \u0432 \u0436\u0435\u043b\u0435\u0437\u043d\u043e\u0434\u043e\u0440\u043e\u0436\u043d\u043e\u043c \u0442\u0440\u0430\u043d\u0441\u043f\u043e\u0440\u0442\u0435, \u0442\u0430\u043a\u0438\u0445 \u043a\u0430\u043a \u0434\u0438\u0437\u0435\u043b\u044c\u043d\u044b\u0435 \u043b\u043e\u043a\u043e\u043c\u043e\u0442\u0438\u0432\u044b.<\/p>\n\n\n\n<hr class=\"wp-block-separator has-alpha-channel-opacity\"\/>\n\n\n\n<figure class=\"wp-block-image\"><img decoding=\"async\" src=\"https:\/\/blsgruppe.de\/wp-content\/uploads\/2023\/05\/industriemotore_ersatzteile-1024x139.png\" alt=\"\" class=\"wp-image-2387\"\/><\/figure>\n\n\n\n<p><strong>\u00c1rabe:<\/strong><\/p>\n\n\n\n<p>\u0642\u0637\u0639 \u0627\u0644\u063a\u064a\u0627\u0631 \u0644\u0645\u062d\u0631\u0643\u0627\u062a \u0627\u0644\u0645\u0627\u0643\u064a\u0646\u0627\u062a \u0627\u0644\u0635\u0646\u0627\u0639\u064a\u0629<\/p>\n\n\n\n<p>\u0646\u062d\u0646 \u0646\u0648\u0641\u0631 \u0627\u0644\u0645\u0643\u0648\u0646\u0627\u062a \u0648\u0627\u0644\u0642\u0637\u0639 \u0644\u0645\u062d\u0631\u0643\u0627\u062a \u0627\u0644\u062f\u064a\u0632\u0644 \u0648\u0627\u0644\u063a\u0627\u0632 \u0627\u0644\u0645\u062e\u062a\u0644\u0641\u0629 \u0641\u064a \u0645\u062c\u0627\u0644 \u0627\u0644\u0645\u062d\u0631\u0643\u0627\u062a \u0627\u0644\u0635\u0646\u0627\u0639\u064a\u0629\u060c \u0645\u062b\u0644 \u0627\u0644\u0645\u0648\u0644\u062f\u0627\u062a\u060c \u0648\u0645\u062d\u0637\u0627\u062a \u062a\u0648\u0644\u064a\u062f \u0627\u0644\u0637\u0627\u0642\u0629 \u0627\u0644\u0645\u0634\u062a\u0631\u0643\u0629\u060c \u0648\u0623\u0646\u0638\u0645\u0629 \u0627\u0644\u0631\u0634 \u0627\u0644\u062a\u0644\u0642\u0627\u0626\u064a\u060c \u0648\u0645\u0627 \u0625\u0644\u0649 \u0630\u0644\u0643.<\/p>\n\n\n\n<p>\u0642\u0637\u0639 \u0627\u0644\u063a\u064a\u0627\u0631 \u0644\u0645\u062d\u0631\u0643\u0627\u062a \u0645\u0639\u062f\u0627\u062a \u0627\u0644\u0632\u0631\u0627\u0639\u0629<\/p>\n\n\n\n<p>\u0645\u0643\u0648\u0646\u0627\u062a \u0648\u0642\u0637\u0639 \u0644\u0645\u062d\u0631\u0643\u0627\u062a \u0627\u0644\u062f\u064a\u0632\u0644 \u0644\u0645\u0639\u062f\u0627\u062a \u0627\u0644\u0632\u0631\u0627\u0639\u0629\u060c \u0645\u062b\u0644 \u0627\u0644\u062c\u0631\u0627\u0631\u0627\u062a\u060c \u0648\u0622\u0644\u0627\u062a \u0627\u0644\u062d\u0635\u0627\u062f\u060c \u0648\u0627\u0644\u062d\u0634\u0627\u0626\u0634.<\/p>\n\n\n\n<p>\u0642\u0637\u0639 \u0627\u0644\u063a\u064a\u0627\u0631 \u0644\u0645\u062d\u0631\u0643\u0627\u062a \u0645\u0639\u062f\u0627\u062a \u0627\u0644\u0628\u0646\u0627\u0621<\/p>\n\n\n\n<p>\u0645\u0643\u0648\u0646\u0627\u062a \u0648\u0642\u0637\u0639 \u0644\u0645\u062d\u0631\u0643\u0627\u062a \u0627\u0644\u062f\u064a\u0632\u0644 \u0641\u064a \u0635\u0646\u0627\u0639\u0629 \u0627\u0644\u0628\u0646\u0627\u0621\u060c \u0645\u062b\u0644 \u0627\u0644\u0631\u0627\u0641\u0639\u0627\u062a\u060c \u0648\u0627\u0644\u0634\u0627\u062d\u0646\u0627\u062a \u0627\u0644\u0642\u0644\u0627\u0628\u0629\u060c \u0648\u0627\u0644\u062d\u0641\u0627\u0631\u0627\u062a\u060c \u0648\u0627\u0644\u0645\u062f\u062d\u0644\u0627\u062a\u060c \u0648\u0627\u0644\u0623\u0644\u0648\u0627\u062d \u0627\u0644\u0627\u0647\u062a\u0632\u0627\u0632\u064a\u0629.<\/p>\n\n\n\n<p>\u0642\u0637\u0639 \u0627\u0644\u063a\u064a\u0627\u0631 \u0644\u0645\u062d\u0631\u0643\u0627\u062a \u0627\u0644\u0633\u0641\u0646 \u0627\u0644\u0635\u063a\u064a\u0631\u0629<\/p>\n\n\n\n<p>\u0645\u0643\u0648\u0646\u0627\u062a \u0648\u0642<\/p>\n","protected":false},"excerpt":{"rendered":"<p>Ersatzeile f\u00fcr Industriemaschinenmotoren Wir liefern Komponenten und Bauteile f\u00fcr diverse Diesel- und Gasmotoren im Bereich Industriemotoren, wie z.B. Generatoren, Blockheizkraftwerke, Sprinkleranlagen usw. Motoren f\u00fcr Landmaschinen Ersatzteile, Komponenten und Bauteile f\u00fcr Dieselmotoren f\u00fcr landwirtschaftliche Maschinen, wie z.B. Traktoren, Erntemaschinen, M\u00e4hdrescher. Motoren f\u00fcr Baumaschinen Ersatzteile, Komponenten und Bauteile f\u00fcr Dieselmotoren im Baugewerbe, wie z.B. Krane, Muldenkipper, Bagger, &hellip; <\/p>\n<p class=\"link-more\"><a href=\"https:\/\/blsgruppe.com\/?page_id=429\" class=\"more-link\"><span class=\"screen-reader-text\">\u201eErsatzteile Diesel-\/Gasmotoren\u201c<\/span> weiterlesen<\/a><\/p>\n","protected":false},"author":1,"featured_media":0,"parent":0,"menu_order":0,"comment_status":"closed","ping_status":"closed","template":"","meta":{"footnotes":""},"class_list":["post-429","page","type-page","status-publish","hentry"],"_links":{"self":[{"href":"https:\/\/blsgruppe.com\/index.php?rest_route=\/wp\/v2\/pages\/429","targetHints":{"allow":["GET"]}}],"collection":[{"href":"https:\/\/blsgruppe.com\/index.php?rest_route=\/wp\/v2\/pages"}],"about":[{"href":"https:\/\/blsgruppe.com\/index.php?rest_route=\/wp\/v2\/types\/page"}],"author":[{"embeddable":true,"href":"https:\/\/blsgruppe.com\/index.php?rest_route=\/wp\/v2\/users\/1"}],"replies":[{"embeddable":true,"href":"https:\/\/blsgruppe.com\/index.php?rest_route=%2Fwp%2Fv2%2Fcomments&post=429"}],"version-history":[{"count":10,"href":"https:\/\/blsgruppe.com\/index.php?rest_route=\/wp\/v2\/pages\/429\/revisions"}],"predecessor-version":[{"id":2512,"href":"https:\/\/blsgruppe.com\/index.php?rest_route=\/wp\/v2\/pages\/429\/revisions\/2512"}],"wp:attachment":[{"href":"https:\/\/blsgruppe.com\/index.php?rest_route=%2Fwp%2Fv2%2Fmedia&parent=429"}],"curies":[{"name":"wp","href":"https:\/\/api.w.org\/{rel}","templated":true}]}}