{"id":435,"date":"2023-10-03T13:48:36","date_gmt":"2023-10-03T13:48:36","guid":{"rendered":"https:\/\/blsgruppe.com\/?page_id=435"},"modified":"2024-11-11T18:28:58","modified_gmt":"2024-11-11T18:28:58","slug":"fahrzeuge-und-zubehoer","status":"publish","type":"page","link":"https:\/\/blsgruppe.com\/?page_id=435","title":{"rendered":"Fahrzeuge und Zubeh\u00f6r"},"content":{"rendered":"\n<figure class=\"wp-block-image\"><img loading=\"lazy\" decoding=\"async\" width=\"1015\" height=\"385\" src=\"https:\/\/blsgruppe.com\/wp-content\/uploads\/2023\/05\/spareparts_start_this.png\" alt=\"\" class=\"wp-image-243\" srcset=\"https:\/\/blsgruppe.com\/wp-content\/uploads\/2023\/05\/spareparts_start_this.png 1015w, https:\/\/blsgruppe.com\/wp-content\/uploads\/2023\/05\/spareparts_start_this-300x114.png 300w, https:\/\/blsgruppe.com\/wp-content\/uploads\/2023\/05\/spareparts_start_this-768x291.png 768w\" sizes=\"auto, (max-width: 706px) 89vw, (max-width: 767px) 82vw, 740px\" \/><\/figure>\n\n\n\n<h1 class=\"wp-block-heading\" style=\"font-size:18px\"><strong>OEM- Ersatzteile f\u00fcr PKW, NKW und LKW<\/strong><\/h1>\n\n\n\n<p style=\"font-size:16px\">Wir beschaffen u.a. Bremsen, Motorteile, Aufh\u00e4ngungen und Lenkung, Getriebe, K\u00fchlung und Heizung, Elektrik und Beleuchtung, Karosserie und Auspuff, Luftfilter, Kraftstofffilter, \u00d6lfilter, Z\u00fcndkerzen, Auspuffteile, Bremsscheiben, Sto\u00dfd\u00e4mpfer, K\u00fchler, Autobatterien \u2026<\/p>\n\n\n\n<figure class=\"wp-block-image\"><img loading=\"lazy\" decoding=\"async\" width=\"1024\" height=\"287\" src=\"https:\/\/blsgruppe.com\/wp-content\/uploads\/2023\/05\/ersatzteile_zwischenteil-1024x287.png\" alt=\"\" class=\"wp-image-249\" srcset=\"https:\/\/blsgruppe.com\/wp-content\/uploads\/2023\/05\/ersatzteile_zwischenteil-1024x287.png 1024w, https:\/\/blsgruppe.com\/wp-content\/uploads\/2023\/05\/ersatzteile_zwischenteil-300x84.png 300w, https:\/\/blsgruppe.com\/wp-content\/uploads\/2023\/05\/ersatzteile_zwischenteil-768x215.png 768w, https:\/\/blsgruppe.com\/wp-content\/uploads\/2023\/05\/ersatzteile_zwischenteil.png 1483w\" sizes=\"auto, (max-width: 706px) 89vw, (max-width: 767px) 82vw, 740px\" \/><\/figure>\n\n\n\n<h2 class=\"wp-block-heading\" style=\"font-size:18px\"><strong>Ersatzteile &#8211; Motorenersatzteile f\u00fcr Nutzfahrzeuge &#8211; OEM und Fremdfabrikate<\/strong><\/h2>\n\n\n\n<figure class=\"wp-block-image\"><img loading=\"lazy\" decoding=\"async\" width=\"1001\" height=\"481\" src=\"https:\/\/blsgruppe.com\/wp-content\/uploads\/2023\/05\/nkw_ersatzteile_start.png\" alt=\"\" class=\"wp-image-252\" srcset=\"https:\/\/blsgruppe.com\/wp-content\/uploads\/2023\/05\/nkw_ersatzteile_start.png 1001w, https:\/\/blsgruppe.com\/wp-content\/uploads\/2023\/05\/nkw_ersatzteile_start-300x144.png 300w, https:\/\/blsgruppe.com\/wp-content\/uploads\/2023\/05\/nkw_ersatzteile_start-768x369.png 768w\" sizes=\"auto, (max-width: 706px) 89vw, (max-width: 767px) 82vw, 740px\" \/><\/figure>\n\n\n\n<p style=\"font-size:16px\">In unserem Gesch\u00e4ftsbereich Automotive bieten wir Ersatzteile in Erstausr\u00fcstungsqualit\u00e4t f\u00fcr Lkw, Transporter und Busse an. Das Ersatzteilsortiment umfasst Ersatz- und Verschlei\u00dfteile von allen g\u00e4ngigen Herstellern. Darunter Caterpillar, Cummins, Daf, Deutz, Doosan, Iveco, KAMAZ, MAN, Mercedes-Benz, Renault-Trucks, MaK, Scania, TATRA, Volvo, Volvo-Penta, VW.<\/p>\n\n\n\n<h2 class=\"wp-block-heading\" style=\"font-size:18px\"><strong>Wir beschaffen Ersatzteile f\u00fcr PKW, NKW, LKW, Luftfahrzeuge oder Motoren und Generatoren<\/strong><\/h2>\n\n\n\n<p style=\"font-size:16px\">\u2026 und das weltweit. Ob Ersatzteile f\u00fcr PKW, NKW, LKW, Spezialfahrzeuge, Luft- oder Seefahrzeuge. Bitte senden Sie uns Ihre konkrete Anfrage per Kontaktformular, E-Mail oder rufen Sie uns einfach an.<\/p>\n\n\n\n<hr class=\"wp-block-separator has-alpha-channel-opacity\"\/>\n\n\n\n<h2 class=\"wp-block-heading\" style=\"font-size:18px\"><strong>Car and Truck Spare Parts \u2013 Engine Parts<\/strong><\/h2>\n\n\n\n<p style=\"font-size:16px\">Car Service Parts, Car Brakes, Engine Parts, Suspension &amp; Steering, Transmission, Cooling &amp; Heating, Electrical &amp; Lighting, Body &amp; Exhaust, Air Filters, Fuel Filters, Oil Filters, Spark Plugs, Exhaust Parts, Brake Discs, Shock Absorbers, Radiators, Car Batteries \u2026<\/p>\n\n\n\n<h2 class=\"wp-block-heading\" style=\"font-size:18px\">Spare parts \u2013 Engine parts for commercial vehicles and trucks \u2013 OEM and other makes<\/h2>\n\n\n\n<p style=\"font-size:16px\">In our automotive division we offer spare parts in original equipment quality for trucks, vans and buses. The range of spare parts includes spare and wear parts from all common major manufacturers.<\/p>\n\n\n\n<p style=\"font-size:16px\">We procure spare parts from brands such as Caterpillar, Cummins, Daf, Deutz, Doosan, Iveco, KAMAZ, MAN, Mercedes-Benz, Renault-Trucks, MaK, Scania, TATRA, Volvo, Volvo-Penta, VW.<\/p>\n\n\n\n<hr class=\"wp-block-separator has-alpha-channel-opacity\"\/>\n","protected":false},"excerpt":{"rendered":"<p>OEM- Ersatzteile f\u00fcr PKW, NKW und LKW Wir beschaffen u.a. Bremsen, Motorteile, Aufh\u00e4ngungen und Lenkung, Getriebe, K\u00fchlung und Heizung, Elektrik und Beleuchtung, Karosserie und Auspuff, Luftfilter, Kraftstofffilter, \u00d6lfilter, Z\u00fcndkerzen, Auspuffteile, Bremsscheiben, Sto\u00dfd\u00e4mpfer, K\u00fchler, Autobatterien \u2026 Ersatzteile &#8211; Motorenersatzteile f\u00fcr Nutzfahrzeuge &#8211; OEM und Fremdfabrikate In unserem Gesch\u00e4ftsbereich Automotive bieten wir Ersatzteile in Erstausr\u00fcstungsqualit\u00e4t f\u00fcr Lkw, &hellip; <\/p>\n<p class=\"link-more\"><a href=\"https:\/\/blsgruppe.com\/?page_id=435\" class=\"more-link\"><span class=\"screen-reader-text\">\u201eFahrzeuge und Zubeh\u00f6r\u201c<\/span> weiterlesen<\/a><\/p>\n","protected":false},"author":1,"featured_media":0,"parent":0,"menu_order":0,"comment_status":"closed","ping_status":"closed","template":"","meta":{"footnotes":""},"class_list":["post-435","page","type-page","status-publish","hentry"],"_links":{"self":[{"href":"https:\/\/blsgruppe.com\/index.php?rest_route=\/wp\/v2\/pages\/435","targetHints":{"allow":["GET"]}}],"collection":[{"href":"https:\/\/blsgruppe.com\/index.php?rest_route=\/wp\/v2\/pages"}],"about":[{"href":"https:\/\/blsgruppe.com\/index.php?rest_route=\/wp\/v2\/types\/page"}],"author":[{"embeddable":true,"href":"https:\/\/blsgruppe.com\/index.php?rest_route=\/wp\/v2\/users\/1"}],"replies":[{"embeddable":true,"href":"https:\/\/blsgruppe.com\/index.php?rest_route=%2Fwp%2Fv2%2Fcomments&post=435"}],"version-history":[{"count":16,"href":"https:\/\/blsgruppe.com\/index.php?rest_route=\/wp\/v2\/pages\/435\/revisions"}],"predecessor-version":[{"id":2909,"href":"https:\/\/blsgruppe.com\/index.php?rest_route=\/wp\/v2\/pages\/435\/revisions\/2909"}],"wp:attachment":[{"href":"https:\/\/blsgruppe.com\/index.php?rest_route=%2Fwp%2Fv2%2Fmedia&parent=435"}],"curies":[{"name":"wp","href":"https:\/\/api.w.org\/{rel}","templated":true}]}}