{"id":436,"date":"2023-10-03T13:48:36","date_gmt":"2023-10-03T13:48:36","guid":{"rendered":"https:\/\/blsgruppe.com\/?page_id=436"},"modified":"2025-01-16T14:42:24","modified_gmt":"2025-01-16T14:42:24","slug":"spezialfahrzeuge","status":"publish","type":"page","link":"https:\/\/blsgruppe.com\/?page_id=436","title":{"rendered":"Spezialfahrzeuge"},"content":{"rendered":"\n<p style=\"font-size:16px\">Wir beschaffen auf Ihre konkrete Anfrage alle Arten von Spezialfahrzeugen, Ersatzteile und Zubeh\u00f6r. Zu unseren Kunden geh\u00f6ren Einzelkunden, Institutionen, Unternehmen sowie \u00f6ffentliche Auftraggeber.<\/p>\n\n\n\n<figure class=\"wp-block-gallery has-nested-images columns-default is-cropped wp-block-gallery-1 is-layout-flex wp-block-gallery-is-layout-flex\">\n<figure class=\"wp-block-image size-large\"><img loading=\"lazy\" decoding=\"async\" width=\"1024\" height=\"465\" data-id=\"2110\" src=\"https:\/\/blsgruppe.com\/wp-content\/uploads\/2024\/08\/blsgruppe_tatra_special_truck-1024x465.jpg\" alt=\"\" class=\"wp-image-2110\" srcset=\"https:\/\/blsgruppe.com\/wp-content\/uploads\/2024\/08\/blsgruppe_tatra_special_truck-1024x465.jpg 1024w, https:\/\/blsgruppe.com\/wp-content\/uploads\/2024\/08\/blsgruppe_tatra_special_truck-300x136.jpg 300w, https:\/\/blsgruppe.com\/wp-content\/uploads\/2024\/08\/blsgruppe_tatra_special_truck-768x349.jpg 768w, https:\/\/blsgruppe.com\/wp-content\/uploads\/2024\/08\/blsgruppe_tatra_special_truck-517x235.jpg 517w, https:\/\/blsgruppe.com\/wp-content\/uploads\/2024\/08\/blsgruppe_tatra_special_truck.jpg 1383w\" sizes=\"auto, (max-width: 706px) 89vw, (max-width: 767px) 82vw, 740px\" \/><\/figure>\n\n\n\n<figure class=\"wp-block-image size-large\"><img loading=\"lazy\" decoding=\"async\" width=\"574\" height=\"348\" data-id=\"2293\" src=\"https:\/\/blsgruppe.com\/wp-content\/uploads\/2024\/09\/gebraucht_liebherr1450_8_1_for_sale-1024x371-1.jpg\" alt=\"\" class=\"wp-image-2293\" srcset=\"https:\/\/blsgruppe.com\/wp-content\/uploads\/2024\/09\/gebraucht_liebherr1450_8_1_for_sale-1024x371-1.jpg 574w, https:\/\/blsgruppe.com\/wp-content\/uploads\/2024\/09\/gebraucht_liebherr1450_8_1_for_sale-1024x371-1-300x182.jpg 300w\" sizes=\"auto, (max-width: 574px) 100vw, 574px\" \/><\/figure>\n\n\n\n<figure class=\"wp-block-image size-large\"><img loading=\"lazy\" decoding=\"async\" width=\"1011\" height=\"657\" data-id=\"2111\" src=\"https:\/\/blsgruppe.com\/wp-content\/uploads\/2024\/08\/mercedes_arocs.jpg\" alt=\"\" class=\"wp-image-2111\" srcset=\"https:\/\/blsgruppe.com\/wp-content\/uploads\/2024\/08\/mercedes_arocs.jpg 1011w, https:\/\/blsgruppe.com\/wp-content\/uploads\/2024\/08\/mercedes_arocs-300x195.jpg 300w, https:\/\/blsgruppe.com\/wp-content\/uploads\/2024\/08\/mercedes_arocs-768x499.jpg 768w\" sizes=\"auto, (max-width: 706px) 89vw, (max-width: 767px) 82vw, 740px\" \/><\/figure>\n\n\n\n<figure class=\"wp-block-image size-large\"><img loading=\"lazy\" decoding=\"async\" width=\"882\" height=\"617\" data-id=\"1614\" src=\"https:\/\/blsgruppe.com\/wp-content\/uploads\/2024\/06\/beton4.jpg\" alt=\"\" class=\"wp-image-1614\" srcset=\"https:\/\/blsgruppe.com\/wp-content\/uploads\/2024\/06\/beton4.jpg 882w, https:\/\/blsgruppe.com\/wp-content\/uploads\/2024\/06\/beton4-300x210.jpg 300w, https:\/\/blsgruppe.com\/wp-content\/uploads\/2024\/06\/beton4-768x537.jpg 768w\" sizes=\"auto, (max-width: 706px) 89vw, (max-width: 767px) 82vw, 740px\" \/><\/figure>\n\n\n\n<figure class=\"wp-block-image size-large\"><img loading=\"lazy\" decoding=\"async\" width=\"1023\" height=\"530\" data-id=\"2112\" src=\"https:\/\/blsgruppe.com\/wp-content\/uploads\/2024\/08\/titan_spezial_truck.jpg\" alt=\"\" class=\"wp-image-2112\" srcset=\"https:\/\/blsgruppe.com\/wp-content\/uploads\/2024\/08\/titan_spezial_truck.jpg 1023w, https:\/\/blsgruppe.com\/wp-content\/uploads\/2024\/08\/titan_spezial_truck-300x155.jpg 300w, https:\/\/blsgruppe.com\/wp-content\/uploads\/2024\/08\/titan_spezial_truck-768x398.jpg 768w\" sizes=\"auto, (max-width: 706px) 89vw, (max-width: 767px) 82vw, 740px\" \/><\/figure>\n<\/figure>\n\n\n\n<p style=\"font-size:16px\">Ob Radfahrzeuge, Kettenfahrzeuge, Amphibienfahrzeuge, Sicherheitsfahrzeuge, Wasser-, Land- oder Luftfahrzeuge &#8211; wir sind gerne f\u00fcr Sie da. <\/p>\n\n\n\n<p style=\"font-size:16px\">F\u00fcr eventuelle Fragen erreichen Sie uns unter:<\/p>\n\n\n\n<p style=\"font-size:16px\"><strong><a href=\"https:\/\/blsgruppe.com\/?page_id=84\" data-type=\"page\" data-id=\"84\">Kontakt<\/a><\/strong> :<\/p>\n\n\n\n<p style=\"font-size:16px\">Telefon: +49(0)30 92 10 44 485<\/p>\n\n\n\n<p style=\"font-size:16px\">WhatsApp \/ Telegram etc: +491791173621<\/p>\n\n\n\n<figure class=\"wp-block-image size-large\"><img loading=\"lazy\" decoding=\"async\" width=\"1024\" height=\"319\" src=\"https:\/\/blsgruppe.com\/wp-content\/uploads\/2024\/08\/mercedes_military_trucks_gross-1024x319.jpg\" alt=\"\" class=\"wp-image-2116\" srcset=\"https:\/\/blsgruppe.com\/wp-content\/uploads\/2024\/08\/mercedes_military_trucks_gross-1024x319.jpg 1024w, https:\/\/blsgruppe.com\/wp-content\/uploads\/2024\/08\/mercedes_military_trucks_gross-300x93.jpg 300w, https:\/\/blsgruppe.com\/wp-content\/uploads\/2024\/08\/mercedes_military_trucks_gross-768x239.jpg 768w, https:\/\/blsgruppe.com\/wp-content\/uploads\/2024\/08\/mercedes_military_trucks_gross-1536x478.jpg 1536w, https:\/\/blsgruppe.com\/wp-content\/uploads\/2024\/08\/mercedes_military_trucks_gross.jpg 1854w\" sizes=\"auto, (max-width: 706px) 89vw, (max-width: 767px) 82vw, 740px\" \/><\/figure>\n\n\n\n<h2 class=\"wp-block-heading has-medium-font-size\"><strong>Einige Angebote und Beispiele finden Sie hier<\/strong>: <\/h2>\n\n\n\n<ul class=\"wp-block-list has-medium-font-size\">\n<li style=\"font-size:16px\"><a href=\"https:\/\/blsgruppe.com\/?page_id=675\">Baufahrzeuge<\/a><\/li>\n<\/ul>\n\n\n\n<ul class=\"wp-block-list has-medium-font-size\">\n<li style=\"font-size:16px\"><a href=\"https:\/\/blsgruppe.com\/?page_id=734\">Gepanzerte Fahrzeuge \/ Sicherheitsfahrzeuge<\/a><\/li>\n<\/ul>\n\n\n\n<p><\/p>\n","protected":false},"excerpt":{"rendered":"<p>Wir beschaffen auf Ihre konkrete Anfrage alle Arten von Spezialfahrzeugen, Ersatzteile und Zubeh\u00f6r. Zu unseren Kunden geh\u00f6ren Einzelkunden, Institutionen, Unternehmen sowie \u00f6ffentliche Auftraggeber. Ob Radfahrzeuge, Kettenfahrzeuge, Amphibienfahrzeuge, Sicherheitsfahrzeuge, Wasser-, Land- oder Luftfahrzeuge &#8211; wir sind gerne f\u00fcr Sie da. F\u00fcr eventuelle Fragen erreichen Sie uns unter: Kontakt : Telefon: +49(0)30 92 10 44 485 WhatsApp &hellip; <\/p>\n<p class=\"link-more\"><a href=\"https:\/\/blsgruppe.com\/?page_id=436\" class=\"more-link\"><span class=\"screen-reader-text\">\u201eSpezialfahrzeuge\u201c<\/span> weiterlesen<\/a><\/p>\n","protected":false},"author":1,"featured_media":0,"parent":0,"menu_order":0,"comment_status":"closed","ping_status":"closed","template":"","meta":{"footnotes":""},"class_list":["post-436","page","type-page","status-publish","hentry"],"_links":{"self":[{"href":"https:\/\/blsgruppe.com\/index.php?rest_route=\/wp\/v2\/pages\/436","targetHints":{"allow":["GET"]}}],"collection":[{"href":"https:\/\/blsgruppe.com\/index.php?rest_route=\/wp\/v2\/pages"}],"about":[{"href":"https:\/\/blsgruppe.com\/index.php?rest_route=\/wp\/v2\/types\/page"}],"author":[{"embeddable":true,"href":"https:\/\/blsgruppe.com\/index.php?rest_route=\/wp\/v2\/users\/1"}],"replies":[{"embeddable":true,"href":"https:\/\/blsgruppe.com\/index.php?rest_route=%2Fwp%2Fv2%2Fcomments&post=436"}],"version-history":[{"count":23,"href":"https:\/\/blsgruppe.com\/index.php?rest_route=\/wp\/v2\/pages\/436\/revisions"}],"predecessor-version":[{"id":3339,"href":"https:\/\/blsgruppe.com\/index.php?rest_route=\/wp\/v2\/pages\/436\/revisions\/3339"}],"wp:attachment":[{"href":"https:\/\/blsgruppe.com\/index.php?rest_route=%2Fwp%2Fv2%2Fmedia&parent=436"}],"curies":[{"name":"wp","href":"https:\/\/api.w.org\/{rel}","templated":true}]}}