{"id":580,"date":"2023-11-25T12:54:22","date_gmt":"2023-11-25T12:54:22","guid":{"rendered":"https:\/\/blsgruppe.com\/?page_id=580"},"modified":"2024-12-27T11:26:54","modified_gmt":"2024-12-27T11:26:54","slug":"%d8%a7%d9%84%d8%b9%d8%b1%d8%a8%d9%8a%d8%a9","status":"publish","type":"page","link":"https:\/\/blsgruppe.com\/?page_id=580","title":{"rendered":"\u0627\u0644\u0639\u0631\u0628\u064a\u0629"},"content":{"rendered":"\n<p><strong>Fa<\/strong>h<strong>rzeuge, Spezialfahrzeuge und Zubeh\u00f6r, Maschinen &amp; Anlagen, Energieprodukte<\/strong><\/p>\n\n\n\n<p>Herzlich Willkommen bei der Dissenting GmbH, einem in Berlin ans\u00e4ssigen international gut vernetzten Beratungs-, Beschaffungs- und Vermittlungsunternehmen.<\/p>\n\n\n\n<p>Sie m\u00f6chten uns direkt erreichen? Hier finden Sie unsere <a href=\"https:\/\/blsgruppe.com\/?page_id=84\"><strong>Kontaktdaten<\/strong><\/a> .<\/p>\n\n\n\n<hr class=\"wp-block-separator has-alpha-channel-opacity\"\/>\n\n\n\n<h2 class=\"wp-block-heading\"><strong>FAHRZEUGE &amp; ZUBEH\u00d6R<\/strong><\/h2>\n\n\n\n<figure class=\"wp-block-image\"><img loading=\"lazy\" decoding=\"async\" width=\"1024\" height=\"665\" src=\"https:\/\/blsgruppe.com\/wp-content\/uploads\/2024\/08\/cropped-mercedes_arocs-1024x665.jpg\" alt=\"\" class=\"wp-image-2220\" srcset=\"https:\/\/blsgruppe.com\/wp-content\/uploads\/2024\/08\/cropped-mercedes_arocs-1024x665.jpg 1024w, https:\/\/blsgruppe.com\/wp-content\/uploads\/2024\/08\/cropped-mercedes_arocs-300x195.jpg 300w, https:\/\/blsgruppe.com\/wp-content\/uploads\/2024\/08\/cropped-mercedes_arocs-768x499.jpg 768w, https:\/\/blsgruppe.com\/wp-content\/uploads\/2024\/08\/cropped-mercedes_arocs-1536x998.jpg 1536w, https:\/\/blsgruppe.com\/wp-content\/uploads\/2024\/08\/cropped-mercedes_arocs.jpg 2000w\" sizes=\"auto, (max-width: 706px) 89vw, (max-width: 767px) 82vw, 740px\" \/><\/figure>\n\n\n\n<figure class=\"wp-block-image\"><img loading=\"lazy\" decoding=\"async\" width=\"1023\" height=\"530\" src=\"https:\/\/blsgruppe.com\/wp-content\/uploads\/2024\/08\/titan_spezial_truck.jpg\" alt=\"\" class=\"wp-image-2112\" srcset=\"https:\/\/blsgruppe.com\/wp-content\/uploads\/2024\/08\/titan_spezial_truck.jpg 1023w, https:\/\/blsgruppe.com\/wp-content\/uploads\/2024\/08\/titan_spezial_truck-300x155.jpg 300w, https:\/\/blsgruppe.com\/wp-content\/uploads\/2024\/08\/titan_spezial_truck-768x398.jpg 768w\" sizes=\"auto, (max-width: 706px) 89vw, (max-width: 767px) 82vw, 740px\" \/><\/figure>\n\n\n\n<figure class=\"wp-block-image\"><img loading=\"lazy\" decoding=\"async\" width=\"882\" height=\"617\" src=\"https:\/\/blsgruppe.com\/wp-content\/uploads\/2024\/06\/beton4.jpg\" alt=\"\" class=\"wp-image-1614\" srcset=\"https:\/\/blsgruppe.com\/wp-content\/uploads\/2024\/06\/beton4.jpg 882w, https:\/\/blsgruppe.com\/wp-content\/uploads\/2024\/06\/beton4-300x210.jpg 300w, https:\/\/blsgruppe.com\/wp-content\/uploads\/2024\/06\/beton4-768x537.jpg 768w\" sizes=\"auto, (max-width: 706px) 89vw, (max-width: 767px) 82vw, 740px\" \/><\/figure>\n\n\n\n<h2 class=\"wp-block-heading\"><strong>Fahrzeuge und Spezialfahrzeuge<\/strong><\/h2>\n\n\n\n<p>Wir beschaffen u.a. <strong>PKW, LKW, NKW, Krane, Baufahrzeuge, Betonmischer, Kettenfahrzeuge, Zugmaschinen und Trailer<\/strong>, auch f\u00fcr besondere Einsatzzwecke, <strong>Schwertransporter, Amphibienfahrzeuge<\/strong>. Ob <strong>Land-, Luft- oder Seefahrzeuge<\/strong> <strong><a href=\"https:\/\/blsgruppe.com\/?page_id=435\" target=\"_blank\" rel=\"noreferrer noopener\">weiter<\/a><\/strong><\/p>\n\n\n\n<figure class=\"wp-block-image\"><img loading=\"lazy\" decoding=\"async\" width=\"890\" height=\"401\" src=\"https:\/\/blsgruppe.com\/wp-content\/uploads\/2024\/11\/maybach10.jpg\" alt=\"\" class=\"wp-image-2853\" srcset=\"https:\/\/blsgruppe.com\/wp-content\/uploads\/2024\/11\/maybach10.jpg 890w, https:\/\/blsgruppe.com\/wp-content\/uploads\/2024\/11\/maybach10-300x135.jpg 300w, https:\/\/blsgruppe.com\/wp-content\/uploads\/2024\/11\/maybach10-768x346.jpg 768w\" sizes=\"auto, (max-width: 706px) 89vw, (max-width: 767px) 82vw, 740px\" \/><\/figure>\n\n\n\n<p>Aktuelle lieferbar: <strong>Mercedes S680 Maybach Guard<\/strong>, neu<\/p>\n\n\n\n<figure class=\"wp-block-image\"><a href=\"https:\/\/blsgruppe.com\/?page_id=734\" target=\"_blank\" rel=\"noreferrer noopener\"><img loading=\"lazy\" decoding=\"async\" width=\"811\" height=\"437\" src=\"https:\/\/blsgruppe.com\/wp-content\/uploads\/2024\/05\/toyota_landcruiser_security_car.jpg\" alt=\"\" class=\"wp-image-1461\" srcset=\"https:\/\/blsgruppe.com\/wp-content\/uploads\/2024\/05\/toyota_landcruiser_security_car.jpg 811w, https:\/\/blsgruppe.com\/wp-content\/uploads\/2024\/05\/toyota_landcruiser_security_car-300x162.jpg 300w, https:\/\/blsgruppe.com\/wp-content\/uploads\/2024\/05\/toyota_landcruiser_security_car-768x414.jpg 768w\" sizes=\"auto, (max-width: 706px) 89vw, (max-width: 767px) 82vw, 740px\" \/><\/a><\/figure>\n\n\n\n<h2 class=\"wp-block-heading\"><strong>Sicherheitsfahrzeuge<\/strong><\/h2>\n\n\n\n<p><strong>verschiedener Sicherheitsklassen<\/strong> (z.B. <strong>BR6, VR7, VR9<\/strong>) <strong>und Hersteller<\/strong> wie Audi, Mercedes, BMW, RangeRover, Toyota, Cadillac (Limousinen, SUV\u2019s, PickUps, Geldtransporter). beschaffen und liefern wir weltweit. Auf unserer <strong><a href=\"https:\/\/blsgruppe.com\/?page_id=734\" target=\"_blank\" rel=\"noreferrer noopener\">Infoseite<\/a> <\/strong>finden Sie lieferbare Fahrzeuge.<\/p>\n\n\n\n<h2 class=\"wp-block-heading\"><strong>Fahrzeugkauf, Transport und Verschiffung<\/strong><\/h2>\n\n\n\n<p>Wir bieten Ihnen eine <strong>Gesamtl\u00f6sung f\u00fcr Ihre Fahzeugversendung<\/strong>. Ob Fahrzeugtransporter (RoRo) oder Containerverschiffung <strong><a href=\"https:\/\/blsgruppe.com\/?page_id=1966\">weiter<\/a><\/strong><\/p>\n\n\n\n<figure class=\"wp-block-image\"><a href=\"https:\/\/blscharter.de\"><img loading=\"lazy\" decoding=\"async\" width=\"1024\" height=\"451\" src=\"https:\/\/blsgruppe.com\/wp-content\/uploads\/2024\/07\/cartransport_germany_egypt-2-1024x451-1.jpg\" alt=\"\" class=\"wp-image-1972\" srcset=\"https:\/\/blsgruppe.com\/wp-content\/uploads\/2024\/07\/cartransport_germany_egypt-2-1024x451-1.jpg 1024w, https:\/\/blsgruppe.com\/wp-content\/uploads\/2024\/07\/cartransport_germany_egypt-2-1024x451-1-300x132.jpg 300w, https:\/\/blsgruppe.com\/wp-content\/uploads\/2024\/07\/cartransport_germany_egypt-2-1024x451-1-768x338.jpg 768w\" sizes=\"auto, (max-width: 706px) 89vw, (max-width: 767px) 82vw, 740px\" \/><\/a><\/figure>\n\n\n\n<p>.<\/p>\n\n\n\n<figure class=\"wp-block-image\"><img loading=\"lazy\" decoding=\"async\" width=\"1015\" height=\"385\" src=\"https:\/\/blsgruppe.com\/wp-content\/uploads\/2024\/07\/oem_spareparts_for_sale.png\" alt=\"\" class=\"wp-image-1793\" srcset=\"https:\/\/blsgruppe.com\/wp-content\/uploads\/2024\/07\/oem_spareparts_for_sale.png 1015w, https:\/\/blsgruppe.com\/wp-content\/uploads\/2024\/07\/oem_spareparts_for_sale-300x114.png 300w, https:\/\/blsgruppe.com\/wp-content\/uploads\/2024\/07\/oem_spareparts_for_sale-768x291.png 768w\" sizes=\"auto, (max-width: 706px) 89vw, (max-width: 767px) 82vw, 740px\" \/><\/figure>\n\n\n\n<p>Wir liefern <strong>OEM Ersatzteile und Tuningzubeh\u00f6r f\u00fcr PKW, NKW und LKW<\/strong> diverser Marken <strong><a href=\"https:\/\/blsgruppe.com\/?page_id=435\" target=\"_blank\" rel=\"noreferrer noopener\">weiter<\/a><\/strong><\/p>\n\n\n\n<hr class=\"wp-block-separator has-alpha-channel-opacity\"\/>\n\n\n\n<h2 class=\"wp-block-heading\"><strong>Energie<\/strong><\/h2>\n\n\n\n<figure class=\"wp-block-image\"><a href=\"https:\/\/blsgruppe.com\/?page_id=631\" target=\"_blank\" rel=\"noreferrer noopener\"><img loading=\"lazy\" decoding=\"async\" width=\"463\" height=\"291\" src=\"https:\/\/blsgruppe.com\/wp-content\/uploads\/2024\/01\/solarzellen-1024x323-1-1.jpg\" alt=\"Unser Bereich Dissenting Energy liefert paletten- und containerweise Solarpanele diverser Hersteller. Wir sind nicht Markengebunden. Unter anderem liefern wir Solarzellen und Panele der Marken Astronergy, Trina, Canadien, Risen und Tongwei. Auf Wunsch stellen wir auch komplette Insell\u00f6sungen zusammen und \u00fcbernehmen die Planung f\u00fcr Ihr Projekt.\" class=\"wp-image-974\" srcset=\"https:\/\/blsgruppe.com\/wp-content\/uploads\/2024\/01\/solarzellen-1024x323-1-1.jpg 463w, https:\/\/blsgruppe.com\/wp-content\/uploads\/2024\/01\/solarzellen-1024x323-1-1-300x189.jpg 300w\" sizes=\"auto, (max-width: 463px) 100vw, 463px\" \/><\/a><\/figure>\n\n\n\n<h2 class=\"wp-block-heading\"><strong>Solarpanele<\/strong><\/h2>\n\n\n\n<p>Wir liefern <strong>Solarpanele<\/strong> diverser Hersteller <strong>in Gro\u00dfhandelsmengen<\/strong>. Bei Bedarf beschaffen wir auch <strong>komplette Insell\u00f6sungen<\/strong> und \u00fcbernehmen die Planung Ihrer Klein- und Gro\u00dfprojekte <strong><a href=\"https:\/\/blsgruppe.com\/?page_id=631\">weiter<\/a><\/strong><\/p>\n\n\n\n<figure class=\"wp-block-image\"><img loading=\"lazy\" decoding=\"async\" width=\"779\" height=\"215\" src=\"https:\/\/blsgruppe.com\/wp-content\/uploads\/2024\/10\/speicher_neu2_lang.jpg\" alt=\"\" class=\"wp-image-2683\" srcset=\"https:\/\/blsgruppe.com\/wp-content\/uploads\/2024\/10\/speicher_neu2_lang.jpg 779w, https:\/\/blsgruppe.com\/wp-content\/uploads\/2024\/10\/speicher_neu2_lang-300x83.jpg 300w, https:\/\/blsgruppe.com\/wp-content\/uploads\/2024\/10\/speicher_neu2_lang-768x212.jpg 768w\" sizes=\"auto, (max-width: 706px) 89vw, (max-width: 767px) 82vw, 740px\" \/><\/figure>\n\n\n\n<p>Bei der Herstellung von Energie kommt es zu \u00dcberkapazit\u00e4ten. Wertvolle Energieressourcen werden nicht genutzt und k\u00f6nnten zu Peakzeiten verwendet oder verkauft werden. <strong>Wir beschaffen kommerzielle Energiespeichersysteme verschiedener Gr\u00f6\u00dfenordnungen<\/strong>. Von Speicherschr\u00e4nken <strong>bis zu 20\u2033 und 40\u2033 Containersystemen<\/strong>, die kombiniert werden k\u00f6nnen (<strong>Beispiel: 0,5 -1.075 MWh, Temperaturbereich -30 bis +60 Grad, Gr\u00f6\u00dfe: 6096x <em>2438x<\/em> 2896mm<\/strong>) <strong><a href=\"https:\/\/blsgruppe.com\/?page_id=2726\" target=\"_blank\" rel=\"noreferrer noopener\">weiter<\/a><\/strong><\/p>\n\n\n\n<h2 class=\"wp-block-heading\"><strong>Kraftwerke<\/strong><\/h2>\n\n\n\n<p>Wir beschaffen <strong>technisch aktuelle Gas-, \u00d6l- und Kohlekraftwerke<\/strong>. Der gr\u00fcnen Energie, ob Solar- Wind-, Wasserstoff oder Wasserkraft, geh\u00f6rt die Zukunft, doch\u2026 <strong><a href=\"https:\/\/blsgruppe.com\/?page_id=430\">weiter<\/a><\/strong><\/p>\n\n\n\n<figure class=\"wp-block-image\"><a href=\"https:\/\/blsgruppe.com\/?page_id=430\" target=\"_blank\" rel=\"noreferrer noopener\"><img loading=\"lazy\" decoding=\"async\" width=\"704\" height=\"552\" src=\"https:\/\/blsgruppe.com\/wp-content\/uploads\/2024\/01\/kraftwerk-1024x597-1.jpg\" alt=\"Gr\u00fcne Energie, ob Solar- Wind- oder Wasserkraftwerken sind die Zukunft. Trotzdem werden wir noch eine l\u00e4ngere Zeit auf fossile Energietr\u00e4ger zur\u00fcckgreifen m\u00fcssen, um unseren immer gr\u00f6\u00dfer werdenden Strombedarf zu decken. Wir bieten im Kundenauftrag zwei gebrauchte sowie ein noch nie genutztes Gaskraftwerk an. Zwei Kohlekraftwerke, die sich auf dem aktuellen Stand der Technik befinden, runden unser Angebot ab. Eine fachgerechte Demontage und Montage kann organisiert werden. \" class=\"wp-image-922\" srcset=\"https:\/\/blsgruppe.com\/wp-content\/uploads\/2024\/01\/kraftwerk-1024x597-1.jpg 704w, https:\/\/blsgruppe.com\/wp-content\/uploads\/2024\/01\/kraftwerk-1024x597-1-300x235.jpg 300w\" sizes=\"auto, (max-width: 704px) 100vw, 704px\" \/><\/a><\/figure>\n\n\n\n<hr class=\"wp-block-separator has-alpha-channel-opacity\"\/>\n\n\n\n<h2 class=\"wp-block-heading\"><strong>MASCHINEN &amp; ANLAGEN<\/strong><\/h2>\n\n\n\n<h2 class=\"wp-block-heading\"><strong>Gro\u00dfanlagen<\/strong><\/h2>\n\n\n\n<p>Ob Raffinerie, <a href=\"https:\/\/blsgruppe.com\/?page_id=430\" target=\"_blank\" rel=\"noreferrer noopener\">Kraftwerk,<\/a> Recyclinganlage, <a href=\"https:\/\/blsgruppe.com\/?page_id=1997\" target=\"_blank\" rel=\"noreferrer noopener\">Milchverarbeitungsanlage<\/a> oder andere Projekte. Wir vermitteln Anlagen auf bestm\u00f6glichen technischen Stand. Weltweite Demontagen und Montagen <strong><a href=\"https:\/\/blsgruppe.com\/?page_id=84\">weiter<\/a><\/strong><\/p>\n\n\n\n<figure class=\"wp-block-image\"><img loading=\"lazy\" decoding=\"async\" width=\"455\" height=\"518\" src=\"https:\/\/blsgruppe.com\/wp-content\/uploads\/2024\/10\/jenbacher_generator_j624_new.jpg\" alt=\"\" class=\"wp-image-2641\" srcset=\"https:\/\/blsgruppe.com\/wp-content\/uploads\/2024\/10\/jenbacher_generator_j624_new.jpg 455w, https:\/\/blsgruppe.com\/wp-content\/uploads\/2024\/10\/jenbacher_generator_j624_new-264x300.jpg 264w\" sizes=\"auto, (max-width: 455px) 100vw, 455px\" \/><\/figure>\n\n\n\n<figure class=\"wp-block-image\"><a href=\"https:\/\/blsgruppe.com\/?page_id=428\" target=\"_blank\" rel=\"noreferrer noopener\"><img loading=\"lazy\" decoding=\"async\" width=\"1024\" height=\"771\" src=\"https:\/\/blsgruppe.com\/wp-content\/uploads\/2023\/08\/engines_generator_shipdiesel-1024x771.jpg\" alt=\"Wir beschaffen Motoren, Generatoren, Schiffsmotoren sowie deren Ersatzteile. Darunter Marken wie CATERPILLAR, JENBACHER, HYUNDAI-MAN, WARTSILA, CUMMINS, DAIHATSU, YANMAR, MAK, DORMAN, STX MAN, ABB, MTU, ROLLS ROYCE BERGEN, HIMSEN. Aktuelles Verkaufsangebot: Caterpillar 3516C Dieselgenerator. Baujahr 2014, neuwertig, 2500KVA\/ 690V\/ 60Hz. Weitere Marken auf Anfrage.\" class=\"wp-image-343\" srcset=\"https:\/\/blsgruppe.com\/wp-content\/uploads\/2023\/08\/engines_generator_shipdiesel-1024x771.jpg 1024w, https:\/\/blsgruppe.com\/wp-content\/uploads\/2023\/08\/engines_generator_shipdiesel-300x226.jpg 300w, https:\/\/blsgruppe.com\/wp-content\/uploads\/2023\/08\/engines_generator_shipdiesel-768x578.jpg 768w, https:\/\/blsgruppe.com\/wp-content\/uploads\/2023\/08\/engines_generator_shipdiesel.jpg 1084w\" sizes=\"auto, (max-width: 706px) 89vw, (max-width: 767px) 82vw, 740px\" \/><\/a><\/figure>\n\n\n\n<h2 class=\"wp-block-heading\"><strong>Motoren und Generatoren<\/strong><\/h2>\n\n\n\n<p>Wir beschaffen und liefern weltweit <strong>Motoren, Generatoren, Schiffsmotoren und Ersatzteile<\/strong>, u.a. der Marken CATERPILLAR, JENBACHER, HYUNDAI-MAN, WARTSILA, CUMMINS, DAIHATSU, YANMAR, MAK, DORMAN, STX MAN, ABB, MTU, ROLLS ROYCE BERGEN, HIMSEN <strong><a href=\"https:\/\/blsgruppe.com\/?page_id=428\">weiter<\/a><\/strong><\/p>\n\n\n\n<figure class=\"wp-block-image\"><img loading=\"lazy\" decoding=\"async\" width=\"1001\" height=\"349\" src=\"https:\/\/blsgruppe.com\/wp-content\/uploads\/2024\/07\/industriemotore_ersatzteile_start-1-1024x374-1.png\" alt=\"\" class=\"wp-image-1799\" srcset=\"https:\/\/blsgruppe.com\/wp-content\/uploads\/2024\/07\/industriemotore_ersatzteile_start-1-1024x374-1.png 1001w, https:\/\/blsgruppe.com\/wp-content\/uploads\/2024\/07\/industriemotore_ersatzteile_start-1-1024x374-1-300x105.png 300w, https:\/\/blsgruppe.com\/wp-content\/uploads\/2024\/07\/industriemotore_ersatzteile_start-1-1024x374-1-768x268.png 768w\" sizes=\"auto, (max-width: 706px) 89vw, (max-width: 767px) 82vw, 740px\" \/><\/figure>\n\n\n\n<p>\u2026. und beschaffen <strong>Ersatzteile diverser Hersteller<\/strong>, u.a. <strong>f\u00fcr Diesel- und Gasmotoren<\/strong>, Landmaschinenmotoren, Baumaschinenmotoren, Schiffsmotoren, Bergbaumaschinenmotoren, Diesellokomotivenmotoren <strong><a href=\"https:\/\/blsgruppe.com\/?page_id=429\">weiter<\/a><\/strong><\/p>\n\n\n\n<figure class=\"wp-block-image\"><img loading=\"lazy\" decoding=\"async\" width=\"1024\" height=\"139\" src=\"https:\/\/blsgruppe.com\/wp-content\/uploads\/2024\/07\/industriemotore_ersatzteile-1024x139-1.png\" alt=\"\" class=\"wp-image-1800\" srcset=\"https:\/\/blsgruppe.com\/wp-content\/uploads\/2024\/07\/industriemotore_ersatzteile-1024x139-1.png 1024w, https:\/\/blsgruppe.com\/wp-content\/uploads\/2024\/07\/industriemotore_ersatzteile-1024x139-1-300x41.png 300w, https:\/\/blsgruppe.com\/wp-content\/uploads\/2024\/07\/industriemotore_ersatzteile-1024x139-1-768x104.png 768w\" sizes=\"auto, (max-width: 706px) 89vw, (max-width: 767px) 82vw, 740px\" \/><\/figure>\n\n\n\n<h2 class=\"wp-block-heading\"><strong>\u00d6l-, Gas- und Schiffsindustrie<\/strong><\/h2>\n\n\n\n<figure class=\"wp-block-image\"><img loading=\"lazy\" decoding=\"async\" width=\"751\" height=\"501\" src=\"https:\/\/blsgruppe.com\/wp-content\/uploads\/2024\/01\/grossanlagen.jpg\" alt=\"\" class=\"wp-image-932\" srcset=\"https:\/\/blsgruppe.com\/wp-content\/uploads\/2024\/01\/grossanlagen.jpg 751w, https:\/\/blsgruppe.com\/wp-content\/uploads\/2024\/01\/grossanlagen-300x200.jpg 300w\" sizes=\"auto, (max-width: 706px) 89vw, (max-width: 767px) 82vw, 740px\" \/><\/figure>\n\n\n\n<p><strong>Pipelinebau<\/strong>: Wir beschaffen u.a. Piplinerohre, Armaturen sowie Piplineequipment. Wir \u00fcbernehmen die Organisation ganzer Beschaffungsprozesse und erm\u00f6glichen Ihnen eine erfolgreiche Teilnahme an internationalen Ausschreibungen <strong><a href=\"https:\/\/blsgruppe.com\/?page_id=2669\">weiter<\/a><\/strong><\/p>\n\n\n\n<p class=\"has-medium-font-size\">Ob <strong>Pumpen, Krane, \u00d6lplattformen, Oil Drilling Rigs, Rig Equipment, Schlammpumpen, Top Drive oder Bop-Systeme, Marine Automation<\/strong>, kommerzielle <strong>Schiffsausr\u00fcstungen<\/strong> wie Motoren oder <strong>Spezialschiffe<\/strong> \u2013 wir finden und liefern weltweit.<\/p>\n","protected":false},"excerpt":{"rendered":"<p>Fahrzeuge, Spezialfahrzeuge und Zubeh\u00f6r, Maschinen &amp; Anlagen, Energieprodukte Herzlich Willkommen bei der Dissenting GmbH, einem in Berlin ans\u00e4ssigen international gut vernetzten Beratungs-, Beschaffungs- und Vermittlungsunternehmen. Sie m\u00f6chten uns direkt erreichen? Hier finden Sie unsere Kontaktdaten . FAHRZEUGE &amp; ZUBEH\u00d6R Fahrzeuge und Spezialfahrzeuge Wir beschaffen u.a. PKW, LKW, NKW, Krane, Baufahrzeuge, Betonmischer, Kettenfahrzeuge, Zugmaschinen und Trailer, &hellip; <\/p>\n<p class=\"link-more\"><a href=\"https:\/\/blsgruppe.com\/?page_id=580\" class=\"more-link\"><span class=\"screen-reader-text\">\u201e\u0627\u0644\u0639\u0631\u0628\u064a\u0629\u201c<\/span> weiterlesen<\/a><\/p>\n","protected":false},"author":1,"featured_media":0,"parent":0,"menu_order":0,"comment_status":"closed","ping_status":"closed","template":"","meta":{"footnotes":""},"class_list":["post-580","page","type-page","status-publish","hentry"],"_links":{"self":[{"href":"https:\/\/blsgruppe.com\/index.php?rest_route=\/wp\/v2\/pages\/580","targetHints":{"allow":["GET"]}}],"collection":[{"href":"https:\/\/blsgruppe.com\/index.php?rest_route=\/wp\/v2\/pages"}],"about":[{"href":"https:\/\/blsgruppe.com\/index.php?rest_route=\/wp\/v2\/types\/page"}],"author":[{"embeddable":true,"href":"https:\/\/blsgruppe.com\/index.php?rest_route=\/wp\/v2\/users\/1"}],"replies":[{"embeddable":true,"href":"https:\/\/blsgruppe.com\/index.php?rest_route=%2Fwp%2Fv2%2Fcomments&post=580"}],"version-history":[{"count":4,"href":"https:\/\/blsgruppe.com\/index.php?rest_route=\/wp\/v2\/pages\/580\/revisions"}],"predecessor-version":[{"id":3042,"href":"https:\/\/blsgruppe.com\/index.php?rest_route=\/wp\/v2\/pages\/580\/revisions\/3042"}],"wp:attachment":[{"href":"https:\/\/blsgruppe.com\/index.php?rest_route=%2Fwp%2Fv2%2Fmedia&parent=580"}],"curies":[{"name":"wp","href":"https:\/\/api.w.org\/{rel}","templated":true}]}}