{"id":631,"date":"2023-11-25T17:01:19","date_gmt":"2023-11-25T17:01:19","guid":{"rendered":"https:\/\/blsgruppe.com\/?page_id=631"},"modified":"2025-03-10T21:06:07","modified_gmt":"2025-03-10T21:06:07","slug":"solarpanele-pv-anlagen","status":"publish","type":"page","link":"https:\/\/blsgruppe.com\/?page_id=631","title":{"rendered":"Solarpanele \/ PV-Anlagen"},"content":{"rendered":"\n<h1 class=\"wp-block-heading\" style=\"font-size:16px\"><strong>Gro\u00dfhandel von<\/strong> <strong>Solarpanels <\/strong><\/h1>\n\n\n\n<figure class=\"wp-block-image\"><img decoding=\"async\" src=\"https:\/\/blsgruppe.de\/wp-content\/uploads\/2022\/12\/solar_montage.webp\" alt=\"\" class=\"wp-image-1758\"\/><\/figure>\n\n\n\n<p style=\"font-size:16px\">Wir liefern paletten- oder containerweise Solarmodule, u.a. der Marken Longi, Astronergy, Trina, Canadian Solar, Risen und Tongwei in Gro\u00dfhandelsmengen. Sie erreichen uns unter:<\/p>\n\n\n\n<p style=\"font-size:16px\"><strong><a href=\"https:\/\/blsgruppe.com\/?page_id=84\" data-type=\"page\" data-id=\"84\" target=\"_blank\" rel=\"noreferrer noopener\">KONTAKT<\/a><\/strong> +491791173621<\/p>\n\n\n\n<hr class=\"wp-block-separator has-alpha-channel-opacity is-style-wide\"\/>\n\n\n\n<h2 class=\"wp-block-heading\" style=\"font-size:16px\"><strong>Aktuelles Angebot Solarzellen: Longi 420-430W, Preis <\/strong>a.A.<\/h2>\n\n\n\n<p>Alle Preise sind Netto zzgl. Mehrwertsteuer und Transportkosten. Weiteren Informationen erhalten Sie unter info@blsgruppe.de oder +491791173621<\/p>\n\n\n\n<hr class=\"wp-block-separator has-alpha-channel-opacity is-style-wide\"\/>\n\n\n\n<h2 class=\"wp-block-heading\" style=\"font-size:16px\"><strong>Derzeit sind folgende Solarmodule auf Lager:  ASTRONERGY, JA SOLAR, TRINA, BAUER<\/strong><\/h2>\n\n\n\n<ol class=\"wp-block-list\">\n<li>ASTRONERGY<br>Type: all black monofacial<br>Power: 420w<br>Size: 1722x<em>1134<\/em>x30mm<\/li>\n<\/ol>\n\n\n\n<p>2. JA SOLAR<br>Type: sliver frame monofacial<br>Power: 375w-385w<br>Size: 1769x<em>1052<\/em>x35mm<\/p>\n\n\n\n<p>3. TRINA<br>Type: black frame monofacial<br>Power: 410W<br>Size:1762x<em>1134<\/em>x30mm<\/p>\n\n\n\n<p>4. BAUER<br>Type: all black bifacial<br>Power: 400W<br>Size: 1722x<em>1134<\/em>x30mm<\/p>\n\n\n\n<p>Weiteren Informationen erhalten Sie unter  info@blsgruppe.de oder +491791173621<\/p>\n\n\n\n<hr class=\"wp-block-separator has-alpha-channel-opacity is-style-wide\"\/>\n\n\n\n<h2 class=\"wp-block-heading\" style=\"font-size:18px\"><strong>TW\/ Tongwei Solar im 40\u2033 HQ Container<\/strong><\/h2>\n\n\n\n<p style=\"font-size:16px\">Tongwei ist einer der gr\u00f6\u00dften Hersteller f\u00fcr Solarmodule. Die Module sind mit dem Tier-1 Siegel ausgezeichnet, Zeichen f\u00fcr besonders hohe Qualit\u00e4t. Bitte setzen Sie sich mit uns bei Interesse in Verbindung:<\/p>\n\n\n\n<ul class=\"wp-block-list\">\n<li style=\"font-size:16px\"><strong>Tongwei 410\/415w<\/strong>: 936 St\u00fcck \/ 36 St\u00fcck je Palette \/ 26 Paletten.<\/li>\n<\/ul>\n\n\n\n<ul class=\"wp-block-list\">\n<li style=\"font-size:16px\"><strong>Tongwei 460w<\/strong>: 744 Stck \/ 31 St\u00fcck je Palette \/ 24 Paletten.<\/li>\n<\/ul>\n\n\n\n<ul class=\"wp-block-list\">\n<li><strong>Tongwei 550 w<\/strong>: 620 Stck \/ 31 St\u00fcck je Palette \/ 20 Paletten<\/li>\n<\/ul>\n\n\n\n<p style=\"font-size:16px\"><strong>KONTAKT:<\/strong> <\/p>\n\n\n\n<p style=\"font-size:16px\">+ 491791173621 oder <a href=\"mailto:info@blsgruppe.de\">info@blsgruppe.de<\/a><\/p>\n\n\n\n<figure class=\"wp-block-image size-full\"><img loading=\"lazy\" decoding=\"async\" width=\"1024\" height=\"323\" src=\"https:\/\/blsgruppe.com\/wp-content\/uploads\/2023\/05\/solarzellen-1024x323-1.jpg\" alt=\"\" class=\"wp-image-110\" srcset=\"https:\/\/blsgruppe.com\/wp-content\/uploads\/2023\/05\/solarzellen-1024x323-1.jpg 1024w, https:\/\/blsgruppe.com\/wp-content\/uploads\/2023\/05\/solarzellen-1024x323-1-300x95.jpg 300w, https:\/\/blsgruppe.com\/wp-content\/uploads\/2023\/05\/solarzellen-1024x323-1-768x242.jpg 768w\" sizes=\"auto, (max-width: 706px) 89vw, (max-width: 767px) 82vw, 740px\" \/><\/figure>\n\n\n\n<h2 class=\"wp-block-heading\" style=\"font-size:18px\"><strong>Unser Ingenieurb\u00fcro projektiert Ihre Solaranlage(n)<\/strong><\/h2>\n\n\n\n<p style=\"font-size:16px\">Unser Partnerb\u00fcro projektiert und errichtet Solaranlagen und Solarparks in verschiedenen Gr\u00f6\u00dfen. Die Anlagen k\u00f6nnen teilweise f\u00fcr den Auftraggeber durch eine Refinanzierung kostenneutral erstellt werden.<\/p>\n\n\n\n<p style=\"font-size:16px\">Gerne erhalten Sie auf Anfrage dazu weitere Informationen. Wir freuen uns auf einen <strong><a href=\"https:\/\/blsgruppe.com\/?page_id=84\" data-type=\"page\" data-id=\"84\">Kontakt<\/a><\/strong> mit Ihnen.<\/p>\n\n\n\n<hr class=\"wp-block-separator has-alpha-channel-opacity is-style-wide\"\/>\n\n\n\n<p class=\"has-small-font-size\">Hier finden Sie einige interessante Informationen und technische Informationen zur Wirkungsweise von Solarpanelen:<\/p>\n\n\n\n<p class=\"has-small-font-size\">Solarpanels, auch als Photovoltaikmodule bezeichnet, sind Vorrichtungen, die Sonnenlicht in elektrische Energie umwandeln. Sie sind eine Form erneuerbarer Energieerzeugung und spielen eine wichtige Rolle bei der Reduzierung von Umweltauswirkungen und der Abh\u00e4ngigkeit von fossilen Brennstoffen.<\/p>\n\n\n\n<h2 class=\"wp-block-heading\" style=\"font-size:16px\"><strong>Doch wie funktionieren Solarpanels eigentlich<\/strong>:<\/h2>\n\n\n\n<ol class=\"wp-block-list\">\n<li class=\"has-small-font-size\"><strong>Photovoltaischer Effekt<\/strong>: Solarpanels basieren auf dem photovoltaischen Effekt. Dieser Effekt tritt auf, wenn bestimmte Materialien, die als Halbleiter bekannt sind (normalerweise Silizium), Lichtenergie absorbieren und in elektrische Energie umwandeln.<\/li>\n\n\n\n<li class=\"has-small-font-size\"><strong>Absorption von Licht<\/strong>: Die Oberfl\u00e4che eines Solarpanels ist mit winzigen Solarzellen bedeckt, die aus Halbleitermaterialien bestehen. Diese Zellen absorbieren Photonen (Lichtteilchen) aus Sonnenlicht.<\/li>\n\n\n\n<li class=\"has-small-font-size\"><strong>Erzeugung von Elektrizit\u00e4t<\/strong>: Wenn Photonen auf die Solarzellen treffen, geben sie ihre Energie an die Elektronen im Halbleitermaterial ab. Dies f\u00fchrt dazu, dass einige Elektronen aus ihrer normalen Position herausgel\u00f6st werden und sich frei bewegen k\u00f6nnen.<\/li>\n\n\n\n<li class=\"has-small-font-size\"><strong>Erzeugung eines elektrischen Stroms<\/strong>: Die beweglichen Elektronen erzeugen ein elektrisches Feld im Inneren des Halbleiters. Dieses elektrische Feld f\u00fchrt dazu, dass die Elektronen in eine bestimmte Richtung wandern, was letztendlich zu einem Stromfluss f\u00fchrt. Dieser Strom kann dann abgegriffen werden und als elektrische Energie genutzt werden.<\/li>\n\n\n\n<li class=\"has-small-font-size\"><strong>Wechselstromumwandlung<\/strong>: Der erzeugte Gleichstrom (DC) wird normalerweise durch einen Wechselrichter in Wechselstrom (AC) umgewandelt. Wechselstrom ist die Form von Strom, die in den meisten Haushalten und Einrichtungen verwendet wird.<\/li>\n\n\n\n<li class=\"has-small-font-size\"><strong>Energieproduktion und Nutzung<\/strong>: Der erzeugte Wechselstrom kann entweder direkt im Geb\u00e4ude verwendet oder in das \u00f6ffentliche Stromnetz eingespeist werden. In Gebieten mit ausreichend Sonnenlicht k\u00f6nnen Solarpanels erhebliche Mengen an Strom erzeugen, was zu Kosteneinsparungen bei der Stromrechnung und zur Verringerung der Treibhausgasemissionen beitr\u00e4gt.<\/li>\n<\/ol>\n\n\n\n<p class=\"has-small-font-size\">Es gibt verschiedene Arten von Solarpanels, darunter monokristalline, polykristalline und amorphe (d\u00fcnne Schicht) Solarpanels. Jeder Typ hat unterschiedliche Eigenschaften in Bezug auf Effizienz, Kosten und Leistung in verschiedenen Umgebungen. Solarpanels werden auf D\u00e4chern von Geb\u00e4uden, in Solarparks und sogar in tragbaren Ger\u00e4ten eingesetzt, um saubere Energie zu erzeugen.<\/p>\n\n\n\n<hr class=\"wp-block-separator has-alpha-channel-opacity\"\/>\n\n\n\n<h2 class=\"wp-block-heading\">Paneles solares en venta<\/h2>\n\n\n\n<p>Actualmente contamos con paneles solares de las siguientes marcas y fabricantes, entre otros: Astronergy 420\/425 W todo negro \/ Trina 425W marco negro\/ Canadian Solar 540\/959W\/ Risen 660W\/ Tongwei 550W<\/p>\n\n\n\n<hr class=\"wp-block-separator has-alpha-channel-opacity\"\/>\n\n\n\n<h2 class=\"wp-block-heading\">Panneaux solaires \u00e0 vendre<\/h2>\n\n\n\n<p>Nous proposons actuellement des panneaux solaires des marques et fabricants suivants, entre autres : Astronergy 420\/425 W tout noir\/ Trina 425W cadre noir\/ Canadian Solar\/ 540\/959W\/ Risen 660W\/ Tongwei 550W<\/p>\n\n\n\n<hr class=\"wp-block-separator has-alpha-channel-opacity\"\/>\n\n\n\n<h2 class=\"wp-block-heading\">\u0421\u043e\u043b\u043d\u0435\u0447\u043d\u044b\u0435 \u043f\u0430\u043d\u0435\u043b\u0438 \u043d\u0430 \u043f\u0440\u043e\u0434\u0430\u0436\u0443<\/h2>\n\n\n\n<p>\u0412 \u043d\u0430\u0441\u0442\u043e\u044f\u0449\u0435\u0435 \u0432\u0440\u0435\u043c\u044f \u0443 \u043d\u0430\u0441 \u0435\u0441\u0442\u044c \u0441\u043e\u043b\u043d\u0435\u0447\u043d\u044b\u0435 \u043f\u0430\u043d\u0435\u043b\u0438 \u0441\u043b\u0435\u0434\u0443\u044e\u0449\u0438\u0445 \u043c\u0430\u0440\u043e\u043a \u0438 \u043f\u0440\u043e\u0438\u0437\u0432\u043e\u0434\u0438\u0442\u0435\u043b\u0435\u0439, \u0441\u0440\u0435\u0434\u0438 \u043f\u0440\u043e\u0447\u0435\u0433\u043e: Astronergy 420\/425 \u0412\u0442 \u0447\u0435\u0440\u043d\u044b\u0439 \u0432\u0441\u0451\/ Trina 425W \u0447\u0435\u0440\u043d\u044b\u0439 \u0440\u0430\u043c\u043a\u0430\/ Canadian Solar 540\/959 \u0412\u0442\/ Risen 660 \u0412\u0442\/ Tongwei 550 \u0412\u0442<\/p>\n\n\n\n<hr class=\"wp-block-separator has-alpha-channel-opacity\"\/>\n\n\n\n<h2 class=\"wp-block-heading\">\u0623\u0644\u0648\u0627\u062d \u0634\u0645\u0633\u064a\u0629 \u0644\u0644\u0628\u064a\u0639<\/h2>\n\n\n\n<p>\u0646\u062d\u0646 \u062d\u0627\u0644\u064a\u064b\u0627 \u0646\u0642\u062f\u0645 \u0644\u0648\u062d\u0627\u062a \u0634\u0645\u0633\u064a\u0629 \u0645\u0646 \u0627\u0644\u0639\u0644\u0627\u0645\u0627\u062a \u0627\u0644\u062a\u062c\u0627\u0631\u064a\u0629 \u0648\u0627\u0644\u0645\u0635\u0646\u0639\u064a\u0646 \u0627\u0644\u062a\u0627\u0644\u064a\u064a\u0646\u060c \u0645\u0646 \u0628\u064a\u0646\u0647\u0645: <\/p>\n\n\n\n<p>Astronergy 420\/425 \u0648\u0627\u0637 \u0643\u0644\u0647 \u0623\u0633\u0648\u062f<br>\u062a\u0631\u064a\u0646\u0627 425 \u0648\u0627\u0637 \u0625\u0637\u0627\u0631 \u0623\u0633\u0648\u062f<br>Canadian Solar 540\/959 \u0648\u0627\u0637<br>Risen 660 \u0648\u0627\u0637<br>Tongwei 550 \u0648\u0627\u0637<\/p>\n\n\n\n<p><\/p>\n","protected":false},"excerpt":{"rendered":"<p>Gro\u00dfhandel von Solarpanels Wir liefern paletten- oder containerweise Solarmodule, u.a. der Marken Longi, Astronergy, Trina, Canadian Solar, Risen und Tongwei in Gro\u00dfhandelsmengen. Sie erreichen uns unter: KONTAKT +491791173621 Aktuelles Angebot Solarzellen: Longi 420-430W, Preis a.A. Alle Preise sind Netto zzgl. Mehrwertsteuer und Transportkosten. Weiteren Informationen erhalten Sie unter info@blsgruppe.de oder +491791173621 Derzeit sind folgende Solarmodule &hellip; <\/p>\n<p class=\"link-more\"><a href=\"https:\/\/blsgruppe.com\/?page_id=631\" class=\"more-link\"><span class=\"screen-reader-text\">\u201eSolarpanele \/ PV-Anlagen\u201c<\/span> weiterlesen<\/a><\/p>\n","protected":false},"author":1,"featured_media":0,"parent":0,"menu_order":0,"comment_status":"closed","ping_status":"closed","template":"","meta":{"footnotes":""},"class_list":["post-631","page","type-page","status-publish","hentry"],"_links":{"self":[{"href":"https:\/\/blsgruppe.com\/index.php?rest_route=\/wp\/v2\/pages\/631","targetHints":{"allow":["GET"]}}],"collection":[{"href":"https:\/\/blsgruppe.com\/index.php?rest_route=\/wp\/v2\/pages"}],"about":[{"href":"https:\/\/blsgruppe.com\/index.php?rest_route=\/wp\/v2\/types\/page"}],"author":[{"embeddable":true,"href":"https:\/\/blsgruppe.com\/index.php?rest_route=\/wp\/v2\/users\/1"}],"replies":[{"embeddable":true,"href":"https:\/\/blsgruppe.com\/index.php?rest_route=%2Fwp%2Fv2%2Fcomments&post=631"}],"version-history":[{"count":37,"href":"https:\/\/blsgruppe.com\/index.php?rest_route=\/wp\/v2\/pages\/631\/revisions"}],"predecessor-version":[{"id":3401,"href":"https:\/\/blsgruppe.com\/index.php?rest_route=\/wp\/v2\/pages\/631\/revisions\/3401"}],"wp:attachment":[{"href":"https:\/\/blsgruppe.com\/index.php?rest_route=%2Fwp%2Fv2%2Fmedia&parent=631"}],"curies":[{"name":"wp","href":"https:\/\/api.w.org\/{rel}","templated":true}]}}