{"id":84,"date":"2023-05-04T13:01:07","date_gmt":"2023-05-04T13:01:07","guid":{"rendered":"https:\/\/blsgruppe.com\/?page_id=84"},"modified":"2025-11-19T08:39:15","modified_gmt":"2025-11-19T08:39:15","slug":"contact","status":"publish","type":"page","link":"https:\/\/blsgruppe.com\/?page_id=84","title":{"rendered":"KONTAKT"},"content":{"rendered":"\n<figure class=\"wp-block-image size-full\"><img loading=\"lazy\" decoding=\"async\" width=\"1024\" height=\"397\" src=\"https:\/\/blsgruppe.com\/wp-content\/uploads\/2023\/12\/kontaktbild-1024x397-1.jpg\" alt=\"\" class=\"wp-image-858\" srcset=\"https:\/\/blsgruppe.com\/wp-content\/uploads\/2023\/12\/kontaktbild-1024x397-1.jpg 1024w, https:\/\/blsgruppe.com\/wp-content\/uploads\/2023\/12\/kontaktbild-1024x397-1-300x116.jpg 300w, https:\/\/blsgruppe.com\/wp-content\/uploads\/2023\/12\/kontaktbild-1024x397-1-768x298.jpg 768w\" sizes=\"auto, (max-width: 706px) 89vw, (max-width: 767px) 82vw, 740px\" \/><\/figure>\n\n\n\n<h2 class=\"wp-block-heading\" style=\"font-size:16px\">Sie erreichen unser B\u00fcro zu den \u00fcblichen Gesch\u00e4ftszeiten, von Montag bis Samstag, unter den folgenden Kontaktm\u00f6glichkeiten:<\/h2>\n\n\n\n<h2 class=\"wp-block-heading\" style=\"font-size:16px\">You can reach our office during regular business hours, from Monday to Saturday, via the following contact options: <\/h2>\n\n\n\n<p style=\"font-size:18px\"><strong>B\u00fcro\/ Office<\/strong>:<\/p>\n\n\n\n<p style=\"font-size:16px\">T: +49(0)30921044481<\/p>\n\n\n\n<p style=\"font-size:16px\">WhatsApp\/Signal\/Telegram: +49(0)15784645566<\/p>\n\n\n\n<p>M: info@blsgrupppe.com<\/p>\n\n\n\n<hr class=\"wp-block-separator has-alpha-channel-opacity is-style-wide\"\/>\n\n\n\n<figure class=\"wp-block-image size-full is-resized\"><img loading=\"lazy\" decoding=\"async\" width=\"1015\" height=\"497\" src=\"https:\/\/blsgruppe.com\/wp-content\/uploads\/2025\/01\/spareparts_start.png\" alt=\"\" class=\"wp-image-3288\" style=\"width:447px;height:auto\" srcset=\"https:\/\/blsgruppe.com\/wp-content\/uploads\/2025\/01\/spareparts_start.png 1015w, https:\/\/blsgruppe.com\/wp-content\/uploads\/2025\/01\/spareparts_start-300x147.png 300w, https:\/\/blsgruppe.com\/wp-content\/uploads\/2025\/01\/spareparts_start-768x376.png 768w\" sizes=\"auto, (max-width: 706px) 89vw, (max-width: 767px) 82vw, 740px\" \/><\/figure>\n\n\n\n<p style=\"font-size:18px\"><strong>Fahrzeuge, Spezialfahrzeuge &amp; Zubeh\u00f6r<\/strong> \/ <strong>Vehicles, Special Purpose Vehicles &amp; Spare Parts:<\/strong><\/p>\n\n\n\n<p style=\"font-size:16px\">T: +49(0)309210444811<\/p>\n\n\n\n<hr class=\"wp-block-separator has-alpha-channel-opacity is-style-wide\"\/>\n\n\n\n<figure class=\"wp-block-image size-full\"><img loading=\"lazy\" decoding=\"async\" width=\"463\" height=\"291\" src=\"https:\/\/blsgruppe.com\/wp-content\/uploads\/2024\/01\/solarzellen-1024x323-1-1.jpg\" alt=\"\" class=\"wp-image-974\" srcset=\"https:\/\/blsgruppe.com\/wp-content\/uploads\/2024\/01\/solarzellen-1024x323-1-1.jpg 463w, https:\/\/blsgruppe.com\/wp-content\/uploads\/2024\/01\/solarzellen-1024x323-1-1-300x189.jpg 300w\" sizes=\"auto, (max-width: 463px) 100vw, 463px\" \/><\/figure>\n\n\n\n<p style=\"font-size:18px\"><strong>Energieanlagen und Energiespeicher \/ Energy Systems and Storage: <\/strong><\/p>\n\n\n\n<p style=\"font-size:16px\">T: +49(0)309210444812<\/p>\n\n\n\n<hr class=\"wp-block-separator has-alpha-channel-opacity is-style-wide\"\/>\n\n\n\n<figure class=\"wp-block-image size-full is-resized\"><img loading=\"lazy\" decoding=\"async\" width=\"1024\" height=\"374\" src=\"https:\/\/blsgruppe.com\/wp-content\/uploads\/2023\/10\/industriemotore_ersatzteile_start-1-1024x374-1.png\" alt=\"\" class=\"wp-image-409\" style=\"width:466px;height:auto\" srcset=\"https:\/\/blsgruppe.com\/wp-content\/uploads\/2023\/10\/industriemotore_ersatzteile_start-1-1024x374-1.png 1024w, https:\/\/blsgruppe.com\/wp-content\/uploads\/2023\/10\/industriemotore_ersatzteile_start-1-1024x374-1-300x110.png 300w, https:\/\/blsgruppe.com\/wp-content\/uploads\/2023\/10\/industriemotore_ersatzteile_start-1-1024x374-1-768x281.png 768w\" sizes=\"auto, (max-width: 706px) 89vw, (max-width: 767px) 82vw, 740px\" \/><\/figure>\n\n\n\n<p style=\"font-size:18px\"><strong>Maschinen &amp; Anlagen \/ Machines &amp; Systems:<\/strong><\/p>\n\n\n\n<p style=\"font-size:16px\">T: +49(0)309210444813<\/p>\n\n\n\n<hr class=\"wp-block-separator has-alpha-channel-opacity\"\/>\n\n\n\n<p>Oder nutzen Sie unser Kontaktformular \/  Or use our contact form:<\/p>\n\n\n\n<div class=\"wp-block-contact-form-7-contact-form-selector\">\n<div class=\"wpcf7 no-js\" id=\"wpcf7-f856-o1\" lang=\"de-DE\" dir=\"ltr\" data-wpcf7-id=\"856\">\n<div class=\"screen-reader-response\"><p role=\"status\" aria-live=\"polite\" aria-atomic=\"true\"><\/p> <ul><\/ul><\/div>\n<form action=\"\/index.php?rest_route=%2Fwp%2Fv2%2Fpages%2F84#wpcf7-f856-o1\" method=\"post\" class=\"wpcf7-form init\" aria-label=\"Kontaktformular\" novalidate=\"novalidate\" data-status=\"init\">\n<fieldset class=\"hidden-fields-container\"><input type=\"hidden\" name=\"_wpcf7\" value=\"856\" \/><input type=\"hidden\" name=\"_wpcf7_version\" value=\"6.1.5\" \/><input type=\"hidden\" name=\"_wpcf7_locale\" value=\"de_DE\" \/><input type=\"hidden\" name=\"_wpcf7_unit_tag\" value=\"wpcf7-f856-o1\" \/><input type=\"hidden\" name=\"_wpcf7_container_post\" value=\"0\" \/><input type=\"hidden\" name=\"_wpcf7_posted_data_hash\" value=\"\" \/>\n<\/fieldset>\n<p><label> Ihr Name<br \/>\n<span class=\"wpcf7-form-control-wrap\" data-name=\"your-name\"><input size=\"40\" maxlength=\"400\" class=\"wpcf7-form-control wpcf7-text wpcf7-validates-as-required\" autocomplete=\"name\" aria-required=\"true\" aria-invalid=\"false\" value=\"\" type=\"text\" name=\"your-name\" \/><\/span> <\/label>\n<\/p>\n<p><label> Ihre E-Mail-Adresse<br \/>\n<span class=\"wpcf7-form-control-wrap\" data-name=\"your-email\"><input size=\"40\" maxlength=\"400\" class=\"wpcf7-form-control wpcf7-email wpcf7-validates-as-required wpcf7-text wpcf7-validates-as-email\" autocomplete=\"email\" aria-required=\"true\" aria-invalid=\"false\" value=\"\" type=\"email\" name=\"your-email\" \/><\/span> <\/label>\n<\/p>\n<p><label> Betreff<br \/>\n<span class=\"wpcf7-form-control-wrap\" data-name=\"your-subject\"><input size=\"40\" maxlength=\"400\" class=\"wpcf7-form-control wpcf7-text wpcf7-validates-as-required\" aria-required=\"true\" aria-invalid=\"false\" value=\"\" type=\"text\" name=\"your-subject\" \/><\/span> <\/label>\n<\/p>\n<p><label> Ihre Nachricht (optional)<br \/>\n<span class=\"wpcf7-form-control-wrap\" data-name=\"your-message\"><textarea cols=\"40\" rows=\"10\" maxlength=\"2000\" class=\"wpcf7-form-control wpcf7-textarea\" aria-invalid=\"false\" name=\"your-message\"><\/textarea><\/span> <\/label>\n<\/p>\n<p><input class=\"wpcf7-form-control wpcf7-submit has-spinner\" type=\"submit\" value=\"Senden\" \/>\n<\/p><div class=\"wpcf7-response-output\" aria-hidden=\"true\"><\/div>\n<\/form>\n<\/div>\n<\/div>\n\n\n\n<hr class=\"wp-block-separator has-alpha-channel-opacity\"\/>\n\n\n\n<p style=\"font-size:16px\">Puede contactar con nuestra oficina durante el horario comercial habitual, de lunes a s\u00e1bado, a trav\u00e9s de las siguientes opciones de contacto\/ Vous pouvez joindre notre bureau pendant les heures ouvrables habituelles, du lundi au samedi, via les options de contact suivantes\/ \u0412\u044b \u043c\u043e\u0436\u0435\u0442\u0435 \u0441\u0432\u044f\u0437\u0430\u0442\u044c\u0441\u044f \u0441 \u043d\u0430\u0448\u0438\u043c \u043e\u0444\u0438\u0441\u043e\u043c \u0432 \u043e\u0431\u044b\u0447\u043d\u044b\u0435 \u0440\u0430\u0431\u043e\u0447\u0438\u0435 \u0447\u0430\u0441\u044b, \u0441 \u043f\u043e\u043d\u0435\u0434\u0435\u043b\u044c\u043d\u0438\u043a\u0430 \u043f\u043e \u0441\u0443\u0431\u0431\u043e\u0442\u0443, \u043f\u043e \u0441\u043b\u0435\u0434\u0443\u044e\u0449\u0438\u043c \u043a\u043e\u043d\u0442\u0430\u043a\u0442\u043d\u044b\u043c \u0434\u0430\u043d\u043d\u044b\u043c\/ \u064a\u0645\u0643\u0646\u0643 \u0627\u0644\u0648\u0635\u0648\u0644 \u0625\u0644\u0649 \u0645\u0643\u062a\u0628\u0646\u0627 \u062e\u0644\u0627\u0644 \u0633\u0627\u0639\u0627\u062a \u0627\u0644\u0639\u0645\u0644 \u0627\u0644\u0645\u0639\u062a\u0627\u062f\u0629\u060c \u0645\u0646 \u0627\u0644\u0627\u062b\u0646\u064a\u0646 \u0625\u0644\u0649 \u0627\u0644\u0633\u0628\u062a\u060c \u0639\u0628\u0631 \u0637\u0631\u0642 \u0627\u0644\u0627\u062a\u0635\u0627\u0644 \u0627\u0644\u062a\u0627\u0644\u064a\u0629:<\/p>\n\n\n\n<p>Tel.: +49(0)3012166807 \/ Tel.: +49(0)30921044481 \/ WApp: +4915784645566 \/ WApp +491744777701 : <strong>\u0627\u0644\u0639\u0631\u0628\u064a\u0629<\/strong><\/p>\n\n\n\n<p style=\"font-size:16px\">E-Mail: <a href=\"mailto:info@blsgruppe.de\" target=\"_blank\" rel=\"noreferrer noopener\">info@blsgruppe.de<\/a><\/p>\n","protected":false},"excerpt":{"rendered":"<p>Sie erreichen unser B\u00fcro zu den \u00fcblichen Gesch\u00e4ftszeiten, von Montag bis Samstag, unter den folgenden Kontaktm\u00f6glichkeiten: You can reach our office during regular business hours, from Monday to Saturday, via the following contact options: B\u00fcro\/ Office: T: +49(0)30921044481 WhatsApp\/Signal\/Telegram: +49(0)15784645566 M: info@blsgrupppe.com Fahrzeuge, Spezialfahrzeuge &amp; Zubeh\u00f6r \/ Vehicles, Special Purpose Vehicles &amp; Spare Parts: T: &hellip; <\/p>\n<p class=\"link-more\"><a href=\"https:\/\/blsgruppe.com\/?page_id=84\" class=\"more-link\"><span class=\"screen-reader-text\">\u201eKONTAKT\u201c<\/span> weiterlesen<\/a><\/p>\n","protected":false},"author":1,"featured_media":0,"parent":0,"menu_order":0,"comment_status":"closed","ping_status":"closed","template":"","meta":{"footnotes":""},"class_list":["post-84","page","type-page","status-publish","hentry"],"_links":{"self":[{"href":"https:\/\/blsgruppe.com\/index.php?rest_route=\/wp\/v2\/pages\/84","targetHints":{"allow":["GET"]}}],"collection":[{"href":"https:\/\/blsgruppe.com\/index.php?rest_route=\/wp\/v2\/pages"}],"about":[{"href":"https:\/\/blsgruppe.com\/index.php?rest_route=\/wp\/v2\/types\/page"}],"author":[{"embeddable":true,"href":"https:\/\/blsgruppe.com\/index.php?rest_route=\/wp\/v2\/users\/1"}],"replies":[{"embeddable":true,"href":"https:\/\/blsgruppe.com\/index.php?rest_route=%2Fwp%2Fv2%2Fcomments&post=84"}],"version-history":[{"count":68,"href":"https:\/\/blsgruppe.com\/index.php?rest_route=\/wp\/v2\/pages\/84\/revisions"}],"predecessor-version":[{"id":3532,"href":"https:\/\/blsgruppe.com\/index.php?rest_route=\/wp\/v2\/pages\/84\/revisions\/3532"}],"wp:attachment":[{"href":"https:\/\/blsgruppe.com\/index.php?rest_route=%2Fwp%2Fv2%2Fmedia&parent=84"}],"curies":[{"name":"wp","href":"https:\/\/api.w.org\/{rel}","templated":true}]}}